{"id":6736,"date":"2024-06-24T16:52:16","date_gmt":"2024-06-24T14:52:16","guid":{"rendered":"https:\/\/www.iltemporale.it\/it\/?page_id=6736"},"modified":"2025-12-11T19:12:21","modified_gmt":"2025-12-11T18:12:21","slug":"docente-violoncello","status":"publish","type":"page","link":"https:\/\/www.iltemporale.it\/it\/docente-violoncello\/","title":{"rendered":"Docente violoncello"},"content":{"rendered":"\n<div style=\"height:100px\" aria-hidden=\"true\" class=\"wp-block-spacer\"><\/div>\n\n\n\n<h2 class=\"wp-block-heading\">Docente di violoncello Elisa Segurini<\/h2>\n\n\n\n<div style=\"height:60px\" aria-hidden=\"true\" class=\"wp-block-spacer\"><\/div>\n\n\n\n<div class=\"wp-block-media-text is-stacked-on-mobile\" style=\"grid-template-columns:31% auto\"><figure class=\"wp-block-media-text__media\"><img loading=\"lazy\" decoding=\"async\" width=\"498\" height=\"886\" src=\"https:\/\/www.iltemporale.it\/it\/wp-content\/uploads\/2025\/11\/Elisa-Segurini_insegnante-violoncello.jpg\" alt=\"\" class=\"wp-image-7359 size-full\" srcset=\"https:\/\/www.iltemporale.it\/it\/wp-content\/uploads\/2025\/11\/Elisa-Segurini_insegnante-violoncello.jpg 498w, https:\/\/www.iltemporale.it\/it\/wp-content\/uploads\/2025\/11\/Elisa-Segurini_insegnante-violoncello-169x300.jpg 169w\" sizes=\"auto, (max-width: 498px) 100vw, 498px\" \/><\/figure><div class=\"wp-block-media-text__content\">\n<p class=\"has-black-color has-text-color has-link-color wp-elements-50ab6fdca3cf45ba43c26f3ad8ca9d06\" style=\"font-size:26px\">Diplomata in violoncello al Conservatorio \u201cG.B. Martini\u201d di Bologna nel 2000 si \u00e8 poi perfezionata con Marianne Chen, Boris Baratz e Teodora Campagnaro. Nel 2004 e nel 2005 ha seguito il \u201cLaboratorio per l\u2019opera e la musica barocca\u201d (corso di violoncello barocco) col m\u00b0 Mauro Valli a Bazzano (Bo)<\/p>\n<\/div><\/div>\n\n\n\n<div style=\"height:60px\" aria-hidden=\"true\" class=\"wp-block-spacer\"><\/div>\n\n\n\n<p class=\"has-black-color has-text-color has-link-color wp-elements-c18c7afed97827659a1cf3b427245902\" style=\"font-size:17px\">Nel 2007 ha conseguito con lode, la laurea di 2\u00b0 livello in musica da camera presso il Conservatorio B. Maderna di Cesena. Con l\u2019 Orchestra Giovanile Italiana (2000-2001) ha eseguito numerosi concerti sinfonici in tutta Italia sotto la direzione di maestri come G.G. Rath, G. Ferro, L. Baghdassarian e Y. Ahronovitch.<\/p>\n\n\n\n<p class=\"has-black-color has-text-color has-link-color wp-elements-8cc3f67fa5ee175eb37107d81d380a4c\" style=\"font-size:17px\">Numerosi i gruppi cameristici coi quali ha collaborato: Trio Calliope, Quartetto Lumiere, Quartetto Alea, Quartetto Mercurio e Quartetto Pegaso. La sua attivit\u00e0 artistica spazia anche nel panorama della musica Pop: ha suonato in tour con Raf nel 2001, in tour con Nair nel 2004 e al Festival di San Remo nel 2007.<\/p>\n\n\n\n<p class=\"has-black-color has-text-color has-link-color wp-elements-6ab1c8819322c536d8bb401a2b1304c9\" style=\"font-size:17px\">Tra il 2000 e il 2012 ha collaborato con diverse orchestre Italiane tra le quali: Orchestra Citt\u00e0 di Ravenna, Orchestra B.Maderna di Forl\u00ec, Orchestra Citt\u00e0 di Ferrara, Orchestra Filarmonica Italiana, Orchestra Filarmonica Emiliana, Orchestra Filarmonia Veneta Malipiero (Treviso), Ente Concerti \u201cMarialisa De Carolis\u201d (Sassari), Orchestra Sinfonica Rossini di Pesaro e Orchestra Sinfonica di San Remo. Tra il 2013 e il 2022 ha vissuto a Parigi dove si \u00e8 dedicata all\u2019insegnamento del violoncello per varie scuole di musica, tra le quali il conservatorio di Jouars Pontchartrain ed \u00e8 entrata a far parte della squadra dei professori del PSM del conservatorio Poulenc di Parigi. Ha inoltre fondato il Trio Minuetto, un trio atipico con violino e flauto. Rientrata in Italia nel 2022, continua tuttora ad insegnare violoncello per varie associazioni di musica del territorio.<\/p>\n\n\n\n<div style=\"height:46px\" aria-hidden=\"true\" class=\"wp-block-spacer\"><\/div>\n\n\n\n<blockquote class=\"wp-block-quote is-layout-flow wp-block-quote-is-layout-flow\">\n<p class=\"has-black-color has-text-color has-link-color wp-elements-e8e0b878fb783b85bfa5dca495602452\" style=\"font-size:16px\"><em><strong>Dopo tanti anni di esperienza come insegnante di violoncello, in ogni fascia d&#8217;et\u00e0, nel mio corso cerco di capire l&#8217;allievo e tirar fuori la sua musicalit\u00e0, seguendo la sua naturale predisposizione e il suo gusto. Ognuno di noi vibra meglio con un certo tipo di repertorio e io cerco di andargli incontro, pur lavorando il lato tecnico con rigore.&nbsp; Si pu\u00f2 iniziare a studiare violoncello con me a partire dai 6 anni.<\/strong><\/em><\/p>\n<\/blockquote>\n\n\n\n<div style=\"height:46px\" aria-hidden=\"true\" class=\"wp-block-spacer\"><\/div>\n\n\n\n<p class=\"has-text-align-center\">TUTTI I&nbsp;<a href=\"http:\/\/www.iltemporale.it\/it\/corsi-di-musica-e-canto\/\">CORSI DELLA SCUOLA DI MUSICA<\/a>&nbsp;IL TEMPORALE<\/p>\n\n\n\n<div style=\"height:100px\" aria-hidden=\"true\" class=\"wp-block-spacer\"><\/div>\n\n\n","protected":false},"excerpt":{"rendered":"<p>Docente di violoncello Elisa Segurini Diplomata in violoncello al Conservatorio \u201cG.B. Martini\u201d di Bologna nel 2000 si \u00e8 poi perfezionata con Marianne Chen, Boris Baratz e Teodora Campagnaro. Nel 2004 [&hellip;]<\/p>\n","protected":false},"author":1,"featured_media":0,"parent":0,"menu_order":0,"comment_status":"closed","ping_status":"closed","template":"","meta":{"site-sidebar-layout":"default","site-content-layout":"","ast-site-content-layout":"default","site-content-style":"default","site-sidebar-style":"default","ast-global-header-display":"","ast-banner-title-visibility":"","ast-main-header-display":"","ast-hfb-above-header-display":"","ast-hfb-below-header-display":"","ast-hfb-mobile-header-display":"","site-post-title":"disabled","ast-breadcrumbs-content":"","ast-featured-img":"","footer-sml-layout":"","ast-disable-related-posts":"","theme-transparent-header-meta":"","adv-header-id-meta":"","stick-header-meta":"","header-above-stick-meta":"","header-main-stick-meta":"","header-below-stick-meta":"","astra-migrate-meta-layouts":"default","ast-page-background-enabled":"default","ast-page-background-meta":{"desktop":{"background-color":"var(--ast-global-color-5)","background-image":"","background-repeat":"repeat","background-position":"center center","background-size":"auto","background-attachment":"scroll","background-type":"","background-media":"","overlay-type":"","overlay-color":"","overlay-opacity":"","overlay-gradient":""},"tablet":{"background-color":"","background-image":"","background-repeat":"repeat","background-position":"center center","background-size":"auto","background-attachment":"scroll","background-type":"","background-media":"","overlay-type":"","overlay-color":"","overlay-opacity":"","overlay-gradient":""},"mobile":{"background-color":"","background-image":"","background-repeat":"repeat","background-position":"center center","background-size":"auto","background-attachment":"scroll","background-type":"","background-media":"","overlay-type":"","overlay-color":"","overlay-opacity":"","overlay-gradient":""}},"ast-content-background-meta":{"desktop":{"background-color":"var(--ast-global-color-4)","background-image":"","background-repeat":"repeat","background-position":"center center","background-size":"auto","background-attachment":"scroll","background-type":"","background-media":"","overlay-type":"","overlay-color":"","overlay-opacity":"","overlay-gradient":""},"tablet":{"background-color":"var(--ast-global-color-4)","background-image":"","background-repeat":"repeat","background-position":"center center","background-size":"auto","background-attachment":"scroll","background-type":"","background-media":"","overlay-type":"","overlay-color":"","overlay-opacity":"","overlay-gradient":""},"mobile":{"background-color":"var(--ast-global-color-4)","background-image":"","background-repeat":"repeat","background-position":"center center","background-size":"auto","background-attachment":"scroll","background-type":"","background-media":"","overlay-type":"","overlay-color":"","overlay-opacity":"","overlay-gradient":""}},"footnotes":""},"class_list":["post-6736","page","type-page","status-publish","hentry"],"yoast_head":"<!-- This site is optimized with the Yoast SEO plugin v27.3 - https:\/\/yoast.com\/product\/yoast-seo-wordpress\/ -->\r\n<title>Docente violoncello -<\/title>\r\n<meta name=\"description\" content=\"Docente di violoncello Marianna Finarelli presso la scuola di musica Il Temporale di Bentivoglio a Bologna\" \/>\r\n<meta name=\"robots\" content=\"index, follow, max-snippet:-1, max-image-preview:large, max-video-preview:-1\" \/>\r\n<link rel=\"canonical\" href=\"https:\/\/www.iltemporale.it\/it\/docente-violoncello\/\" \/>\r\n<meta property=\"og:locale\" content=\"it_IT\" \/>\r\n<meta property=\"og:type\" content=\"article\" \/>\r\n<meta property=\"og:title\" content=\"Docente violoncello -\" \/>\r\n<meta property=\"og:description\" content=\"Docente di violoncello Marianna Finarelli presso la scuola di musica Il Temporale di Bentivoglio a Bologna\" \/>\r\n<meta property=\"og:url\" content=\"https:\/\/www.iltemporale.it\/it\/docente-violoncello\/\" \/>\r\n<meta property=\"article:publisher\" content=\"https:\/\/www.facebook.com\/pages\/category\/Nonprofit-Organization\/ASSOCIAZIONE-CULTURALE-IL-TEMPORALE-140967012635154\/\" \/>\r\n<meta property=\"article:modified_time\" content=\"2025-12-11T18:12:21+00:00\" \/>\r\n<meta property=\"og:image\" content=\"https:\/\/www.iltemporale.it\/it\/wp-content\/uploads\/2025\/11\/Elisa-Segurini_insegnante-violoncello.jpg\" \/>\r\n\t<meta property=\"og:image:width\" content=\"498\" \/>\r\n\t<meta property=\"og:image:height\" content=\"886\" \/>\r\n\t<meta property=\"og:image:type\" content=\"image\/jpeg\" \/>\r\n<meta name=\"twitter:card\" content=\"summary_large_image\" \/>\r\n<meta name=\"twitter:label1\" content=\"Tempo di lettura stimato\" \/>\n\t<meta name=\"twitter:data1\" content=\"2 minuti\" \/>\r\n<script type=\"application\/ld+json\" class=\"yoast-schema-graph\">{\"@context\":\"https:\\\/\\\/schema.org\",\"@graph\":[{\"@type\":\"WebPage\",\"@id\":\"https:\\\/\\\/www.iltemporale.it\\\/it\\\/docente-violoncello\\\/\",\"url\":\"https:\\\/\\\/www.iltemporale.it\\\/it\\\/docente-violoncello\\\/\",\"name\":\"Docente violoncello -\",\"isPartOf\":{\"@id\":\"https:\\\/\\\/www.iltemporale.it\\\/it\\\/#website\"},\"primaryImageOfPage\":{\"@id\":\"https:\\\/\\\/www.iltemporale.it\\\/it\\\/docente-violoncello\\\/#primaryimage\"},\"image\":{\"@id\":\"https:\\\/\\\/www.iltemporale.it\\\/it\\\/docente-violoncello\\\/#primaryimage\"},\"thumbnailUrl\":\"https:\\\/\\\/www.iltemporale.it\\\/it\\\/wp-content\\\/uploads\\\/2025\\\/11\\\/Elisa-Segurini_insegnante-violoncello.jpg\",\"datePublished\":\"2024-06-24T14:52:16+00:00\",\"dateModified\":\"2025-12-11T18:12:21+00:00\",\"description\":\"Docente di violoncello Marianna Finarelli presso la scuola di musica Il Temporale di Bentivoglio a Bologna\",\"breadcrumb\":{\"@id\":\"https:\\\/\\\/www.iltemporale.it\\\/it\\\/docente-violoncello\\\/#breadcrumb\"},\"inLanguage\":\"it-IT\",\"potentialAction\":[{\"@type\":\"ReadAction\",\"target\":[\"https:\\\/\\\/www.iltemporale.it\\\/it\\\/docente-violoncello\\\/\"]}]},{\"@type\":\"ImageObject\",\"inLanguage\":\"it-IT\",\"@id\":\"https:\\\/\\\/www.iltemporale.it\\\/it\\\/docente-violoncello\\\/#primaryimage\",\"url\":\"https:\\\/\\\/www.iltemporale.it\\\/it\\\/wp-content\\\/uploads\\\/2025\\\/11\\\/Elisa-Segurini_insegnante-violoncello.jpg\",\"contentUrl\":\"https:\\\/\\\/www.iltemporale.it\\\/it\\\/wp-content\\\/uploads\\\/2025\\\/11\\\/Elisa-Segurini_insegnante-violoncello.jpg\",\"width\":498,\"height\":886},{\"@type\":\"BreadcrumbList\",\"@id\":\"https:\\\/\\\/www.iltemporale.it\\\/it\\\/docente-violoncello\\\/#breadcrumb\",\"itemListElement\":[{\"@type\":\"ListItem\",\"position\":1,\"name\":\"Home\",\"item\":\"https:\\\/\\\/www.iltemporale.it\\\/it\\\/\"},{\"@type\":\"ListItem\",\"position\":2,\"name\":\"Docente violoncello\"}]},{\"@type\":\"WebSite\",\"@id\":\"https:\\\/\\\/www.iltemporale.it\\\/it\\\/#website\",\"url\":\"https:\\\/\\\/www.iltemporale.it\\\/it\\\/\",\"name\":\"Il Temporale Associazione Culturale\",\"description\":\"\",\"publisher\":{\"@id\":\"https:\\\/\\\/www.iltemporale.it\\\/it\\\/#organization\"},\"potentialAction\":[{\"@type\":\"SearchAction\",\"target\":{\"@type\":\"EntryPoint\",\"urlTemplate\":\"https:\\\/\\\/www.iltemporale.it\\\/it\\\/?s={search_term_string}\"},\"query-input\":{\"@type\":\"PropertyValueSpecification\",\"valueRequired\":true,\"valueName\":\"search_term_string\"}}],\"inLanguage\":\"it-IT\"},{\"@type\":\"Organization\",\"@id\":\"https:\\\/\\\/www.iltemporale.it\\\/it\\\/#organization\",\"name\":\"ASSOCIAZIONE CULTURALE IL TEMPORALE APS\",\"url\":\"https:\\\/\\\/www.iltemporale.it\\\/it\\\/\",\"logo\":{\"@type\":\"ImageObject\",\"inLanguage\":\"it-IT\",\"@id\":\"https:\\\/\\\/www.iltemporale.it\\\/it\\\/#\\\/schema\\\/logo\\\/image\\\/\",\"url\":\"https:\\\/\\\/www.iltemporale.it\\\/it\\\/wp-content\\\/uploads\\\/2025\\\/11\\\/cropped-cropped-Logo-IL-TEMPORALE-1.jpg\",\"contentUrl\":\"https:\\\/\\\/www.iltemporale.it\\\/it\\\/wp-content\\\/uploads\\\/2025\\\/11\\\/cropped-cropped-Logo-IL-TEMPORALE-1.jpg\",\"width\":2174,\"height\":1093,\"caption\":\"ASSOCIAZIONE CULTURALE IL TEMPORALE APS\"},\"image\":{\"@id\":\"https:\\\/\\\/www.iltemporale.it\\\/it\\\/#\\\/schema\\\/logo\\\/image\\\/\"},\"sameAs\":[\"https:\\\/\\\/www.facebook.com\\\/pages\\\/category\\\/Nonprofit-Organization\\\/ASSOCIAZIONE-CULTURALE-IL-TEMPORALE-140967012635154\\\/\",\"https:\\\/\\\/www.instagram.com\\\/iltemporaleaps\\\/\",\"https:\\\/\\\/www.youtube.com\\\/@scuoladimusicailtemporale7327\"]}]}<\/script>\r\n<!-- \/ Yoast SEO plugin. -->","yoast_head_json":{"title":"Docente violoncello -","description":"Docente di violoncello Marianna Finarelli presso la scuola di musica Il Temporale di Bentivoglio a Bologna","robots":{"index":"index","follow":"follow","max-snippet":"max-snippet:-1","max-image-preview":"max-image-preview:large","max-video-preview":"max-video-preview:-1"},"canonical":"https:\/\/www.iltemporale.it\/it\/docente-violoncello\/","og_locale":"it_IT","og_type":"article","og_title":"Docente violoncello -","og_description":"Docente di violoncello Marianna Finarelli presso la scuola di musica Il Temporale di Bentivoglio a Bologna","og_url":"https:\/\/www.iltemporale.it\/it\/docente-violoncello\/","article_publisher":"https:\/\/www.facebook.com\/pages\/category\/Nonprofit-Organization\/ASSOCIAZIONE-CULTURALE-IL-TEMPORALE-140967012635154\/","article_modified_time":"2025-12-11T18:12:21+00:00","og_image":[{"width":498,"height":886,"url":"https:\/\/www.iltemporale.it\/it\/wp-content\/uploads\/2025\/11\/Elisa-Segurini_insegnante-violoncello.jpg","type":"image\/jpeg"}],"twitter_card":"summary_large_image","twitter_misc":{"Tempo di lettura stimato":"2 minuti"},"schema":{"@context":"https:\/\/schema.org","@graph":[{"@type":"WebPage","@id":"https:\/\/www.iltemporale.it\/it\/docente-violoncello\/","url":"https:\/\/www.iltemporale.it\/it\/docente-violoncello\/","name":"Docente violoncello -","isPartOf":{"@id":"https:\/\/www.iltemporale.it\/it\/#website"},"primaryImageOfPage":{"@id":"https:\/\/www.iltemporale.it\/it\/docente-violoncello\/#primaryimage"},"image":{"@id":"https:\/\/www.iltemporale.it\/it\/docente-violoncello\/#primaryimage"},"thumbnailUrl":"https:\/\/www.iltemporale.it\/it\/wp-content\/uploads\/2025\/11\/Elisa-Segurini_insegnante-violoncello.jpg","datePublished":"2024-06-24T14:52:16+00:00","dateModified":"2025-12-11T18:12:21+00:00","description":"Docente di violoncello Marianna Finarelli presso la scuola di musica Il Temporale di Bentivoglio a Bologna","breadcrumb":{"@id":"https:\/\/www.iltemporale.it\/it\/docente-violoncello\/#breadcrumb"},"inLanguage":"it-IT","potentialAction":[{"@type":"ReadAction","target":["https:\/\/www.iltemporale.it\/it\/docente-violoncello\/"]}]},{"@type":"ImageObject","inLanguage":"it-IT","@id":"https:\/\/www.iltemporale.it\/it\/docente-violoncello\/#primaryimage","url":"https:\/\/www.iltemporale.it\/it\/wp-content\/uploads\/2025\/11\/Elisa-Segurini_insegnante-violoncello.jpg","contentUrl":"https:\/\/www.iltemporale.it\/it\/wp-content\/uploads\/2025\/11\/Elisa-Segurini_insegnante-violoncello.jpg","width":498,"height":886},{"@type":"BreadcrumbList","@id":"https:\/\/www.iltemporale.it\/it\/docente-violoncello\/#breadcrumb","itemListElement":[{"@type":"ListItem","position":1,"name":"Home","item":"https:\/\/www.iltemporale.it\/it\/"},{"@type":"ListItem","position":2,"name":"Docente violoncello"}]},{"@type":"WebSite","@id":"https:\/\/www.iltemporale.it\/it\/#website","url":"https:\/\/www.iltemporale.it\/it\/","name":"Il Temporale Associazione Culturale","description":"","publisher":{"@id":"https:\/\/www.iltemporale.it\/it\/#organization"},"potentialAction":[{"@type":"SearchAction","target":{"@type":"EntryPoint","urlTemplate":"https:\/\/www.iltemporale.it\/it\/?s={search_term_string}"},"query-input":{"@type":"PropertyValueSpecification","valueRequired":true,"valueName":"search_term_string"}}],"inLanguage":"it-IT"},{"@type":"Organization","@id":"https:\/\/www.iltemporale.it\/it\/#organization","name":"ASSOCIAZIONE CULTURALE IL TEMPORALE APS","url":"https:\/\/www.iltemporale.it\/it\/","logo":{"@type":"ImageObject","inLanguage":"it-IT","@id":"https:\/\/www.iltemporale.it\/it\/#\/schema\/logo\/image\/","url":"https:\/\/www.iltemporale.it\/it\/wp-content\/uploads\/2025\/11\/cropped-cropped-Logo-IL-TEMPORALE-1.jpg","contentUrl":"https:\/\/www.iltemporale.it\/it\/wp-content\/uploads\/2025\/11\/cropped-cropped-Logo-IL-TEMPORALE-1.jpg","width":2174,"height":1093,"caption":"ASSOCIAZIONE CULTURALE IL TEMPORALE APS"},"image":{"@id":"https:\/\/www.iltemporale.it\/it\/#\/schema\/logo\/image\/"},"sameAs":["https:\/\/www.facebook.com\/pages\/category\/Nonprofit-Organization\/ASSOCIAZIONE-CULTURALE-IL-TEMPORALE-140967012635154\/","https:\/\/www.instagram.com\/iltemporaleaps\/","https:\/\/www.youtube.com\/@scuoladimusicailtemporale7327"]}]}},"_links":{"self":[{"href":"https:\/\/www.iltemporale.it\/it\/wp-json\/wp\/v2\/pages\/6736","targetHints":{"allow":["GET"]}}],"collection":[{"href":"https:\/\/www.iltemporale.it\/it\/wp-json\/wp\/v2\/pages"}],"about":[{"href":"https:\/\/www.iltemporale.it\/it\/wp-json\/wp\/v2\/types\/page"}],"author":[{"embeddable":true,"href":"https:\/\/www.iltemporale.it\/it\/wp-json\/wp\/v2\/users\/1"}],"replies":[{"embeddable":true,"href":"https:\/\/www.iltemporale.it\/it\/wp-json\/wp\/v2\/comments?post=6736"}],"version-history":[{"count":19,"href":"https:\/\/www.iltemporale.it\/it\/wp-json\/wp\/v2\/pages\/6736\/revisions"}],"predecessor-version":[{"id":7778,"href":"https:\/\/www.iltemporale.it\/it\/wp-json\/wp\/v2\/pages\/6736\/revisions\/7778"}],"wp:attachment":[{"href":"https:\/\/www.iltemporale.it\/it\/wp-json\/wp\/v2\/media?parent=6736"}],"curies":[{"name":"wp","href":"https:\/\/api.w.org\/{rel}","templated":true}]}}