{"id":6362,"date":"2024-03-10T14:28:59","date_gmt":"2024-03-10T13:28:59","guid":{"rendered":"https:\/\/www.iltemporale.it\/it\/?page_id=6362"},"modified":"2026-01-29T18:29:44","modified_gmt":"2026-01-29T17:29:44","slug":"insegnante-di-ocarina-2","status":"publish","type":"page","link":"https:\/\/www.iltemporale.it\/it\/insegnante-di-ocarina-2\/","title":{"rendered":"Insegnante di ocarina"},"content":{"rendered":"\n<div style=\"height:100px\" aria-hidden=\"true\" class=\"wp-block-spacer\"><\/div>\n\n\n\n<h1 class=\"wp-block-heading\">Fabio Galliani insegnante di ocarina<\/h1>\n\n\n\n<div style=\"height:50px\" aria-hidden=\"true\" class=\"wp-block-spacer\"><\/div>\n\n\n\n<div class=\"wp-block-media-text is-stacked-on-mobile\" style=\"grid-template-columns:30% auto\"><figure class=\"wp-block-media-text__media\"><img loading=\"lazy\" decoding=\"async\" width=\"661\" height=\"993\" src=\"https:\/\/www.iltemporale.it\/it\/wp-content\/uploads\/2024\/03\/Fabio-Galliani-insegnante-di-ocarina.jpg\" alt=\"\" class=\"wp-image-6363 size-full\" srcset=\"https:\/\/www.iltemporale.it\/it\/wp-content\/uploads\/2024\/03\/Fabio-Galliani-insegnante-di-ocarina.jpg 661w, https:\/\/www.iltemporale.it\/it\/wp-content\/uploads\/2024\/03\/Fabio-Galliani-insegnante-di-ocarina-200x300.jpg 200w\" sizes=\"auto, (max-width: 661px) 100vw, 661px\" \/><\/figure><div class=\"wp-block-media-text__content\">\n<p style=\"font-size:26px\">Suona l&#8217;ocarina da quando era bambino. Forse non \u00e8 un caso, essendo nato e cresciuto a Budrio (vicino a Bologna), il paese nel quale l&#8217;ocarina \u00e8 stata inventata nel 1853&#8230;<\/p>\n<\/div><\/div>\n\n\n\n<div style=\"height:50px\" aria-hidden=\"true\" class=\"wp-block-spacer\"><\/div>\n\n\n\n<p>Dal 1979 fa parte del GOB &#8211; Gruppo Ocarinistico Budriese, che essendo stato fondato nel 1865 \u00e8 sicuramente il pi\u00f9 antico Settimino di Ocarina del mondo (e probabilmente il pi\u00f9 famoso).<br>Con questo gruppo ha preso parte a centinaia di concerti in Italia e all&#8217;estero (Australia, Argentina, Cile, USA, Corea del Sud, Giappone e Cina) e a tutte le registrazioni (<a href=\"http:\/\/www.gobitalia.it\/\" target=\"_blank\" rel=\"noreferrer noopener\">www.gobitalia.it<\/a>).<br>E&#8217; inoltre membro con Emiliano Bernagozzi dei &#8220;Solisti del GOB&#8221; con i quali ha tenuto concerti in Giappone, Corea del Sud, Cina, Costa Rica, Nicaragua e Germania e ha registrato il cd &#8220;Magical Ocarina&#8221;.<br><br>Dal 2003 \u00e8 curatore del Museo dell&#8217;Ocarina di Budrio.<br><br>Negli ultimi anni ha tenuto concerti, masterclass e conferenze in Giappone, Corea del Sud e Cina.<br>In particolare, dal 2015 tiene&nbsp; masterclass per insegnanti di musica in molte citt\u00e0 della Cina.<br><br>Nel 2015 ha registrato con il quartetto Ocarinamania il cd &#8220;Fabiolous Ocarina&#8221;.<br><br>Con il quartetto di musica popolare Cantaluna ha realizzato nel 2024 il cd &#8220;Ciao Ocarina! The Best of European Folk Music&#8221;, pubblicato in Giappone.<\/p>\n\n\n\n<div style=\"height:100px\" aria-hidden=\"true\" class=\"wp-block-spacer\"><\/div>\n\n\n\n<h5 class=\"has-text-align-center\">TUTTI I\u00a0<a href=\"http:\/\/www.iltemporale.it\/it\/corsi-di-musica-e-canto\/\">CORSI DELLA SCUOLA DI MUSICA<\/a>\u00a0IL TEMPORALE<\/h5>\n\n\n\n<div style=\"height:100px\" aria-hidden=\"true\" class=\"wp-block-spacer\"><\/div>\n\n\n\n<div style=\"height:27px\" aria-hidden=\"true\" class=\"wp-block-spacer\"><\/div>\n","protected":false},"excerpt":{"rendered":"<p>Fabio Galliani insegnante di ocarina Suona l&#8217;ocarina da quando era bambino. Forse non \u00e8 un caso, essendo nato e cresciuto a Budrio (vicino a Bologna), il paese nel quale l&#8217;ocarina [&hellip;]<\/p>\n","protected":false},"author":1,"featured_media":0,"parent":0,"menu_order":0,"comment_status":"closed","ping_status":"closed","template":"","meta":{"site-sidebar-layout":"default","site-content-layout":"","ast-site-content-layout":"default","site-content-style":"default","site-sidebar-style":"default","ast-global-header-display":"","ast-banner-title-visibility":"","ast-main-header-display":"","ast-hfb-above-header-display":"","ast-hfb-below-header-display":"","ast-hfb-mobile-header-display":"","site-post-title":"disabled","ast-breadcrumbs-content":"","ast-featured-img":"","footer-sml-layout":"","ast-disable-related-posts":"","theme-transparent-header-meta":"","adv-header-id-meta":"","stick-header-meta":"","header-above-stick-meta":"","header-main-stick-meta":"","header-below-stick-meta":"","astra-migrate-meta-layouts":"default","ast-page-background-enabled":"default","ast-page-background-meta":{"desktop":{"background-color":"var(--ast-global-color-5)","background-image":"","background-repeat":"repeat","background-position":"center center","background-size":"auto","background-attachment":"scroll","background-type":"","background-media":"","overlay-type":"","overlay-color":"","overlay-opacity":"","overlay-gradient":""},"tablet":{"background-color":"","background-image":"","background-repeat":"repeat","background-position":"center center","background-size":"auto","background-attachment":"scroll","background-type":"","background-media":"","overlay-type":"","overlay-color":"","overlay-opacity":"","overlay-gradient":""},"mobile":{"background-color":"","background-image":"","background-repeat":"repeat","background-position":"center center","background-size":"auto","background-attachment":"scroll","background-type":"","background-media":"","overlay-type":"","overlay-color":"","overlay-opacity":"","overlay-gradient":""}},"ast-content-background-meta":{"desktop":{"background-color":"var(--ast-global-color-4)","background-image":"","background-repeat":"repeat","background-position":"center center","background-size":"auto","background-attachment":"scroll","background-type":"","background-media":"","overlay-type":"","overlay-color":"","overlay-opacity":"","overlay-gradient":""},"tablet":{"background-color":"var(--ast-global-color-4)","background-image":"","background-repeat":"repeat","background-position":"center center","background-size":"auto","background-attachment":"scroll","background-type":"","background-media":"","overlay-type":"","overlay-color":"","overlay-opacity":"","overlay-gradient":""},"mobile":{"background-color":"var(--ast-global-color-4)","background-image":"","background-repeat":"repeat","background-position":"center center","background-size":"auto","background-attachment":"scroll","background-type":"","background-media":"","overlay-type":"","overlay-color":"","overlay-opacity":"","overlay-gradient":""}},"footnotes":""},"class_list":["post-6362","page","type-page","status-publish","hentry"],"yoast_head":"<!-- This site is optimized with the Yoast SEO plugin v27.3 - https:\/\/yoast.com\/product\/yoast-seo-wordpress\/ -->\r\n<title>Insegnante di ocarina -<\/title>\r\n<meta name=\"description\" content=\"Fabio Galliani insegnante di ocarina, presso la scuola di musica Il Temporale di Bentivoglio. Fa parte del GOB Gruppo Ocarinistico Budriese\" \/>\r\n<meta name=\"robots\" content=\"index, follow, max-snippet:-1, max-image-preview:large, max-video-preview:-1\" \/>\r\n<link rel=\"canonical\" href=\"https:\/\/www.iltemporale.it\/it\/insegnante-di-ocarina-2\/\" \/>\r\n<meta property=\"og:locale\" content=\"it_IT\" \/>\r\n<meta property=\"og:type\" content=\"article\" \/>\r\n<meta property=\"og:title\" content=\"Insegnante di ocarina -\" \/>\r\n<meta property=\"og:description\" content=\"Fabio Galliani insegnante di ocarina, presso la scuola di musica Il Temporale di Bentivoglio. Fa parte del GOB Gruppo Ocarinistico Budriese\" \/>\r\n<meta property=\"og:url\" content=\"https:\/\/www.iltemporale.it\/it\/insegnante-di-ocarina-2\/\" \/>\r\n<meta property=\"article:publisher\" content=\"https:\/\/www.facebook.com\/pages\/category\/Nonprofit-Organization\/ASSOCIAZIONE-CULTURALE-IL-TEMPORALE-140967012635154\/\" \/>\r\n<meta property=\"article:modified_time\" content=\"2026-01-29T17:29:44+00:00\" \/>\r\n<meta property=\"og:image\" content=\"https:\/\/www.iltemporale.it\/it\/wp-content\/uploads\/2024\/03\/Fabio-Galliani-insegnante-di-ocarina.jpg\" \/>\r\n\t<meta property=\"og:image:width\" content=\"661\" \/>\r\n\t<meta property=\"og:image:height\" content=\"993\" \/>\r\n\t<meta property=\"og:image:type\" content=\"image\/jpeg\" \/>\r\n<meta name=\"twitter:card\" content=\"summary_large_image\" \/>\r\n<meta name=\"twitter:label1\" content=\"Tempo di lettura stimato\" \/>\n\t<meta name=\"twitter:data1\" content=\"2 minuti\" \/>\r\n<script type=\"application\/ld+json\" class=\"yoast-schema-graph\">{\"@context\":\"https:\\\/\\\/schema.org\",\"@graph\":[{\"@type\":\"WebPage\",\"@id\":\"https:\\\/\\\/www.iltemporale.it\\\/it\\\/insegnante-di-ocarina-2\\\/\",\"url\":\"https:\\\/\\\/www.iltemporale.it\\\/it\\\/insegnante-di-ocarina-2\\\/\",\"name\":\"Insegnante di ocarina -\",\"isPartOf\":{\"@id\":\"https:\\\/\\\/www.iltemporale.it\\\/it\\\/#website\"},\"primaryImageOfPage\":{\"@id\":\"https:\\\/\\\/www.iltemporale.it\\\/it\\\/insegnante-di-ocarina-2\\\/#primaryimage\"},\"image\":{\"@id\":\"https:\\\/\\\/www.iltemporale.it\\\/it\\\/insegnante-di-ocarina-2\\\/#primaryimage\"},\"thumbnailUrl\":\"https:\\\/\\\/www.iltemporale.it\\\/it\\\/wp-content\\\/uploads\\\/2024\\\/03\\\/Fabio-Galliani-insegnante-di-ocarina.jpg\",\"datePublished\":\"2024-03-10T13:28:59+00:00\",\"dateModified\":\"2026-01-29T17:29:44+00:00\",\"description\":\"Fabio Galliani insegnante di ocarina, presso la scuola di musica Il Temporale di Bentivoglio. Fa parte del GOB Gruppo Ocarinistico Budriese\",\"breadcrumb\":{\"@id\":\"https:\\\/\\\/www.iltemporale.it\\\/it\\\/insegnante-di-ocarina-2\\\/#breadcrumb\"},\"inLanguage\":\"it-IT\",\"potentialAction\":[{\"@type\":\"ReadAction\",\"target\":[\"https:\\\/\\\/www.iltemporale.it\\\/it\\\/insegnante-di-ocarina-2\\\/\"]}]},{\"@type\":\"ImageObject\",\"inLanguage\":\"it-IT\",\"@id\":\"https:\\\/\\\/www.iltemporale.it\\\/it\\\/insegnante-di-ocarina-2\\\/#primaryimage\",\"url\":\"https:\\\/\\\/www.iltemporale.it\\\/it\\\/wp-content\\\/uploads\\\/2024\\\/03\\\/Fabio-Galliani-insegnante-di-ocarina.jpg\",\"contentUrl\":\"https:\\\/\\\/www.iltemporale.it\\\/it\\\/wp-content\\\/uploads\\\/2024\\\/03\\\/Fabio-Galliani-insegnante-di-ocarina.jpg\",\"width\":661,\"height\":993},{\"@type\":\"BreadcrumbList\",\"@id\":\"https:\\\/\\\/www.iltemporale.it\\\/it\\\/insegnante-di-ocarina-2\\\/#breadcrumb\",\"itemListElement\":[{\"@type\":\"ListItem\",\"position\":1,\"name\":\"Home\",\"item\":\"https:\\\/\\\/www.iltemporale.it\\\/it\\\/\"},{\"@type\":\"ListItem\",\"position\":2,\"name\":\"Insegnante di ocarina\"}]},{\"@type\":\"WebSite\",\"@id\":\"https:\\\/\\\/www.iltemporale.it\\\/it\\\/#website\",\"url\":\"https:\\\/\\\/www.iltemporale.it\\\/it\\\/\",\"name\":\"Il Temporale Associazione Culturale\",\"description\":\"\",\"publisher\":{\"@id\":\"https:\\\/\\\/www.iltemporale.it\\\/it\\\/#organization\"},\"potentialAction\":[{\"@type\":\"SearchAction\",\"target\":{\"@type\":\"EntryPoint\",\"urlTemplate\":\"https:\\\/\\\/www.iltemporale.it\\\/it\\\/?s={search_term_string}\"},\"query-input\":{\"@type\":\"PropertyValueSpecification\",\"valueRequired\":true,\"valueName\":\"search_term_string\"}}],\"inLanguage\":\"it-IT\"},{\"@type\":\"Organization\",\"@id\":\"https:\\\/\\\/www.iltemporale.it\\\/it\\\/#organization\",\"name\":\"ASSOCIAZIONE CULTURALE IL TEMPORALE APS\",\"url\":\"https:\\\/\\\/www.iltemporale.it\\\/it\\\/\",\"logo\":{\"@type\":\"ImageObject\",\"inLanguage\":\"it-IT\",\"@id\":\"https:\\\/\\\/www.iltemporale.it\\\/it\\\/#\\\/schema\\\/logo\\\/image\\\/\",\"url\":\"https:\\\/\\\/www.iltemporale.it\\\/it\\\/wp-content\\\/uploads\\\/2025\\\/11\\\/cropped-cropped-Logo-IL-TEMPORALE-1.jpg\",\"contentUrl\":\"https:\\\/\\\/www.iltemporale.it\\\/it\\\/wp-content\\\/uploads\\\/2025\\\/11\\\/cropped-cropped-Logo-IL-TEMPORALE-1.jpg\",\"width\":2174,\"height\":1093,\"caption\":\"ASSOCIAZIONE CULTURALE IL TEMPORALE APS\"},\"image\":{\"@id\":\"https:\\\/\\\/www.iltemporale.it\\\/it\\\/#\\\/schema\\\/logo\\\/image\\\/\"},\"sameAs\":[\"https:\\\/\\\/www.facebook.com\\\/pages\\\/category\\\/Nonprofit-Organization\\\/ASSOCIAZIONE-CULTURALE-IL-TEMPORALE-140967012635154\\\/\",\"https:\\\/\\\/www.instagram.com\\\/iltemporaleaps\\\/\",\"https:\\\/\\\/www.youtube.com\\\/@scuoladimusicailtemporale7327\"]}]}<\/script>\r\n<!-- \/ Yoast SEO plugin. -->","yoast_head_json":{"title":"Insegnante di ocarina -","description":"Fabio Galliani insegnante di ocarina, presso la scuola di musica Il Temporale di Bentivoglio. Fa parte del GOB Gruppo Ocarinistico Budriese","robots":{"index":"index","follow":"follow","max-snippet":"max-snippet:-1","max-image-preview":"max-image-preview:large","max-video-preview":"max-video-preview:-1"},"canonical":"https:\/\/www.iltemporale.it\/it\/insegnante-di-ocarina-2\/","og_locale":"it_IT","og_type":"article","og_title":"Insegnante di ocarina -","og_description":"Fabio Galliani insegnante di ocarina, presso la scuola di musica Il Temporale di Bentivoglio. Fa parte del GOB Gruppo Ocarinistico Budriese","og_url":"https:\/\/www.iltemporale.it\/it\/insegnante-di-ocarina-2\/","article_publisher":"https:\/\/www.facebook.com\/pages\/category\/Nonprofit-Organization\/ASSOCIAZIONE-CULTURALE-IL-TEMPORALE-140967012635154\/","article_modified_time":"2026-01-29T17:29:44+00:00","og_image":[{"width":661,"height":993,"url":"https:\/\/www.iltemporale.it\/it\/wp-content\/uploads\/2024\/03\/Fabio-Galliani-insegnante-di-ocarina.jpg","type":"image\/jpeg"}],"twitter_card":"summary_large_image","twitter_misc":{"Tempo di lettura stimato":"2 minuti"},"schema":{"@context":"https:\/\/schema.org","@graph":[{"@type":"WebPage","@id":"https:\/\/www.iltemporale.it\/it\/insegnante-di-ocarina-2\/","url":"https:\/\/www.iltemporale.it\/it\/insegnante-di-ocarina-2\/","name":"Insegnante di ocarina -","isPartOf":{"@id":"https:\/\/www.iltemporale.it\/it\/#website"},"primaryImageOfPage":{"@id":"https:\/\/www.iltemporale.it\/it\/insegnante-di-ocarina-2\/#primaryimage"},"image":{"@id":"https:\/\/www.iltemporale.it\/it\/insegnante-di-ocarina-2\/#primaryimage"},"thumbnailUrl":"https:\/\/www.iltemporale.it\/it\/wp-content\/uploads\/2024\/03\/Fabio-Galliani-insegnante-di-ocarina.jpg","datePublished":"2024-03-10T13:28:59+00:00","dateModified":"2026-01-29T17:29:44+00:00","description":"Fabio Galliani insegnante di ocarina, presso la scuola di musica Il Temporale di Bentivoglio. Fa parte del GOB Gruppo Ocarinistico Budriese","breadcrumb":{"@id":"https:\/\/www.iltemporale.it\/it\/insegnante-di-ocarina-2\/#breadcrumb"},"inLanguage":"it-IT","potentialAction":[{"@type":"ReadAction","target":["https:\/\/www.iltemporale.it\/it\/insegnante-di-ocarina-2\/"]}]},{"@type":"ImageObject","inLanguage":"it-IT","@id":"https:\/\/www.iltemporale.it\/it\/insegnante-di-ocarina-2\/#primaryimage","url":"https:\/\/www.iltemporale.it\/it\/wp-content\/uploads\/2024\/03\/Fabio-Galliani-insegnante-di-ocarina.jpg","contentUrl":"https:\/\/www.iltemporale.it\/it\/wp-content\/uploads\/2024\/03\/Fabio-Galliani-insegnante-di-ocarina.jpg","width":661,"height":993},{"@type":"BreadcrumbList","@id":"https:\/\/www.iltemporale.it\/it\/insegnante-di-ocarina-2\/#breadcrumb","itemListElement":[{"@type":"ListItem","position":1,"name":"Home","item":"https:\/\/www.iltemporale.it\/it\/"},{"@type":"ListItem","position":2,"name":"Insegnante di ocarina"}]},{"@type":"WebSite","@id":"https:\/\/www.iltemporale.it\/it\/#website","url":"https:\/\/www.iltemporale.it\/it\/","name":"Il Temporale Associazione Culturale","description":"","publisher":{"@id":"https:\/\/www.iltemporale.it\/it\/#organization"},"potentialAction":[{"@type":"SearchAction","target":{"@type":"EntryPoint","urlTemplate":"https:\/\/www.iltemporale.it\/it\/?s={search_term_string}"},"query-input":{"@type":"PropertyValueSpecification","valueRequired":true,"valueName":"search_term_string"}}],"inLanguage":"it-IT"},{"@type":"Organization","@id":"https:\/\/www.iltemporale.it\/it\/#organization","name":"ASSOCIAZIONE CULTURALE IL TEMPORALE APS","url":"https:\/\/www.iltemporale.it\/it\/","logo":{"@type":"ImageObject","inLanguage":"it-IT","@id":"https:\/\/www.iltemporale.it\/it\/#\/schema\/logo\/image\/","url":"https:\/\/www.iltemporale.it\/it\/wp-content\/uploads\/2025\/11\/cropped-cropped-Logo-IL-TEMPORALE-1.jpg","contentUrl":"https:\/\/www.iltemporale.it\/it\/wp-content\/uploads\/2025\/11\/cropped-cropped-Logo-IL-TEMPORALE-1.jpg","width":2174,"height":1093,"caption":"ASSOCIAZIONE CULTURALE IL TEMPORALE APS"},"image":{"@id":"https:\/\/www.iltemporale.it\/it\/#\/schema\/logo\/image\/"},"sameAs":["https:\/\/www.facebook.com\/pages\/category\/Nonprofit-Organization\/ASSOCIAZIONE-CULTURALE-IL-TEMPORALE-140967012635154\/","https:\/\/www.instagram.com\/iltemporaleaps\/","https:\/\/www.youtube.com\/@scuoladimusicailtemporale7327"]}]}},"_links":{"self":[{"href":"https:\/\/www.iltemporale.it\/it\/wp-json\/wp\/v2\/pages\/6362","targetHints":{"allow":["GET"]}}],"collection":[{"href":"https:\/\/www.iltemporale.it\/it\/wp-json\/wp\/v2\/pages"}],"about":[{"href":"https:\/\/www.iltemporale.it\/it\/wp-json\/wp\/v2\/types\/page"}],"author":[{"embeddable":true,"href":"https:\/\/www.iltemporale.it\/it\/wp-json\/wp\/v2\/users\/1"}],"replies":[{"embeddable":true,"href":"https:\/\/www.iltemporale.it\/it\/wp-json\/wp\/v2\/comments?post=6362"}],"version-history":[{"count":5,"href":"https:\/\/www.iltemporale.it\/it\/wp-json\/wp\/v2\/pages\/6362\/revisions"}],"predecessor-version":[{"id":7925,"href":"https:\/\/www.iltemporale.it\/it\/wp-json\/wp\/v2\/pages\/6362\/revisions\/7925"}],"wp:attachment":[{"href":"https:\/\/www.iltemporale.it\/it\/wp-json\/wp\/v2\/media?parent=6362"}],"curies":[{"name":"wp","href":"https:\/\/api.w.org\/{rel}","templated":true}]}}