{"id":6017,"date":"2023-10-26T18:30:49","date_gmt":"2023-10-26T17:30:49","guid":{"rendered":"https:\/\/www.iltemporale.it\/it\/?page_id=6017"},"modified":"2026-01-29T18:19:33","modified_gmt":"2026-01-29T17:19:33","slug":"insegnante-di-pianoforte-classico","status":"publish","type":"page","link":"https:\/\/www.iltemporale.it\/it\/insegnante-di-pianoforte-classico\/","title":{"rendered":"Insegnante di pianoforte classico"},"content":{"rendered":"\n<div style=\"height:100px\" aria-hidden=\"true\" class=\"wp-block-spacer\"><\/div>\n\n\n\n<h2 class=\"wp-block-heading\">Cenacchi Cecilia insegnante di pianoforte classico<\/h2>\n\n\n\n<div style=\"height:50px\" aria-hidden=\"true\" class=\"wp-block-spacer\"><\/div>\n\n\n\n<div class=\"wp-block-media-text is-stacked-on-mobile\" style=\"grid-template-columns:37% auto\"><figure class=\"wp-block-media-text__media\"><img loading=\"lazy\" decoding=\"async\" width=\"461\" height=\"461\" src=\"https:\/\/www.iltemporale.it\/it\/wp-content\/uploads\/2022\/01\/Cenacchi_Cecilia.jpg\" alt=\"Cenacchi_Cecilia\" class=\"wp-image-4665 size-full\" srcset=\"https:\/\/www.iltemporale.it\/it\/wp-content\/uploads\/2022\/01\/Cenacchi_Cecilia.jpg 461w, https:\/\/www.iltemporale.it\/it\/wp-content\/uploads\/2022\/01\/Cenacchi_Cecilia-300x300.jpg 300w, https:\/\/www.iltemporale.it\/it\/wp-content\/uploads\/2022\/01\/Cenacchi_Cecilia-150x150.jpg 150w\" sizes=\"auto, (max-width: 461px) 100vw, 461px\" \/><\/figure><div class=\"wp-block-media-text__content\">\n<p style=\"font-size:26px\">Cenacchi Cecilia ha conseguito il diploma di pianoforte presso il conservatorio \u201cGirolamo<br>Frescobaldi\u201d di Ferrara, sotto la guida del M\u00b0 Fabrizio Lanzoni dimostrando particolare interesse per il repertorio del 900 e per la musica da camera.<\/p>\n<\/div><\/div>\n\n\n\n<div style=\"height:50px\" aria-hidden=\"true\" class=\"wp-block-spacer\"><\/div>\n\n\n\n<p class=\"has-medium-font-size\">Ha partecipato a rassegne musicali come pianista solista e pianista accompagnatore.<br>Ha svolto attivit\u00e0 didattica presso il Conservatorio \u201cG. Frescobaldi\u201d tenendo i corsi di avviamento al pianoforte; \u00e8 stata docente di pianoforte complementare per il corso di mandolino convenzionato con il Conservatorio \u201cG.Pollini\u201d.<br>Negli anni di attivit\u00e0 ha tenuto laboratori di propedeutica musicale rivolti alla fascia di et\u00e0 4-6 anni.<br>Attualmente \u00e8 docente di educazione musicale presso una scuola primaria, suona come solista e accompagnatrice, insegna pianoforte in scuole di musica del territorio di Bologna e Ferrara.<\/p>\n\n\n\n<div style=\"height:100px\" aria-hidden=\"true\" class=\"wp-block-spacer\"><\/div>\n\n\n\n<h5 class=\"wp-block-heading has-text-align-center\"> TUTTI I&nbsp;<a href=\"http:\/\/www.iltemporale.it\/it\/corsi-di-musica-e-canto\/\">CORSI DELLA SCUOLA DI MUSICA<\/a>&nbsp;IL TEMPORALE <\/h5>\n\n\n\n<div style=\"height:100px\" aria-hidden=\"true\" class=\"wp-block-spacer\"><\/div>\n","protected":false},"excerpt":{"rendered":"<p>Cenacchi Cecilia insegnante di pianoforte classico Cenacchi Cecilia ha conseguito il diploma di pianoforte presso il conservatorio \u201cGirolamoFrescobaldi\u201d di Ferrara, sotto la guida del M\u00b0 Fabrizio Lanzoni dimostrando particolare interesse [&hellip;]<\/p>\n","protected":false},"author":1,"featured_media":0,"parent":0,"menu_order":0,"comment_status":"closed","ping_status":"closed","template":"","meta":{"site-sidebar-layout":"default","site-content-layout":"","ast-site-content-layout":"default","site-content-style":"default","site-sidebar-style":"default","ast-global-header-display":"","ast-banner-title-visibility":"","ast-main-header-display":"","ast-hfb-above-header-display":"","ast-hfb-below-header-display":"","ast-hfb-mobile-header-display":"","site-post-title":"disabled","ast-breadcrumbs-content":"","ast-featured-img":"","footer-sml-layout":"","ast-disable-related-posts":"","theme-transparent-header-meta":"","adv-header-id-meta":"","stick-header-meta":"","header-above-stick-meta":"","header-main-stick-meta":"","header-below-stick-meta":"","astra-migrate-meta-layouts":"default","ast-page-background-enabled":"default","ast-page-background-meta":{"desktop":{"background-color":"var(--ast-global-color-5)","background-image":"","background-repeat":"repeat","background-position":"center center","background-size":"auto","background-attachment":"scroll","background-type":"","background-media":"","overlay-type":"","overlay-color":"","overlay-opacity":"","overlay-gradient":""},"tablet":{"background-color":"","background-image":"","background-repeat":"repeat","background-position":"center center","background-size":"auto","background-attachment":"scroll","background-type":"","background-media":"","overlay-type":"","overlay-color":"","overlay-opacity":"","overlay-gradient":""},"mobile":{"background-color":"","background-image":"","background-repeat":"repeat","background-position":"center center","background-size":"auto","background-attachment":"scroll","background-type":"","background-media":"","overlay-type":"","overlay-color":"","overlay-opacity":"","overlay-gradient":""}},"ast-content-background-meta":{"desktop":{"background-color":"var(--ast-global-color-4)","background-image":"","background-repeat":"repeat","background-position":"center center","background-size":"auto","background-attachment":"scroll","background-type":"","background-media":"","overlay-type":"","overlay-color":"","overlay-opacity":"","overlay-gradient":""},"tablet":{"background-color":"var(--ast-global-color-4)","background-image":"","background-repeat":"repeat","background-position":"center center","background-size":"auto","background-attachment":"scroll","background-type":"","background-media":"","overlay-type":"","overlay-color":"","overlay-opacity":"","overlay-gradient":""},"mobile":{"background-color":"var(--ast-global-color-4)","background-image":"","background-repeat":"repeat","background-position":"center center","background-size":"auto","background-attachment":"scroll","background-type":"","background-media":"","overlay-type":"","overlay-color":"","overlay-opacity":"","overlay-gradient":""}},"footnotes":""},"class_list":["post-6017","page","type-page","status-publish","hentry"],"yoast_head":"<!-- This site is optimized with the Yoast SEO plugin v27.3 - https:\/\/yoast.com\/product\/yoast-seo-wordpress\/ -->\r\n<title>Insegnante di pianoforte classico -<\/title>\r\n<meta name=\"description\" content=\"Cenacchi Cecilia insegnante di pianoforte classico presso la scuola di musica Il Temporale di Bentivoglio, propone lezioni...\" \/>\r\n<meta name=\"robots\" content=\"index, follow, max-snippet:-1, max-image-preview:large, max-video-preview:-1\" \/>\r\n<link rel=\"canonical\" href=\"https:\/\/www.iltemporale.it\/it\/insegnante-di-pianoforte-classico\/\" \/>\r\n<meta property=\"og:locale\" content=\"it_IT\" \/>\r\n<meta property=\"og:type\" content=\"article\" \/>\r\n<meta property=\"og:title\" content=\"Insegnante di pianoforte classico -\" \/>\r\n<meta property=\"og:description\" content=\"Cenacchi Cecilia insegnante di pianoforte classico presso la scuola di musica Il Temporale di Bentivoglio, propone lezioni...\" \/>\r\n<meta property=\"og:url\" content=\"https:\/\/www.iltemporale.it\/it\/insegnante-di-pianoforte-classico\/\" \/>\r\n<meta property=\"article:publisher\" content=\"https:\/\/www.facebook.com\/pages\/category\/Nonprofit-Organization\/ASSOCIAZIONE-CULTURALE-IL-TEMPORALE-140967012635154\/\" \/>\r\n<meta property=\"article:modified_time\" content=\"2026-01-29T17:19:33+00:00\" \/>\r\n<meta property=\"og:image\" content=\"https:\/\/www.iltemporale.it\/it\/wp-content\/uploads\/2022\/01\/Cenacchi_Cecilia.jpg\" \/>\r\n\t<meta property=\"og:image:width\" content=\"461\" \/>\r\n\t<meta property=\"og:image:height\" content=\"461\" \/>\r\n\t<meta property=\"og:image:type\" content=\"image\/jpeg\" \/>\r\n<meta name=\"twitter:card\" content=\"summary_large_image\" \/>\r\n<meta name=\"twitter:label1\" content=\"Tempo di lettura stimato\" \/>\n\t<meta name=\"twitter:data1\" content=\"1 minuto\" \/>\r\n<script type=\"application\/ld+json\" class=\"yoast-schema-graph\">{\"@context\":\"https:\\\/\\\/schema.org\",\"@graph\":[{\"@type\":\"WebPage\",\"@id\":\"https:\\\/\\\/www.iltemporale.it\\\/it\\\/insegnante-di-pianoforte-classico\\\/\",\"url\":\"https:\\\/\\\/www.iltemporale.it\\\/it\\\/insegnante-di-pianoforte-classico\\\/\",\"name\":\"Insegnante di pianoforte classico -\",\"isPartOf\":{\"@id\":\"https:\\\/\\\/www.iltemporale.it\\\/it\\\/#website\"},\"primaryImageOfPage\":{\"@id\":\"https:\\\/\\\/www.iltemporale.it\\\/it\\\/insegnante-di-pianoforte-classico\\\/#primaryimage\"},\"image\":{\"@id\":\"https:\\\/\\\/www.iltemporale.it\\\/it\\\/insegnante-di-pianoforte-classico\\\/#primaryimage\"},\"thumbnailUrl\":\"https:\\\/\\\/www.iltemporale.it\\\/it\\\/wp-content\\\/uploads\\\/2022\\\/01\\\/Cenacchi_Cecilia.jpg\",\"datePublished\":\"2023-10-26T17:30:49+00:00\",\"dateModified\":\"2026-01-29T17:19:33+00:00\",\"description\":\"Cenacchi Cecilia insegnante di pianoforte classico presso la scuola di musica Il Temporale di Bentivoglio, propone lezioni...\",\"breadcrumb\":{\"@id\":\"https:\\\/\\\/www.iltemporale.it\\\/it\\\/insegnante-di-pianoforte-classico\\\/#breadcrumb\"},\"inLanguage\":\"it-IT\",\"potentialAction\":[{\"@type\":\"ReadAction\",\"target\":[\"https:\\\/\\\/www.iltemporale.it\\\/it\\\/insegnante-di-pianoforte-classico\\\/\"]}]},{\"@type\":\"ImageObject\",\"inLanguage\":\"it-IT\",\"@id\":\"https:\\\/\\\/www.iltemporale.it\\\/it\\\/insegnante-di-pianoforte-classico\\\/#primaryimage\",\"url\":\"https:\\\/\\\/www.iltemporale.it\\\/it\\\/wp-content\\\/uploads\\\/2022\\\/01\\\/Cenacchi_Cecilia.jpg\",\"contentUrl\":\"https:\\\/\\\/www.iltemporale.it\\\/it\\\/wp-content\\\/uploads\\\/2022\\\/01\\\/Cenacchi_Cecilia.jpg\",\"width\":461,\"height\":461,\"caption\":\"Cenacchi_Cecilia\"},{\"@type\":\"BreadcrumbList\",\"@id\":\"https:\\\/\\\/www.iltemporale.it\\\/it\\\/insegnante-di-pianoforte-classico\\\/#breadcrumb\",\"itemListElement\":[{\"@type\":\"ListItem\",\"position\":1,\"name\":\"Home\",\"item\":\"https:\\\/\\\/www.iltemporale.it\\\/it\\\/\"},{\"@type\":\"ListItem\",\"position\":2,\"name\":\"Insegnante di pianoforte classico\"}]},{\"@type\":\"WebSite\",\"@id\":\"https:\\\/\\\/www.iltemporale.it\\\/it\\\/#website\",\"url\":\"https:\\\/\\\/www.iltemporale.it\\\/it\\\/\",\"name\":\"Il Temporale Associazione Culturale\",\"description\":\"\",\"publisher\":{\"@id\":\"https:\\\/\\\/www.iltemporale.it\\\/it\\\/#organization\"},\"potentialAction\":[{\"@type\":\"SearchAction\",\"target\":{\"@type\":\"EntryPoint\",\"urlTemplate\":\"https:\\\/\\\/www.iltemporale.it\\\/it\\\/?s={search_term_string}\"},\"query-input\":{\"@type\":\"PropertyValueSpecification\",\"valueRequired\":true,\"valueName\":\"search_term_string\"}}],\"inLanguage\":\"it-IT\"},{\"@type\":\"Organization\",\"@id\":\"https:\\\/\\\/www.iltemporale.it\\\/it\\\/#organization\",\"name\":\"ASSOCIAZIONE CULTURALE IL TEMPORALE APS\",\"url\":\"https:\\\/\\\/www.iltemporale.it\\\/it\\\/\",\"logo\":{\"@type\":\"ImageObject\",\"inLanguage\":\"it-IT\",\"@id\":\"https:\\\/\\\/www.iltemporale.it\\\/it\\\/#\\\/schema\\\/logo\\\/image\\\/\",\"url\":\"https:\\\/\\\/www.iltemporale.it\\\/it\\\/wp-content\\\/uploads\\\/2025\\\/11\\\/cropped-cropped-Logo-IL-TEMPORALE-1.jpg\",\"contentUrl\":\"https:\\\/\\\/www.iltemporale.it\\\/it\\\/wp-content\\\/uploads\\\/2025\\\/11\\\/cropped-cropped-Logo-IL-TEMPORALE-1.jpg\",\"width\":2174,\"height\":1093,\"caption\":\"ASSOCIAZIONE CULTURALE IL TEMPORALE APS\"},\"image\":{\"@id\":\"https:\\\/\\\/www.iltemporale.it\\\/it\\\/#\\\/schema\\\/logo\\\/image\\\/\"},\"sameAs\":[\"https:\\\/\\\/www.facebook.com\\\/pages\\\/category\\\/Nonprofit-Organization\\\/ASSOCIAZIONE-CULTURALE-IL-TEMPORALE-140967012635154\\\/\",\"https:\\\/\\\/www.instagram.com\\\/iltemporaleaps\\\/\",\"https:\\\/\\\/www.youtube.com\\\/@scuoladimusicailtemporale7327\"]}]}<\/script>\r\n<!-- \/ Yoast SEO plugin. -->","yoast_head_json":{"title":"Insegnante di pianoforte classico -","description":"Cenacchi Cecilia insegnante di pianoforte classico presso la scuola di musica Il Temporale di Bentivoglio, propone lezioni...","robots":{"index":"index","follow":"follow","max-snippet":"max-snippet:-1","max-image-preview":"max-image-preview:large","max-video-preview":"max-video-preview:-1"},"canonical":"https:\/\/www.iltemporale.it\/it\/insegnante-di-pianoforte-classico\/","og_locale":"it_IT","og_type":"article","og_title":"Insegnante di pianoforte classico -","og_description":"Cenacchi Cecilia insegnante di pianoforte classico presso la scuola di musica Il Temporale di Bentivoglio, propone lezioni...","og_url":"https:\/\/www.iltemporale.it\/it\/insegnante-di-pianoforte-classico\/","article_publisher":"https:\/\/www.facebook.com\/pages\/category\/Nonprofit-Organization\/ASSOCIAZIONE-CULTURALE-IL-TEMPORALE-140967012635154\/","article_modified_time":"2026-01-29T17:19:33+00:00","og_image":[{"width":461,"height":461,"url":"https:\/\/www.iltemporale.it\/it\/wp-content\/uploads\/2022\/01\/Cenacchi_Cecilia.jpg","type":"image\/jpeg"}],"twitter_card":"summary_large_image","twitter_misc":{"Tempo di lettura stimato":"1 minuto"},"schema":{"@context":"https:\/\/schema.org","@graph":[{"@type":"WebPage","@id":"https:\/\/www.iltemporale.it\/it\/insegnante-di-pianoforte-classico\/","url":"https:\/\/www.iltemporale.it\/it\/insegnante-di-pianoforte-classico\/","name":"Insegnante di pianoforte classico -","isPartOf":{"@id":"https:\/\/www.iltemporale.it\/it\/#website"},"primaryImageOfPage":{"@id":"https:\/\/www.iltemporale.it\/it\/insegnante-di-pianoforte-classico\/#primaryimage"},"image":{"@id":"https:\/\/www.iltemporale.it\/it\/insegnante-di-pianoforte-classico\/#primaryimage"},"thumbnailUrl":"https:\/\/www.iltemporale.it\/it\/wp-content\/uploads\/2022\/01\/Cenacchi_Cecilia.jpg","datePublished":"2023-10-26T17:30:49+00:00","dateModified":"2026-01-29T17:19:33+00:00","description":"Cenacchi Cecilia insegnante di pianoforte classico presso la scuola di musica Il Temporale di Bentivoglio, propone lezioni...","breadcrumb":{"@id":"https:\/\/www.iltemporale.it\/it\/insegnante-di-pianoforte-classico\/#breadcrumb"},"inLanguage":"it-IT","potentialAction":[{"@type":"ReadAction","target":["https:\/\/www.iltemporale.it\/it\/insegnante-di-pianoforte-classico\/"]}]},{"@type":"ImageObject","inLanguage":"it-IT","@id":"https:\/\/www.iltemporale.it\/it\/insegnante-di-pianoforte-classico\/#primaryimage","url":"https:\/\/www.iltemporale.it\/it\/wp-content\/uploads\/2022\/01\/Cenacchi_Cecilia.jpg","contentUrl":"https:\/\/www.iltemporale.it\/it\/wp-content\/uploads\/2022\/01\/Cenacchi_Cecilia.jpg","width":461,"height":461,"caption":"Cenacchi_Cecilia"},{"@type":"BreadcrumbList","@id":"https:\/\/www.iltemporale.it\/it\/insegnante-di-pianoforte-classico\/#breadcrumb","itemListElement":[{"@type":"ListItem","position":1,"name":"Home","item":"https:\/\/www.iltemporale.it\/it\/"},{"@type":"ListItem","position":2,"name":"Insegnante di pianoforte classico"}]},{"@type":"WebSite","@id":"https:\/\/www.iltemporale.it\/it\/#website","url":"https:\/\/www.iltemporale.it\/it\/","name":"Il Temporale Associazione Culturale","description":"","publisher":{"@id":"https:\/\/www.iltemporale.it\/it\/#organization"},"potentialAction":[{"@type":"SearchAction","target":{"@type":"EntryPoint","urlTemplate":"https:\/\/www.iltemporale.it\/it\/?s={search_term_string}"},"query-input":{"@type":"PropertyValueSpecification","valueRequired":true,"valueName":"search_term_string"}}],"inLanguage":"it-IT"},{"@type":"Organization","@id":"https:\/\/www.iltemporale.it\/it\/#organization","name":"ASSOCIAZIONE CULTURALE IL TEMPORALE APS","url":"https:\/\/www.iltemporale.it\/it\/","logo":{"@type":"ImageObject","inLanguage":"it-IT","@id":"https:\/\/www.iltemporale.it\/it\/#\/schema\/logo\/image\/","url":"https:\/\/www.iltemporale.it\/it\/wp-content\/uploads\/2025\/11\/cropped-cropped-Logo-IL-TEMPORALE-1.jpg","contentUrl":"https:\/\/www.iltemporale.it\/it\/wp-content\/uploads\/2025\/11\/cropped-cropped-Logo-IL-TEMPORALE-1.jpg","width":2174,"height":1093,"caption":"ASSOCIAZIONE CULTURALE IL TEMPORALE APS"},"image":{"@id":"https:\/\/www.iltemporale.it\/it\/#\/schema\/logo\/image\/"},"sameAs":["https:\/\/www.facebook.com\/pages\/category\/Nonprofit-Organization\/ASSOCIAZIONE-CULTURALE-IL-TEMPORALE-140967012635154\/","https:\/\/www.instagram.com\/iltemporaleaps\/","https:\/\/www.youtube.com\/@scuoladimusicailtemporale7327"]}]}},"_links":{"self":[{"href":"https:\/\/www.iltemporale.it\/it\/wp-json\/wp\/v2\/pages\/6017","targetHints":{"allow":["GET"]}}],"collection":[{"href":"https:\/\/www.iltemporale.it\/it\/wp-json\/wp\/v2\/pages"}],"about":[{"href":"https:\/\/www.iltemporale.it\/it\/wp-json\/wp\/v2\/types\/page"}],"author":[{"embeddable":true,"href":"https:\/\/www.iltemporale.it\/it\/wp-json\/wp\/v2\/users\/1"}],"replies":[{"embeddable":true,"href":"https:\/\/www.iltemporale.it\/it\/wp-json\/wp\/v2\/comments?post=6017"}],"version-history":[{"count":3,"href":"https:\/\/www.iltemporale.it\/it\/wp-json\/wp\/v2\/pages\/6017\/revisions"}],"predecessor-version":[{"id":7919,"href":"https:\/\/www.iltemporale.it\/it\/wp-json\/wp\/v2\/pages\/6017\/revisions\/7919"}],"wp:attachment":[{"href":"https:\/\/www.iltemporale.it\/it\/wp-json\/wp\/v2\/media?parent=6017"}],"curies":[{"name":"wp","href":"https:\/\/api.w.org\/{rel}","templated":true}]}}