{"id":5926,"date":"2023-09-19T20:28:25","date_gmt":"2023-09-19T19:28:25","guid":{"rendered":"https:\/\/www.iltemporale.it\/it\/?page_id=5926"},"modified":"2023-09-19T20:28:27","modified_gmt":"2023-09-19T19:28:27","slug":"musical-che-spettacolo","status":"publish","type":"page","link":"https:\/\/www.iltemporale.it\/it\/musical-che-spettacolo\/","title":{"rendered":"MUSICAL &#8211; CHE SPETTACOLO!"},"content":{"rendered":"\n<h2 class=\"wp-block-heading\">Laboratori creativi per bambini e ragazzi: un viaggio nel mondo del Musical<\/h2>\n\n\n\n<div style=\"height:28px\" aria-hidden=\"true\" class=\"wp-block-spacer\"><\/div>\n\n\n\n<p>\u00c8 un progetto che ha l\u2019intento di far avvicinare bambini e ragazzi ad una forma particolare di espressione musicale quale il MUSICAL. Il Musical rappresenta la fusione perfetta di vocalit\u00e0, espressione strumentale e gestualit\u00e0 corporea ed \u00e8 ricco di numerosi spunti da approfondire: regia, scenografia, costumi, canto, danza, giochi motori, musica, recitazione.<\/p>\n\n\n\n<figure class=\"wp-block-image aligncenter size-full\"><img loading=\"lazy\" decoding=\"async\" width=\"620\" height=\"340\" src=\"https:\/\/www.iltemporale.it\/it\/wp-content\/uploads\/2023\/09\/A-scuola-di-Musical.jpg\" alt=\"\" class=\"wp-image-5928\" srcset=\"https:\/\/www.iltemporale.it\/it\/wp-content\/uploads\/2023\/09\/A-scuola-di-Musical.jpg 620w, https:\/\/www.iltemporale.it\/it\/wp-content\/uploads\/2023\/09\/A-scuola-di-Musical-300x165.jpg 300w, https:\/\/www.iltemporale.it\/it\/wp-content\/uploads\/2023\/09\/A-scuola-di-Musical-500x274.jpg 500w\" sizes=\"auto, (max-width: 620px) 100vw, 620px\" \/><\/figure>\n\n\n\n<p>E&#8217; previsto un incontro settimanale della durata di 1 ora e mezza con la messa in scena di un musical alla fine del corso. I laboratori per la realizzazione del musical-teatrale hanno come obiettivo quello di far imparare facendo (learning by doing) e di promuovere e facilitare una didattica partecipativa e motivante in grado di stimolare le capacit\u00e0 e le competenze. Si privileger\u00e0, pertanto, una didattica delle competenze fondata sul presupposto che gli alunni apprendono meglio quando costruiscono il loro sapere in modo attivo attraverso situazioni di apprendimento fondate sull\u2019esperienza. Ed \u00e8 cos\u00ec che si aiuteranno i bambini a scoprire e perseguire interessi, elevando al massimo il loro grado di coinvolgimento, la loro produttivit\u00e0, i loro talenti.<\/p>\n\n\n\n<p><strong>ATTIVITA\u2019 svolte:<\/strong><\/p>\n\n\n\n<ul class=\"wp-block-list\">\n<li>Scelta dei brani cantati, delle coreografie e del recitato al fine di ottenere una originale rielaborazione del testo;<\/li>\n\n\n\n<li>Laboratorio di danza che ricerca l\u2019espressione corporea totale con la realizzazione di coreografie;<\/li>\n\n\n\n<li>Laboratorio musicale per la scelta di musiche, per l\u2019impostazione vocale e l\u2019utilizzo di strumenti musicali per la realizzazione di cori e sonorizzazioni;<\/li>\n\n\n\n<li>Laboratorio di attivit\u00e0 espressive per la dizione, l\u2019imitazione e la recitazione;<\/li>\n\n\n\n<li>Laboratorio artistico per l\u2019ideazione e la realizzazione di scenografia ed eventuali costumi;<\/li>\n\n\n\n<li>Rappresentazione finale pubblica.<\/li>\n<\/ul>\n\n\n\n<p>Docente <a href=\"https:\/\/www.iltemporale.it\/it\/docente-di-propedeutica-musicale-2\/\">Eleonora Lombardo<\/a><\/p>\n\n\n\n<div style=\"height:61px\" aria-hidden=\"true\" class=\"wp-block-spacer\"><\/div>\n\n\n\n<p class=\"has-text-align-center\">TUTTI I\u00a0<a href=\"http:\/\/www.iltemporale.it\/it\/corsi-di-musica-e-canto\/\">CORSI DELLA SCUOLA DI MUSICA<\/a>\u00a0IL TEMPORALE<\/p>\n","protected":false},"excerpt":{"rendered":"<p>Laboratori creativi per bambini e ragazzi: un viaggio nel mondo del Musical \u00c8 un progetto che ha l\u2019intento di far avvicinare bambini e ragazzi ad una forma particolare di espressione [&hellip;]<\/p>\n","protected":false},"author":1,"featured_media":0,"parent":0,"menu_order":0,"comment_status":"closed","ping_status":"closed","template":"","meta":{"site-sidebar-layout":"default","site-content-layout":"","ast-site-content-layout":"default","site-content-style":"default","site-sidebar-style":"default","ast-global-header-display":"","ast-banner-title-visibility":"","ast-main-header-display":"","ast-hfb-above-header-display":"","ast-hfb-below-header-display":"","ast-hfb-mobile-header-display":"","site-post-title":"","ast-breadcrumbs-content":"","ast-featured-img":"","footer-sml-layout":"","ast-disable-related-posts":"","theme-transparent-header-meta":"","adv-header-id-meta":"","stick-header-meta":"","header-above-stick-meta":"","header-main-stick-meta":"","header-below-stick-meta":"","astra-migrate-meta-layouts":"default","ast-page-background-enabled":"default","ast-page-background-meta":{"desktop":{"background-color":"var(--ast-global-color-5)","background-image":"","background-repeat":"repeat","background-position":"center center","background-size":"auto","background-attachment":"scroll","background-type":"","background-media":"","overlay-type":"","overlay-color":"","overlay-opacity":"","overlay-gradient":""},"tablet":{"background-color":"","background-image":"","background-repeat":"repeat","background-position":"center center","background-size":"auto","background-attachment":"scroll","background-type":"","background-media":"","overlay-type":"","overlay-color":"","overlay-opacity":"","overlay-gradient":""},"mobile":{"background-color":"","background-image":"","background-repeat":"repeat","background-position":"center center","background-size":"auto","background-attachment":"scroll","background-type":"","background-media":"","overlay-type":"","overlay-color":"","overlay-opacity":"","overlay-gradient":""}},"ast-content-background-meta":{"desktop":{"background-color":"var(--ast-global-color-4)","background-image":"","background-repeat":"repeat","background-position":"center center","background-size":"auto","background-attachment":"scroll","background-type":"","background-media":"","overlay-type":"","overlay-color":"","overlay-opacity":"","overlay-gradient":""},"tablet":{"background-color":"var(--ast-global-color-4)","background-image":"","background-repeat":"repeat","background-position":"center center","background-size":"auto","background-attachment":"scroll","background-type":"","background-media":"","overlay-type":"","overlay-color":"","overlay-opacity":"","overlay-gradient":""},"mobile":{"background-color":"var(--ast-global-color-4)","background-image":"","background-repeat":"repeat","background-position":"center center","background-size":"auto","background-attachment":"scroll","background-type":"","background-media":"","overlay-type":"","overlay-color":"","overlay-opacity":"","overlay-gradient":""}},"footnotes":""},"class_list":["post-5926","page","type-page","status-publish","hentry"],"yoast_head":"<!-- This site is optimized with the Yoast SEO plugin v27.6 - https:\/\/yoast.com\/product\/yoast-seo-wordpress\/ -->\r\n<title>MUSICAL - CHE SPETTACOLO! -<\/title>\r\n<meta name=\"description\" content=\"\u00c8 un progetto che ha l\u2019intento di far avvicinare bambini e ragazzi ad una forma particolare di espressione musicale quale il MUSICAL\" \/>\r\n<meta name=\"robots\" content=\"index, follow, max-snippet:-1, max-image-preview:large, max-video-preview:-1\" \/>\r\n<link rel=\"canonical\" href=\"https:\/\/www.iltemporale.it\/it\/musical-che-spettacolo\/\" \/>\r\n<meta property=\"og:locale\" content=\"it_IT\" \/>\r\n<meta property=\"og:type\" content=\"article\" \/>\r\n<meta property=\"og:title\" content=\"MUSICAL - CHE SPETTACOLO! -\" \/>\r\n<meta property=\"og:description\" content=\"\u00c8 un progetto che ha l\u2019intento di far avvicinare bambini e ragazzi ad una forma particolare di espressione musicale quale il MUSICAL\" \/>\r\n<meta property=\"og:url\" content=\"https:\/\/www.iltemporale.it\/it\/musical-che-spettacolo\/\" \/>\r\n<meta property=\"article:publisher\" content=\"https:\/\/www.facebook.com\/pages\/category\/Nonprofit-Organization\/ASSOCIAZIONE-CULTURALE-IL-TEMPORALE-140967012635154\/\" \/>\r\n<meta property=\"article:modified_time\" content=\"2023-09-19T19:28:27+00:00\" \/>\r\n<meta property=\"og:image\" content=\"https:\/\/www.iltemporale.it\/it\/wp-content\/uploads\/2023\/09\/A-scuola-di-Musical.jpg\" \/>\r\n<meta name=\"twitter:card\" content=\"summary_large_image\" \/>\r\n<meta name=\"twitter:label1\" content=\"Tempo di lettura stimato\" \/>\n\t<meta name=\"twitter:data1\" content=\"2 minuti\" \/>\r\n<script type=\"application\/ld+json\" class=\"yoast-schema-graph\">{\"@context\":\"https:\\\/\\\/schema.org\",\"@graph\":[{\"@type\":\"WebPage\",\"@id\":\"https:\\\/\\\/www.iltemporale.it\\\/it\\\/musical-che-spettacolo\\\/\",\"url\":\"https:\\\/\\\/www.iltemporale.it\\\/it\\\/musical-che-spettacolo\\\/\",\"name\":\"MUSICAL - CHE SPETTACOLO! -\",\"isPartOf\":{\"@id\":\"https:\\\/\\\/www.iltemporale.it\\\/it\\\/#website\"},\"primaryImageOfPage\":{\"@id\":\"https:\\\/\\\/www.iltemporale.it\\\/it\\\/musical-che-spettacolo\\\/#primaryimage\"},\"image\":{\"@id\":\"https:\\\/\\\/www.iltemporale.it\\\/it\\\/musical-che-spettacolo\\\/#primaryimage\"},\"thumbnailUrl\":\"https:\\\/\\\/www.iltemporale.it\\\/it\\\/wp-content\\\/uploads\\\/2023\\\/09\\\/A-scuola-di-Musical.jpg\",\"datePublished\":\"2023-09-19T19:28:25+00:00\",\"dateModified\":\"2023-09-19T19:28:27+00:00\",\"description\":\"\u00c8 un progetto che ha l\u2019intento di far avvicinare bambini e ragazzi ad una forma particolare di espressione musicale quale il MUSICAL\",\"breadcrumb\":{\"@id\":\"https:\\\/\\\/www.iltemporale.it\\\/it\\\/musical-che-spettacolo\\\/#breadcrumb\"},\"inLanguage\":\"it-IT\",\"potentialAction\":[{\"@type\":\"ReadAction\",\"target\":[\"https:\\\/\\\/www.iltemporale.it\\\/it\\\/musical-che-spettacolo\\\/\"]}]},{\"@type\":\"ImageObject\",\"inLanguage\":\"it-IT\",\"@id\":\"https:\\\/\\\/www.iltemporale.it\\\/it\\\/musical-che-spettacolo\\\/#primaryimage\",\"url\":\"https:\\\/\\\/www.iltemporale.it\\\/it\\\/wp-content\\\/uploads\\\/2023\\\/09\\\/A-scuola-di-Musical.jpg\",\"contentUrl\":\"https:\\\/\\\/www.iltemporale.it\\\/it\\\/wp-content\\\/uploads\\\/2023\\\/09\\\/A-scuola-di-Musical.jpg\",\"width\":620,\"height\":340},{\"@type\":\"BreadcrumbList\",\"@id\":\"https:\\\/\\\/www.iltemporale.it\\\/it\\\/musical-che-spettacolo\\\/#breadcrumb\",\"itemListElement\":[{\"@type\":\"ListItem\",\"position\":1,\"name\":\"Home\",\"item\":\"https:\\\/\\\/www.iltemporale.it\\\/it\\\/\"},{\"@type\":\"ListItem\",\"position\":2,\"name\":\"MUSICAL &#8211; CHE SPETTACOLO!\"}]},{\"@type\":\"WebSite\",\"@id\":\"https:\\\/\\\/www.iltemporale.it\\\/it\\\/#website\",\"url\":\"https:\\\/\\\/www.iltemporale.it\\\/it\\\/\",\"name\":\"Il Temporale Associazione Culturale\",\"description\":\"\",\"publisher\":{\"@id\":\"https:\\\/\\\/www.iltemporale.it\\\/it\\\/#organization\"},\"potentialAction\":[{\"@type\":\"SearchAction\",\"target\":{\"@type\":\"EntryPoint\",\"urlTemplate\":\"https:\\\/\\\/www.iltemporale.it\\\/it\\\/?s={search_term_string}\"},\"query-input\":{\"@type\":\"PropertyValueSpecification\",\"valueRequired\":true,\"valueName\":\"search_term_string\"}}],\"inLanguage\":\"it-IT\"},{\"@type\":\"Organization\",\"@id\":\"https:\\\/\\\/www.iltemporale.it\\\/it\\\/#organization\",\"name\":\"ASSOCIAZIONE CULTURALE IL TEMPORALE APS\",\"url\":\"https:\\\/\\\/www.iltemporale.it\\\/it\\\/\",\"logo\":{\"@type\":\"ImageObject\",\"inLanguage\":\"it-IT\",\"@id\":\"https:\\\/\\\/www.iltemporale.it\\\/it\\\/#\\\/schema\\\/logo\\\/image\\\/\",\"url\":\"https:\\\/\\\/www.iltemporale.it\\\/it\\\/wp-content\\\/uploads\\\/2025\\\/11\\\/cropped-cropped-Logo-IL-TEMPORALE-1.jpg\",\"contentUrl\":\"https:\\\/\\\/www.iltemporale.it\\\/it\\\/wp-content\\\/uploads\\\/2025\\\/11\\\/cropped-cropped-Logo-IL-TEMPORALE-1.jpg\",\"width\":2174,\"height\":1093,\"caption\":\"ASSOCIAZIONE CULTURALE IL TEMPORALE APS\"},\"image\":{\"@id\":\"https:\\\/\\\/www.iltemporale.it\\\/it\\\/#\\\/schema\\\/logo\\\/image\\\/\"},\"sameAs\":[\"https:\\\/\\\/www.facebook.com\\\/pages\\\/category\\\/Nonprofit-Organization\\\/ASSOCIAZIONE-CULTURALE-IL-TEMPORALE-140967012635154\\\/\",\"https:\\\/\\\/www.instagram.com\\\/iltemporaleaps\\\/\",\"https:\\\/\\\/www.youtube.com\\\/@scuoladimusicailtemporale7327\"]}]}<\/script>\r\n<!-- \/ Yoast SEO plugin. -->","yoast_head_json":{"title":"MUSICAL - CHE SPETTACOLO! -","description":"\u00c8 un progetto che ha l\u2019intento di far avvicinare bambini e ragazzi ad una forma particolare di espressione musicale quale il MUSICAL","robots":{"index":"index","follow":"follow","max-snippet":"max-snippet:-1","max-image-preview":"max-image-preview:large","max-video-preview":"max-video-preview:-1"},"canonical":"https:\/\/www.iltemporale.it\/it\/musical-che-spettacolo\/","og_locale":"it_IT","og_type":"article","og_title":"MUSICAL - CHE SPETTACOLO! -","og_description":"\u00c8 un progetto che ha l\u2019intento di far avvicinare bambini e ragazzi ad una forma particolare di espressione musicale quale il MUSICAL","og_url":"https:\/\/www.iltemporale.it\/it\/musical-che-spettacolo\/","article_publisher":"https:\/\/www.facebook.com\/pages\/category\/Nonprofit-Organization\/ASSOCIAZIONE-CULTURALE-IL-TEMPORALE-140967012635154\/","article_modified_time":"2023-09-19T19:28:27+00:00","og_image":[{"url":"https:\/\/www.iltemporale.it\/it\/wp-content\/uploads\/2023\/09\/A-scuola-di-Musical.jpg","type":"","width":"","height":""}],"twitter_card":"summary_large_image","twitter_misc":{"Tempo di lettura stimato":"2 minuti"},"schema":{"@context":"https:\/\/schema.org","@graph":[{"@type":"WebPage","@id":"https:\/\/www.iltemporale.it\/it\/musical-che-spettacolo\/","url":"https:\/\/www.iltemporale.it\/it\/musical-che-spettacolo\/","name":"MUSICAL - CHE SPETTACOLO! -","isPartOf":{"@id":"https:\/\/www.iltemporale.it\/it\/#website"},"primaryImageOfPage":{"@id":"https:\/\/www.iltemporale.it\/it\/musical-che-spettacolo\/#primaryimage"},"image":{"@id":"https:\/\/www.iltemporale.it\/it\/musical-che-spettacolo\/#primaryimage"},"thumbnailUrl":"https:\/\/www.iltemporale.it\/it\/wp-content\/uploads\/2023\/09\/A-scuola-di-Musical.jpg","datePublished":"2023-09-19T19:28:25+00:00","dateModified":"2023-09-19T19:28:27+00:00","description":"\u00c8 un progetto che ha l\u2019intento di far avvicinare bambini e ragazzi ad una forma particolare di espressione musicale quale il MUSICAL","breadcrumb":{"@id":"https:\/\/www.iltemporale.it\/it\/musical-che-spettacolo\/#breadcrumb"},"inLanguage":"it-IT","potentialAction":[{"@type":"ReadAction","target":["https:\/\/www.iltemporale.it\/it\/musical-che-spettacolo\/"]}]},{"@type":"ImageObject","inLanguage":"it-IT","@id":"https:\/\/www.iltemporale.it\/it\/musical-che-spettacolo\/#primaryimage","url":"https:\/\/www.iltemporale.it\/it\/wp-content\/uploads\/2023\/09\/A-scuola-di-Musical.jpg","contentUrl":"https:\/\/www.iltemporale.it\/it\/wp-content\/uploads\/2023\/09\/A-scuola-di-Musical.jpg","width":620,"height":340},{"@type":"BreadcrumbList","@id":"https:\/\/www.iltemporale.it\/it\/musical-che-spettacolo\/#breadcrumb","itemListElement":[{"@type":"ListItem","position":1,"name":"Home","item":"https:\/\/www.iltemporale.it\/it\/"},{"@type":"ListItem","position":2,"name":"MUSICAL &#8211; CHE SPETTACOLO!"}]},{"@type":"WebSite","@id":"https:\/\/www.iltemporale.it\/it\/#website","url":"https:\/\/www.iltemporale.it\/it\/","name":"Il Temporale Associazione Culturale","description":"","publisher":{"@id":"https:\/\/www.iltemporale.it\/it\/#organization"},"potentialAction":[{"@type":"SearchAction","target":{"@type":"EntryPoint","urlTemplate":"https:\/\/www.iltemporale.it\/it\/?s={search_term_string}"},"query-input":{"@type":"PropertyValueSpecification","valueRequired":true,"valueName":"search_term_string"}}],"inLanguage":"it-IT"},{"@type":"Organization","@id":"https:\/\/www.iltemporale.it\/it\/#organization","name":"ASSOCIAZIONE CULTURALE IL TEMPORALE APS","url":"https:\/\/www.iltemporale.it\/it\/","logo":{"@type":"ImageObject","inLanguage":"it-IT","@id":"https:\/\/www.iltemporale.it\/it\/#\/schema\/logo\/image\/","url":"https:\/\/www.iltemporale.it\/it\/wp-content\/uploads\/2025\/11\/cropped-cropped-Logo-IL-TEMPORALE-1.jpg","contentUrl":"https:\/\/www.iltemporale.it\/it\/wp-content\/uploads\/2025\/11\/cropped-cropped-Logo-IL-TEMPORALE-1.jpg","width":2174,"height":1093,"caption":"ASSOCIAZIONE CULTURALE IL TEMPORALE APS"},"image":{"@id":"https:\/\/www.iltemporale.it\/it\/#\/schema\/logo\/image\/"},"sameAs":["https:\/\/www.facebook.com\/pages\/category\/Nonprofit-Organization\/ASSOCIAZIONE-CULTURALE-IL-TEMPORALE-140967012635154\/","https:\/\/www.instagram.com\/iltemporaleaps\/","https:\/\/www.youtube.com\/@scuoladimusicailtemporale7327"]}]}},"_links":{"self":[{"href":"https:\/\/www.iltemporale.it\/it\/wp-json\/wp\/v2\/pages\/5926","targetHints":{"allow":["GET"]}}],"collection":[{"href":"https:\/\/www.iltemporale.it\/it\/wp-json\/wp\/v2\/pages"}],"about":[{"href":"https:\/\/www.iltemporale.it\/it\/wp-json\/wp\/v2\/types\/page"}],"author":[{"embeddable":true,"href":"https:\/\/www.iltemporale.it\/it\/wp-json\/wp\/v2\/users\/1"}],"replies":[{"embeddable":true,"href":"https:\/\/www.iltemporale.it\/it\/wp-json\/wp\/v2\/comments?post=5926"}],"version-history":[{"count":2,"href":"https:\/\/www.iltemporale.it\/it\/wp-json\/wp\/v2\/pages\/5926\/revisions"}],"predecessor-version":[{"id":5930,"href":"https:\/\/www.iltemporale.it\/it\/wp-json\/wp\/v2\/pages\/5926\/revisions\/5930"}],"wp:attachment":[{"href":"https:\/\/www.iltemporale.it\/it\/wp-json\/wp\/v2\/media?parent=5926"}],"curies":[{"name":"wp","href":"https:\/\/api.w.org\/{rel}","templated":true}]}}