{"id":4918,"date":"2022-02-23T18:17:59","date_gmt":"2022-02-23T17:17:59","guid":{"rendered":"https:\/\/www.iltemporale.it\/it\/?page_id=4918"},"modified":"2026-01-29T18:34:23","modified_gmt":"2026-01-29T17:34:23","slug":"musica-maestro","status":"publish","type":"page","link":"https:\/\/www.iltemporale.it\/it\/musica-maestro\/","title":{"rendered":"Musica Maestro"},"content":{"rendered":"\n<div style=\"height:100px\" aria-hidden=\"true\" class=\"wp-block-spacer\"><\/div>\n\n\n\n<h1>Musica Maestro<\/h1>\n\n\n\n<h4><em>Laboratorio musicale per bambini dai 3 ai 6 anni<\/em><\/h4>\n\n\n\n<div style=\"height:50px\" aria-hidden=\"true\" class=\"wp-block-spacer\"><\/div>\n\n\n\n<figure class=\"wp-block-image aligncenter size-large is-resized\"><img loading=\"lazy\" decoding=\"async\" width=\"1024\" height=\"585\" src=\"http:\/\/www.iltemporale.it\/it\/wp-content\/uploads\/2022\/02\/musica-maestro-1024x585.jpg\" alt=\"musica maestro\" class=\"wp-image-4928\" style=\"aspect-ratio:1.75044739442827;width:668px;height:auto\"\/><\/figure>\n\n\n\n<div style=\"height:43px\" aria-hidden=\"true\" class=\"wp-block-spacer\"><\/div>\n\n\n\n<h5><strong>PRESENTAZIONE:<\/strong><\/h5>\n<p>Chi ha mai detto che la musica \u00e8 roba da grandi?<br><em><strong>MUSICA MAESTRO<\/strong><\/em> \u00e8 un laboratorio strutturato proprio per introdurre i bambini dai 3 ai 6 anni nel magico mondo della musica!<br>Attraverso il corpo e il movimento si sviluppa il contatto con la musica e i suoni, il tutto condito con la pratica dello strumentario ORFF (tamburi, tamburelli, campanelle, legnetti, maracas, xilofoni, etc.).<br>I bambini sono sempre attivi, musica-movimento-gioco diventano per loro fonte di apprendimento.<br>In <em><strong>MUSICA MAESTRO<\/strong><\/em> si incomincia molto presto anche a leggere le prime forme di cellule ritmiche attraverso attivit\u00e0 giocose e di scoperta, rendendo questa acquisizione davvero stimolante e divertente!<br>Imparare fin da subito a leggere il ritmo con la facilit\u00e0 e semplicit\u00e0 con cui sanno assimilare in questa et\u00e0, li favorir\u00e0 notevolmente negli anni futuri, quando incominceranno la pratica di uno strumento musicale.<\/p>\n<p>&nbsp;<\/p>\n<h5><strong>ARGOMENTI:<\/strong><\/h5>\n<p><strong>CARATTERISTICHE DEL SUONO<\/strong><br>Distinzione dei seguenti parametri:<br>Piano &#8211; forte<br>Lento &#8211; veloce<br>Agitato\/pauroso &#8211; tranquillo<br>Felice &#8211; triste<br>Pulsazione presente &#8211; pulsazione assente &#8211; Cos\u2019\u00e8 la pulsazione?<\/p>\n<p><strong>MOVIMENTO<\/strong><br>Iniziare a percepire il tempo di una musica e a tenerlo sia con il corpo che con lo strumentario ORFF.<br>Si lavora anche sul ritmo (che \u00e8 differente dal tempo) incominciando a distinguere i suoni pi\u00f9 lunghi (e quindi lenti) da quelli pi\u00f9 corti (ovvero rapidi).<\/p>\n<p><strong>SUONO &amp; CANTO<\/strong><br>Durante il corso si sfrutter\u00e0 lo strumentario ORFF per suonare sopra delle musiche del repertorio classico e didattico.<br>Lo strumentario ORFF verr\u00e0 anche inserito su semplici canti, in modo da lavorare anche sulla coordinazione voce-movimento.<br>In queste attivit\u00e0 i bambini imparano anche a prestare attenzione a semplici gesti dell\u2019insegnante, in modo da creare una vera e propria orchestra.<\/p>\n<p><strong>RITMO<\/strong><\/p>\n<p>Con riferimento alle cellule ritmiche sopra indicate:<br>&#8211; Suonare seguendo uno spartito ritmico<br>&#8211; Creare loro stessi uno spartito ritmico<br>&#8211; Suonare sulla musica seguendo uno spartito ritmico<\/p>\n<p>&nbsp;<\/p>\n<p>Le musiche utilizzare durante il corso provengono dal repertorio classico e didattico.<br>Alcune musiche sono state adattate e arrangiate appositamente per <em><strong>MUSICA MAESTRO<\/strong><\/em>.<\/p>\n\n\n\n<div style=\"height:55px\" aria-hidden=\"true\" class=\"wp-block-spacer\"><\/div>\n\n\n\n<h5 class=\"has-text-align-center\" style=\"text-align: center;\">TUTTI I\u00a0<a href=\"http:\/\/www.iltemporale.it\/it\/corsi-di-musica-e-canto\/\">CORSI DELLA SCUOLA DI MUSICA<\/a>\u00a0IL TEMPORALE<\/h5>\n<p>\u00a0<\/p>\n\n\n\n<div style=\"height:100px\" aria-hidden=\"true\" class=\"wp-block-spacer\"><\/div>\n","protected":false},"excerpt":{"rendered":"<p>Musica Maestro Laboratorio musicale per bambini dai 3 ai 6 anni PRESENTAZIONE: Chi ha mai detto che la musica \u00e8 roba da grandi?MUSICA MAESTRO \u00e8 un laboratorio strutturato proprio per [&hellip;]<\/p>\n","protected":false},"author":1,"featured_media":0,"parent":0,"menu_order":0,"comment_status":"closed","ping_status":"closed","template":"","meta":{"site-sidebar-layout":"default","site-content-layout":"","ast-site-content-layout":"default","site-content-style":"default","site-sidebar-style":"default","ast-global-header-display":"","ast-banner-title-visibility":"","ast-main-header-display":"","ast-hfb-above-header-display":"","ast-hfb-below-header-display":"","ast-hfb-mobile-header-display":"","site-post-title":"disabled","ast-breadcrumbs-content":"","ast-featured-img":"","footer-sml-layout":"","ast-disable-related-posts":"","theme-transparent-header-meta":"","adv-header-id-meta":"","stick-header-meta":"","header-above-stick-meta":"","header-main-stick-meta":"","header-below-stick-meta":"","astra-migrate-meta-layouts":"default","ast-page-background-enabled":"default","ast-page-background-meta":{"desktop":{"background-color":"var(--ast-global-color-5)","background-image":"","background-repeat":"repeat","background-position":"center center","background-size":"auto","background-attachment":"scroll","background-type":"","background-media":"","overlay-type":"","overlay-color":"","overlay-opacity":"","overlay-gradient":""},"tablet":{"background-color":"","background-image":"","background-repeat":"repeat","background-position":"center center","background-size":"auto","background-attachment":"scroll","background-type":"","background-media":"","overlay-type":"","overlay-color":"","overlay-opacity":"","overlay-gradient":""},"mobile":{"background-color":"","background-image":"","background-repeat":"repeat","background-position":"center center","background-size":"auto","background-attachment":"scroll","background-type":"","background-media":"","overlay-type":"","overlay-color":"","overlay-opacity":"","overlay-gradient":""}},"ast-content-background-meta":{"desktop":{"background-color":"var(--ast-global-color-4)","background-image":"","background-repeat":"repeat","background-position":"center center","background-size":"auto","background-attachment":"scroll","background-type":"","background-media":"","overlay-type":"","overlay-color":"","overlay-opacity":"","overlay-gradient":""},"tablet":{"background-color":"var(--ast-global-color-4)","background-image":"","background-repeat":"repeat","background-position":"center center","background-size":"auto","background-attachment":"scroll","background-type":"","background-media":"","overlay-type":"","overlay-color":"","overlay-opacity":"","overlay-gradient":""},"mobile":{"background-color":"var(--ast-global-color-4)","background-image":"","background-repeat":"repeat","background-position":"center center","background-size":"auto","background-attachment":"scroll","background-type":"","background-media":"","overlay-type":"","overlay-color":"","overlay-opacity":"","overlay-gradient":""}},"footnotes":""},"class_list":["post-4918","page","type-page","status-publish","hentry"],"yoast_head":"<!-- This site is optimized with the Yoast SEO plugin v27.3 - https:\/\/yoast.com\/product\/yoast-seo-wordpress\/ -->\r\n<title>Musica Maestro -<\/title>\r\n<meta name=\"description\" content=\"Musica Maestro \u00e8 un laboratorio strutturato proprio per introdurre i bambini dai 3 ai 6 anni nel magico mondo della musica!\" \/>\r\n<meta name=\"robots\" content=\"index, follow, max-snippet:-1, max-image-preview:large, max-video-preview:-1\" \/>\r\n<link rel=\"canonical\" href=\"https:\/\/www.iltemporale.it\/it\/musica-maestro\/\" \/>\r\n<meta property=\"og:locale\" content=\"it_IT\" \/>\r\n<meta property=\"og:type\" content=\"article\" \/>\r\n<meta property=\"og:title\" content=\"Musica Maestro -\" \/>\r\n<meta property=\"og:description\" content=\"Musica Maestro \u00e8 un laboratorio strutturato proprio per introdurre i bambini dai 3 ai 6 anni nel magico mondo della musica!\" \/>\r\n<meta property=\"og:url\" content=\"https:\/\/www.iltemporale.it\/it\/musica-maestro\/\" \/>\r\n<meta property=\"article:publisher\" content=\"https:\/\/www.facebook.com\/pages\/category\/Nonprofit-Organization\/ASSOCIAZIONE-CULTURALE-IL-TEMPORALE-140967012635154\/\" \/>\r\n<meta property=\"article:modified_time\" content=\"2026-01-29T17:34:23+00:00\" \/>\r\n<meta property=\"og:image\" content=\"https:\/\/www.iltemporale.it\/it\/wp-content\/uploads\/2022\/02\/musica-maestro-e1645636415658.jpg\" \/>\r\n\t<meta property=\"og:image:width\" content=\"386\" \/>\r\n\t<meta property=\"og:image:height\" content=\"221\" \/>\r\n\t<meta property=\"og:image:type\" content=\"image\/jpeg\" \/>\r\n<meta name=\"twitter:card\" content=\"summary_large_image\" \/>\r\n<meta name=\"twitter:label1\" content=\"Tempo di lettura stimato\" \/>\n\t<meta name=\"twitter:data1\" content=\"3 minuti\" \/>\r\n<script type=\"application\/ld+json\" class=\"yoast-schema-graph\">{\"@context\":\"https:\\\/\\\/schema.org\",\"@graph\":[{\"@type\":\"WebPage\",\"@id\":\"https:\\\/\\\/www.iltemporale.it\\\/it\\\/musica-maestro\\\/\",\"url\":\"https:\\\/\\\/www.iltemporale.it\\\/it\\\/musica-maestro\\\/\",\"name\":\"Musica Maestro -\",\"isPartOf\":{\"@id\":\"https:\\\/\\\/www.iltemporale.it\\\/it\\\/#website\"},\"primaryImageOfPage\":{\"@id\":\"https:\\\/\\\/www.iltemporale.it\\\/it\\\/musica-maestro\\\/#primaryimage\"},\"image\":{\"@id\":\"https:\\\/\\\/www.iltemporale.it\\\/it\\\/musica-maestro\\\/#primaryimage\"},\"thumbnailUrl\":\"http:\\\/\\\/www.iltemporale.it\\\/it\\\/wp-content\\\/uploads\\\/2022\\\/02\\\/musica-maestro-1024x585.jpg\",\"datePublished\":\"2022-02-23T17:17:59+00:00\",\"dateModified\":\"2026-01-29T17:34:23+00:00\",\"description\":\"Musica Maestro \u00e8 un laboratorio strutturato proprio per introdurre i bambini dai 3 ai 6 anni nel magico mondo della musica!\",\"breadcrumb\":{\"@id\":\"https:\\\/\\\/www.iltemporale.it\\\/it\\\/musica-maestro\\\/#breadcrumb\"},\"inLanguage\":\"it-IT\",\"potentialAction\":[{\"@type\":\"ReadAction\",\"target\":[\"https:\\\/\\\/www.iltemporale.it\\\/it\\\/musica-maestro\\\/\"]}]},{\"@type\":\"ImageObject\",\"inLanguage\":\"it-IT\",\"@id\":\"https:\\\/\\\/www.iltemporale.it\\\/it\\\/musica-maestro\\\/#primaryimage\",\"url\":\"http:\\\/\\\/www.iltemporale.it\\\/it\\\/wp-content\\\/uploads\\\/2022\\\/02\\\/musica-maestro-1024x585.jpg\",\"contentUrl\":\"http:\\\/\\\/www.iltemporale.it\\\/it\\\/wp-content\\\/uploads\\\/2022\\\/02\\\/musica-maestro-1024x585.jpg\"},{\"@type\":\"BreadcrumbList\",\"@id\":\"https:\\\/\\\/www.iltemporale.it\\\/it\\\/musica-maestro\\\/#breadcrumb\",\"itemListElement\":[{\"@type\":\"ListItem\",\"position\":1,\"name\":\"Home\",\"item\":\"https:\\\/\\\/www.iltemporale.it\\\/it\\\/\"},{\"@type\":\"ListItem\",\"position\":2,\"name\":\"Musica Maestro\"}]},{\"@type\":\"WebSite\",\"@id\":\"https:\\\/\\\/www.iltemporale.it\\\/it\\\/#website\",\"url\":\"https:\\\/\\\/www.iltemporale.it\\\/it\\\/\",\"name\":\"Il Temporale Associazione Culturale\",\"description\":\"\",\"publisher\":{\"@id\":\"https:\\\/\\\/www.iltemporale.it\\\/it\\\/#organization\"},\"potentialAction\":[{\"@type\":\"SearchAction\",\"target\":{\"@type\":\"EntryPoint\",\"urlTemplate\":\"https:\\\/\\\/www.iltemporale.it\\\/it\\\/?s={search_term_string}\"},\"query-input\":{\"@type\":\"PropertyValueSpecification\",\"valueRequired\":true,\"valueName\":\"search_term_string\"}}],\"inLanguage\":\"it-IT\"},{\"@type\":\"Organization\",\"@id\":\"https:\\\/\\\/www.iltemporale.it\\\/it\\\/#organization\",\"name\":\"ASSOCIAZIONE CULTURALE IL TEMPORALE APS\",\"url\":\"https:\\\/\\\/www.iltemporale.it\\\/it\\\/\",\"logo\":{\"@type\":\"ImageObject\",\"inLanguage\":\"it-IT\",\"@id\":\"https:\\\/\\\/www.iltemporale.it\\\/it\\\/#\\\/schema\\\/logo\\\/image\\\/\",\"url\":\"https:\\\/\\\/www.iltemporale.it\\\/it\\\/wp-content\\\/uploads\\\/2025\\\/11\\\/cropped-cropped-Logo-IL-TEMPORALE-1.jpg\",\"contentUrl\":\"https:\\\/\\\/www.iltemporale.it\\\/it\\\/wp-content\\\/uploads\\\/2025\\\/11\\\/cropped-cropped-Logo-IL-TEMPORALE-1.jpg\",\"width\":2174,\"height\":1093,\"caption\":\"ASSOCIAZIONE CULTURALE IL TEMPORALE APS\"},\"image\":{\"@id\":\"https:\\\/\\\/www.iltemporale.it\\\/it\\\/#\\\/schema\\\/logo\\\/image\\\/\"},\"sameAs\":[\"https:\\\/\\\/www.facebook.com\\\/pages\\\/category\\\/Nonprofit-Organization\\\/ASSOCIAZIONE-CULTURALE-IL-TEMPORALE-140967012635154\\\/\",\"https:\\\/\\\/www.instagram.com\\\/iltemporaleaps\\\/\",\"https:\\\/\\\/www.youtube.com\\\/@scuoladimusicailtemporale7327\"]}]}<\/script>\r\n<!-- \/ Yoast SEO plugin. -->","yoast_head_json":{"title":"Musica Maestro -","description":"Musica Maestro \u00e8 un laboratorio strutturato proprio per introdurre i bambini dai 3 ai 6 anni nel magico mondo della musica!","robots":{"index":"index","follow":"follow","max-snippet":"max-snippet:-1","max-image-preview":"max-image-preview:large","max-video-preview":"max-video-preview:-1"},"canonical":"https:\/\/www.iltemporale.it\/it\/musica-maestro\/","og_locale":"it_IT","og_type":"article","og_title":"Musica Maestro -","og_description":"Musica Maestro \u00e8 un laboratorio strutturato proprio per introdurre i bambini dai 3 ai 6 anni nel magico mondo della musica!","og_url":"https:\/\/www.iltemporale.it\/it\/musica-maestro\/","article_publisher":"https:\/\/www.facebook.com\/pages\/category\/Nonprofit-Organization\/ASSOCIAZIONE-CULTURALE-IL-TEMPORALE-140967012635154\/","article_modified_time":"2026-01-29T17:34:23+00:00","og_image":[{"width":386,"height":221,"url":"https:\/\/www.iltemporale.it\/it\/wp-content\/uploads\/2022\/02\/musica-maestro-e1645636415658.jpg","type":"image\/jpeg"}],"twitter_card":"summary_large_image","twitter_misc":{"Tempo di lettura stimato":"3 minuti"},"schema":{"@context":"https:\/\/schema.org","@graph":[{"@type":"WebPage","@id":"https:\/\/www.iltemporale.it\/it\/musica-maestro\/","url":"https:\/\/www.iltemporale.it\/it\/musica-maestro\/","name":"Musica Maestro -","isPartOf":{"@id":"https:\/\/www.iltemporale.it\/it\/#website"},"primaryImageOfPage":{"@id":"https:\/\/www.iltemporale.it\/it\/musica-maestro\/#primaryimage"},"image":{"@id":"https:\/\/www.iltemporale.it\/it\/musica-maestro\/#primaryimage"},"thumbnailUrl":"http:\/\/www.iltemporale.it\/it\/wp-content\/uploads\/2022\/02\/musica-maestro-1024x585.jpg","datePublished":"2022-02-23T17:17:59+00:00","dateModified":"2026-01-29T17:34:23+00:00","description":"Musica Maestro \u00e8 un laboratorio strutturato proprio per introdurre i bambini dai 3 ai 6 anni nel magico mondo della musica!","breadcrumb":{"@id":"https:\/\/www.iltemporale.it\/it\/musica-maestro\/#breadcrumb"},"inLanguage":"it-IT","potentialAction":[{"@type":"ReadAction","target":["https:\/\/www.iltemporale.it\/it\/musica-maestro\/"]}]},{"@type":"ImageObject","inLanguage":"it-IT","@id":"https:\/\/www.iltemporale.it\/it\/musica-maestro\/#primaryimage","url":"http:\/\/www.iltemporale.it\/it\/wp-content\/uploads\/2022\/02\/musica-maestro-1024x585.jpg","contentUrl":"http:\/\/www.iltemporale.it\/it\/wp-content\/uploads\/2022\/02\/musica-maestro-1024x585.jpg"},{"@type":"BreadcrumbList","@id":"https:\/\/www.iltemporale.it\/it\/musica-maestro\/#breadcrumb","itemListElement":[{"@type":"ListItem","position":1,"name":"Home","item":"https:\/\/www.iltemporale.it\/it\/"},{"@type":"ListItem","position":2,"name":"Musica Maestro"}]},{"@type":"WebSite","@id":"https:\/\/www.iltemporale.it\/it\/#website","url":"https:\/\/www.iltemporale.it\/it\/","name":"Il Temporale Associazione Culturale","description":"","publisher":{"@id":"https:\/\/www.iltemporale.it\/it\/#organization"},"potentialAction":[{"@type":"SearchAction","target":{"@type":"EntryPoint","urlTemplate":"https:\/\/www.iltemporale.it\/it\/?s={search_term_string}"},"query-input":{"@type":"PropertyValueSpecification","valueRequired":true,"valueName":"search_term_string"}}],"inLanguage":"it-IT"},{"@type":"Organization","@id":"https:\/\/www.iltemporale.it\/it\/#organization","name":"ASSOCIAZIONE CULTURALE IL TEMPORALE APS","url":"https:\/\/www.iltemporale.it\/it\/","logo":{"@type":"ImageObject","inLanguage":"it-IT","@id":"https:\/\/www.iltemporale.it\/it\/#\/schema\/logo\/image\/","url":"https:\/\/www.iltemporale.it\/it\/wp-content\/uploads\/2025\/11\/cropped-cropped-Logo-IL-TEMPORALE-1.jpg","contentUrl":"https:\/\/www.iltemporale.it\/it\/wp-content\/uploads\/2025\/11\/cropped-cropped-Logo-IL-TEMPORALE-1.jpg","width":2174,"height":1093,"caption":"ASSOCIAZIONE CULTURALE IL TEMPORALE APS"},"image":{"@id":"https:\/\/www.iltemporale.it\/it\/#\/schema\/logo\/image\/"},"sameAs":["https:\/\/www.facebook.com\/pages\/category\/Nonprofit-Organization\/ASSOCIAZIONE-CULTURALE-IL-TEMPORALE-140967012635154\/","https:\/\/www.instagram.com\/iltemporaleaps\/","https:\/\/www.youtube.com\/@scuoladimusicailtemporale7327"]}]}},"_links":{"self":[{"href":"https:\/\/www.iltemporale.it\/it\/wp-json\/wp\/v2\/pages\/4918","targetHints":{"allow":["GET"]}}],"collection":[{"href":"https:\/\/www.iltemporale.it\/it\/wp-json\/wp\/v2\/pages"}],"about":[{"href":"https:\/\/www.iltemporale.it\/it\/wp-json\/wp\/v2\/types\/page"}],"author":[{"embeddable":true,"href":"https:\/\/www.iltemporale.it\/it\/wp-json\/wp\/v2\/users\/1"}],"replies":[{"embeddable":true,"href":"https:\/\/www.iltemporale.it\/it\/wp-json\/wp\/v2\/comments?post=4918"}],"version-history":[{"count":18,"href":"https:\/\/www.iltemporale.it\/it\/wp-json\/wp\/v2\/pages\/4918\/revisions"}],"predecessor-version":[{"id":7929,"href":"https:\/\/www.iltemporale.it\/it\/wp-json\/wp\/v2\/pages\/4918\/revisions\/7929"}],"wp:attachment":[{"href":"https:\/\/www.iltemporale.it\/it\/wp-json\/wp\/v2\/media?parent=4918"}],"curies":[{"name":"wp","href":"https:\/\/api.w.org\/{rel}","templated":true}]}}