{"id":3618,"date":"2020-09-29T16:45:10","date_gmt":"2020-09-29T15:45:10","guid":{"rendered":"http:\/\/www.iltemporale.it\/it\/?page_id=3618"},"modified":"2026-01-29T18:00:31","modified_gmt":"2026-01-29T17:00:31","slug":"insegnante-di-flauto-traverso-e-ocarina","status":"publish","type":"page","link":"https:\/\/www.iltemporale.it\/it\/insegnante-di-flauto-traverso-e-ocarina\/","title":{"rendered":"Insegnante di flauto traverso e ocarina"},"content":{"rendered":"\n<div style=\"height:100px\" aria-hidden=\"true\" class=\"wp-block-spacer\"><\/div>\n\n\n\n<h2 class=\"wp-block-heading\">Emiliano Bernagozzi insegnante di flauto traverso e ocarina<\/h2>\n\n\n\n<div style=\"height:50px\" aria-hidden=\"true\" class=\"wp-block-spacer\"><\/div>\n\n\n\n<div class=\"wp-block-media-text alignwide is-stacked-on-mobile\"><figure class=\"wp-block-media-text__media\"><img loading=\"lazy\" decoding=\"async\" width=\"976\" height=\"783\" src=\"http:\/\/www.iltemporale.it\/it\/wp-content\/uploads\/2020\/09\/Emiliano-Bernagozzi-insegnante-di-flauto-traverso.jpg\" alt=\"Emiliano Bernagozzi insegnante di flauto traverso scuola di musica\" class=\"wp-image-3619 size-full\" srcset=\"https:\/\/www.iltemporale.it\/it\/wp-content\/uploads\/2020\/09\/Emiliano-Bernagozzi-insegnante-di-flauto-traverso.jpg 976w, https:\/\/www.iltemporale.it\/it\/wp-content\/uploads\/2020\/09\/Emiliano-Bernagozzi-insegnante-di-flauto-traverso-300x241.jpg 300w, https:\/\/www.iltemporale.it\/it\/wp-content\/uploads\/2020\/09\/Emiliano-Bernagozzi-insegnante-di-flauto-traverso-768x616.jpg 768w, https:\/\/www.iltemporale.it\/it\/wp-content\/uploads\/2020\/09\/Emiliano-Bernagozzi-insegnante-di-flauto-traverso-374x300.jpg 374w\" sizes=\"auto, (max-width: 976px) 100vw, 976px\" \/><\/figure><div class=\"wp-block-media-text__content\">\n<p style=\"font-size:25px\">Inizia gli studi musicali all\u2019et\u00e0 di dieci anni diplomandosi giovanissimo, nel 1987 al Conservatorio \u201cG.<br>\nFrescobaldi\u201d di Ferrara con il massimo dei voti sotto la guida del Prof. Ivano Melato.<\/p>\n<\/div><\/div>\n\n\n\n<div style=\"height:50px\" aria-hidden=\"true\" class=\"wp-block-spacer\"><\/div>\n\n\n\n<p>Successivamente ha seguito i corsi di perfezionamento con i Maestri: M. Conti, G. Zagnoni, A. Marion e G. T.  Bossi.<br>Svolge attivit\u00e0 concertistica collaborando sia con gruppi da camera e con prestigiose Orchestre: Parma  Opera Ensemble, Teatro Comunale di Bologna, Orchestra Sinfonica dell\u2019Emilia Romagna \u201cA. Toscanini\u201d,  Festival Internazionale di Riva del Garda, Orchestra Internazionale d\u2019Italia, Ensemble \u201cE. Varese\u201d, Orchestra  Filarmonica Marchigiana, Orchestra da Camera di Mantova, Orchestra Filarmonica Italiana, Orchestra da Camera \u201cI Virtuosi Italiani\u201d, Orchestra da Camera Italiana di Salvatore Accardo e Orchestra del Teatro Regio  di Parma con la quale collabora tuttora alternandosi nei ruoli di Flautista e Ottavinista.<br> E\u2019 stato diretto da grandi direttori d\u2019Orchestra e ha suonato con i seguenti solisti: Ennio Morricone,  Riccardo Muti, Yuri Temirkanov, Lorin Maazel, Riccardo Chailly, Donato Renzetti, Nello Santi, Giuseppe  Sinopoli, Marcello Rota, Romano Gandolfi, Gianluigi Gelmetti, Douglas Boyd, Pinchas Stainberg, Roberto  Abbado, Bruno Bartoletti, Rudolf Barshai, Michel Plasson, Salvatore Accardo, Mariella Devia, Jos\u00e8 Carreras,  Luciano Pavarotti, Francesco Meli, Andrea Bocelli, Marcelo Alvarez e tanti altri. Prendendo parte a molte  tourn\u00e8e si \u00e8 esibito in tutte le sale da concerto pi\u00f9 famose e prestigiose del mondo: Svizzera, Francia,  Belgio, Olanda, Spagna, Germania, Cile, India, Corea, Cina, Australia, Messico, USA dove il 23 giugno 2008,  con I Solisti del Teatro Regio di Parma, ha suonato al Palazzo dell\u2019ONU in occasione della \u201cCerimonia per il  Conferimento dei Premi delle Nazioni Unite\u201d.<br> COME OCARINISTA, conosce il GRUPPO OCARINISTICO BUDRIESE (GOB) nel 1988 e immediatamente si  innamora di questo strumento e ne entra a far parte fin da subito. La grande passione per l\u2019Ocarina unita  alla sua professione di musicista gli facilita il percorso di inserimento con tutti i membri all\u2019interno del  Gruppo i quali gli propongono di diventare Direttore Artistico. Con il GOB inizia una intensa collaborazione<br> al fine di far crescere il Gruppo ed a portarlo a livelli artistici internazionali; oggi il GOB \u00e8 il Settimino di  Ocarine pi\u00f9 famoso al mondo.<br> Per il GOB, Emiliano Bernagozzi, oltre all\u2019attivit\u00e0 di Direttore Artistico gli viene affidato anche l\u2019incarico di  Direttore Musicale. Grazie a questa responsabilit\u00e0 inizia ad occuparsi di progetti legati agli arrangiamenti<br> per Settimino di Ocarine finalizzati a progetti di incisioni e altro. Questa intensa attivit\u00e0 lo porta a  specializzarsi e ad affinare la pratica di trascrittore e arrangiatore per ogni tipo di repertorio e organico facendo sempre riferimento all\u2019Ocarina.<br> Emiliano Bernagozzi \u00e8 sempre in costante ricerca per lo sviluppo dell\u2019Ocarina, questo lo spinge a  sperimentare ogni tipo di arrangiamento e di utilizzare l\u2019Ocarina in ogni tipo di organico, abbinando e utilizzando questo strumento per qualsiasi tipo e genere di musica. Fa parte di Ensemble cameristici dove  unisce questo strumento popolare a strumenti classici con programmi che vanno dalla musica barocca,  colonne sonore di film, musical e cartoni animati, folk-popolare, fino ad arrivare alla musica pop e altro.<br> In settimino con il GOB e con il MOG e come solista Emiliano ha partecipato a tourn\u00e8e in tutta Europa e nel  resto del Mondo toccando i seguenti paesi: Svizzera, Portogallo, Francia, Germania, Belgio, Slovenia, Spagna, Stati Uniti, Cile, Argentina, Australia, Corea del Sud, Giappone, Cina dove in ogni paese si \u00e8 esibito  nei pi\u00f9 importanti Teatri e Sale da Concerto riscuotendo sempre grandi consensi di critica e di pubblico.<br> Oltre a concerti in tutto il Mondo, Emiliano viene puntualmente chiamato a tenere Masterclass e ogni tipo  di attivit\u00e0 legata alla didattica relativa all\u2019Ocarina e al Settimino di Ocarine. Collabora con le Universit\u00e0 di<br> Sejion e SAC (Universit\u00e0 Artistiche di Seoul).<br> E\u2019 contattato da orchestre di tutta Europa quando i programmi richiedono un\u2019ocarina in organico, nel 2018  ha suonato il concerto per violino e orchestra di Ligheti con l\u2019orchestra da camera del Veneto, un balletto<br> di Nino Rota con l\u2019orchestra G. Verdi di Milano, due brani di musica sacra di Joe Schettino in prima  esecuzione assoluta con l\u2019 orchestra del conservatorio di Piacenza. \u00c8 stato invitato dall\u2019Orchestra  Filarmonica Reale di Liegi come ocarina solista nelle colonne sonore di Ennio Morricone.<br> Emiliano Bernagozzi vanta al suo attivo innumerevoli registrazione Televisive (RAI, MEDIASET, RSI Radio  Televisione Svizzera, e altre TV private) e Radiofoniche, CD e DVD di concerti live.<br> Le ultime tourne\u00e8 importanti : Corea del Sud (novembre 2014), Giappone (luglio e agosto 2015), Cina  (agosto 2015). Nel 2016 (luglio) Taiwan e Giappone ( settembre) Corea del Sud. Nel 2017 (aprile) Cina, (giugno) Cuba, ( agosto) Corea del Sud, (settembre) Stati Uniti, (dicembre) Polonia. Nel 2018 (gennaio e  agosto) Corea del sud, (marzo e maggio ) Giappone, (aprile) Cina, (settembre) Germania, (novembre) Corea  del sud.<\/p>\n\n\n\n<p><br><strong>E\u2019 docente di flauto traverso e ocarina preso la scuola di musica \u201cIl Temporale\u201d di Bentivoglio e direttore  dell\u2019Orchestra Giovanile BenTiVoglio .<\/strong><\/p>\n\n\n\n<div style=\"height:100px\" aria-hidden=\"true\" class=\"wp-block-spacer\"><\/div>\n\n\n\n<h5 class=\"wp-block-heading has-text-align-center\"> TUTTI I&nbsp;<a href=\"http:\/\/www.iltemporale.it\/it\/corsi-di-musica-e-canto\/\">CORSI DELLA SCUOLA DI MUSICA<\/a>&nbsp;IL TEMPORALE <\/h5>\n\n\n\n<div style=\"height:100px\" aria-hidden=\"true\" class=\"wp-block-spacer\"><\/div>\n","protected":false},"excerpt":{"rendered":"<p>Emiliano Bernagozzi insegnante di flauto traverso e ocarina Inizia gli studi musicali all\u2019et\u00e0 di dieci anni diplomandosi giovanissimo, nel 1987 al Conservatorio \u201cG. Frescobaldi\u201d di Ferrara con il massimo dei [&hellip;]<\/p>\n","protected":false},"author":1,"featured_media":0,"parent":0,"menu_order":0,"comment_status":"closed","ping_status":"closed","template":"","meta":{"site-sidebar-layout":"default","site-content-layout":"","ast-site-content-layout":"default","site-content-style":"default","site-sidebar-style":"default","ast-global-header-display":"","ast-banner-title-visibility":"","ast-main-header-display":"","ast-hfb-above-header-display":"","ast-hfb-below-header-display":"","ast-hfb-mobile-header-display":"","site-post-title":"disabled","ast-breadcrumbs-content":"","ast-featured-img":"","footer-sml-layout":"","ast-disable-related-posts":"","theme-transparent-header-meta":"","adv-header-id-meta":"","stick-header-meta":"","header-above-stick-meta":"","header-main-stick-meta":"","header-below-stick-meta":"","astra-migrate-meta-layouts":"default","ast-page-background-enabled":"default","ast-page-background-meta":{"desktop":{"background-color":"var(--ast-global-color-5)","background-image":"","background-repeat":"repeat","background-position":"center center","background-size":"auto","background-attachment":"scroll","background-type":"","background-media":"","overlay-type":"","overlay-color":"","overlay-opacity":"","overlay-gradient":""},"tablet":{"background-color":"","background-image":"","background-repeat":"repeat","background-position":"center center","background-size":"auto","background-attachment":"scroll","background-type":"","background-media":"","overlay-type":"","overlay-color":"","overlay-opacity":"","overlay-gradient":""},"mobile":{"background-color":"","background-image":"","background-repeat":"repeat","background-position":"center center","background-size":"auto","background-attachment":"scroll","background-type":"","background-media":"","overlay-type":"","overlay-color":"","overlay-opacity":"","overlay-gradient":""}},"ast-content-background-meta":{"desktop":{"background-color":"var(--ast-global-color-4)","background-image":"","background-repeat":"repeat","background-position":"center center","background-size":"auto","background-attachment":"scroll","background-type":"","background-media":"","overlay-type":"","overlay-color":"","overlay-opacity":"","overlay-gradient":""},"tablet":{"background-color":"var(--ast-global-color-4)","background-image":"","background-repeat":"repeat","background-position":"center center","background-size":"auto","background-attachment":"scroll","background-type":"","background-media":"","overlay-type":"","overlay-color":"","overlay-opacity":"","overlay-gradient":""},"mobile":{"background-color":"var(--ast-global-color-4)","background-image":"","background-repeat":"repeat","background-position":"center center","background-size":"auto","background-attachment":"scroll","background-type":"","background-media":"","overlay-type":"","overlay-color":"","overlay-opacity":"","overlay-gradient":""}},"footnotes":""},"class_list":["post-3618","page","type-page","status-publish","hentry"],"yoast_head":"<!-- This site is optimized with the Yoast SEO plugin v27.3 - https:\/\/yoast.com\/product\/yoast-seo-wordpress\/ -->\r\n<title>Insegnante di flauto traverso e ocarina -<\/title>\r\n<meta name=\"description\" content=\"Emiliano Bernagozzi insegnante di flauto traverso e ocarina presso la scuola di musica Il Temporale di Bentivoglio e direttore dell\u2019Orchestra Giovanile...\" \/>\r\n<meta name=\"robots\" content=\"index, follow, max-snippet:-1, max-image-preview:large, max-video-preview:-1\" \/>\r\n<link rel=\"canonical\" href=\"https:\/\/www.iltemporale.it\/it\/insegnante-di-flauto-traverso-e-ocarina\/\" \/>\r\n<meta property=\"og:locale\" content=\"it_IT\" \/>\r\n<meta property=\"og:type\" content=\"article\" \/>\r\n<meta property=\"og:title\" content=\"Insegnante di flauto traverso e ocarina -\" \/>\r\n<meta property=\"og:description\" content=\"Emiliano Bernagozzi insegnante di flauto traverso e ocarina presso la scuola di musica Il Temporale di Bentivoglio e direttore dell\u2019Orchestra Giovanile...\" \/>\r\n<meta property=\"og:url\" content=\"https:\/\/www.iltemporale.it\/it\/insegnante-di-flauto-traverso-e-ocarina\/\" \/>\r\n<meta property=\"article:publisher\" content=\"https:\/\/www.facebook.com\/pages\/category\/Nonprofit-Organization\/ASSOCIAZIONE-CULTURALE-IL-TEMPORALE-140967012635154\/\" \/>\r\n<meta property=\"article:modified_time\" content=\"2026-01-29T17:00:31+00:00\" \/>\r\n<meta property=\"og:image\" content=\"https:\/\/www.iltemporale.it\/it\/wp-content\/uploads\/2020\/09\/Emiliano-Bernagozzi-insegnante-di-flauto-traverso.jpg\" \/>\r\n\t<meta property=\"og:image:width\" content=\"976\" \/>\r\n\t<meta property=\"og:image:height\" content=\"783\" \/>\r\n\t<meta property=\"og:image:type\" content=\"image\/jpeg\" \/>\r\n<meta name=\"twitter:card\" content=\"summary_large_image\" \/>\r\n<meta name=\"twitter:label1\" content=\"Tempo di lettura stimato\" \/>\n\t<meta name=\"twitter:data1\" content=\"5 minuti\" \/>\r\n<script type=\"application\/ld+json\" class=\"yoast-schema-graph\">{\"@context\":\"https:\\\/\\\/schema.org\",\"@graph\":[{\"@type\":\"WebPage\",\"@id\":\"https:\\\/\\\/www.iltemporale.it\\\/it\\\/insegnante-di-flauto-traverso-e-ocarina\\\/\",\"url\":\"https:\\\/\\\/www.iltemporale.it\\\/it\\\/insegnante-di-flauto-traverso-e-ocarina\\\/\",\"name\":\"Insegnante di flauto traverso e ocarina -\",\"isPartOf\":{\"@id\":\"https:\\\/\\\/www.iltemporale.it\\\/it\\\/#website\"},\"primaryImageOfPage\":{\"@id\":\"https:\\\/\\\/www.iltemporale.it\\\/it\\\/insegnante-di-flauto-traverso-e-ocarina\\\/#primaryimage\"},\"image\":{\"@id\":\"https:\\\/\\\/www.iltemporale.it\\\/it\\\/insegnante-di-flauto-traverso-e-ocarina\\\/#primaryimage\"},\"thumbnailUrl\":\"http:\\\/\\\/www.iltemporale.it\\\/it\\\/wp-content\\\/uploads\\\/2020\\\/09\\\/Emiliano-Bernagozzi-insegnante-di-flauto-traverso.jpg\",\"datePublished\":\"2020-09-29T15:45:10+00:00\",\"dateModified\":\"2026-01-29T17:00:31+00:00\",\"description\":\"Emiliano Bernagozzi insegnante di flauto traverso e ocarina presso la scuola di musica Il Temporale di Bentivoglio e direttore dell\u2019Orchestra Giovanile...\",\"breadcrumb\":{\"@id\":\"https:\\\/\\\/www.iltemporale.it\\\/it\\\/insegnante-di-flauto-traverso-e-ocarina\\\/#breadcrumb\"},\"inLanguage\":\"it-IT\",\"potentialAction\":[{\"@type\":\"ReadAction\",\"target\":[\"https:\\\/\\\/www.iltemporale.it\\\/it\\\/insegnante-di-flauto-traverso-e-ocarina\\\/\"]}]},{\"@type\":\"ImageObject\",\"inLanguage\":\"it-IT\",\"@id\":\"https:\\\/\\\/www.iltemporale.it\\\/it\\\/insegnante-di-flauto-traverso-e-ocarina\\\/#primaryimage\",\"url\":\"https:\\\/\\\/www.iltemporale.it\\\/it\\\/wp-content\\\/uploads\\\/2020\\\/09\\\/Emiliano-Bernagozzi-insegnante-di-flauto-traverso.jpg\",\"contentUrl\":\"https:\\\/\\\/www.iltemporale.it\\\/it\\\/wp-content\\\/uploads\\\/2020\\\/09\\\/Emiliano-Bernagozzi-insegnante-di-flauto-traverso.jpg\",\"width\":976,\"height\":783},{\"@type\":\"BreadcrumbList\",\"@id\":\"https:\\\/\\\/www.iltemporale.it\\\/it\\\/insegnante-di-flauto-traverso-e-ocarina\\\/#breadcrumb\",\"itemListElement\":[{\"@type\":\"ListItem\",\"position\":1,\"name\":\"Home\",\"item\":\"https:\\\/\\\/www.iltemporale.it\\\/it\\\/\"},{\"@type\":\"ListItem\",\"position\":2,\"name\":\"Insegnante di flauto traverso e ocarina\"}]},{\"@type\":\"WebSite\",\"@id\":\"https:\\\/\\\/www.iltemporale.it\\\/it\\\/#website\",\"url\":\"https:\\\/\\\/www.iltemporale.it\\\/it\\\/\",\"name\":\"Il Temporale Associazione Culturale\",\"description\":\"\",\"publisher\":{\"@id\":\"https:\\\/\\\/www.iltemporale.it\\\/it\\\/#organization\"},\"potentialAction\":[{\"@type\":\"SearchAction\",\"target\":{\"@type\":\"EntryPoint\",\"urlTemplate\":\"https:\\\/\\\/www.iltemporale.it\\\/it\\\/?s={search_term_string}\"},\"query-input\":{\"@type\":\"PropertyValueSpecification\",\"valueRequired\":true,\"valueName\":\"search_term_string\"}}],\"inLanguage\":\"it-IT\"},{\"@type\":\"Organization\",\"@id\":\"https:\\\/\\\/www.iltemporale.it\\\/it\\\/#organization\",\"name\":\"ASSOCIAZIONE CULTURALE IL TEMPORALE APS\",\"url\":\"https:\\\/\\\/www.iltemporale.it\\\/it\\\/\",\"logo\":{\"@type\":\"ImageObject\",\"inLanguage\":\"it-IT\",\"@id\":\"https:\\\/\\\/www.iltemporale.it\\\/it\\\/#\\\/schema\\\/logo\\\/image\\\/\",\"url\":\"https:\\\/\\\/www.iltemporale.it\\\/it\\\/wp-content\\\/uploads\\\/2025\\\/11\\\/cropped-cropped-Logo-IL-TEMPORALE-1.jpg\",\"contentUrl\":\"https:\\\/\\\/www.iltemporale.it\\\/it\\\/wp-content\\\/uploads\\\/2025\\\/11\\\/cropped-cropped-Logo-IL-TEMPORALE-1.jpg\",\"width\":2174,\"height\":1093,\"caption\":\"ASSOCIAZIONE CULTURALE IL TEMPORALE APS\"},\"image\":{\"@id\":\"https:\\\/\\\/www.iltemporale.it\\\/it\\\/#\\\/schema\\\/logo\\\/image\\\/\"},\"sameAs\":[\"https:\\\/\\\/www.facebook.com\\\/pages\\\/category\\\/Nonprofit-Organization\\\/ASSOCIAZIONE-CULTURALE-IL-TEMPORALE-140967012635154\\\/\",\"https:\\\/\\\/www.instagram.com\\\/iltemporaleaps\\\/\",\"https:\\\/\\\/www.youtube.com\\\/@scuoladimusicailtemporale7327\"]}]}<\/script>\r\n<!-- \/ Yoast SEO plugin. -->","yoast_head_json":{"title":"Insegnante di flauto traverso e ocarina -","description":"Emiliano Bernagozzi insegnante di flauto traverso e ocarina presso la scuola di musica Il Temporale di Bentivoglio e direttore dell\u2019Orchestra Giovanile...","robots":{"index":"index","follow":"follow","max-snippet":"max-snippet:-1","max-image-preview":"max-image-preview:large","max-video-preview":"max-video-preview:-1"},"canonical":"https:\/\/www.iltemporale.it\/it\/insegnante-di-flauto-traverso-e-ocarina\/","og_locale":"it_IT","og_type":"article","og_title":"Insegnante di flauto traverso e ocarina -","og_description":"Emiliano Bernagozzi insegnante di flauto traverso e ocarina presso la scuola di musica Il Temporale di Bentivoglio e direttore dell\u2019Orchestra Giovanile...","og_url":"https:\/\/www.iltemporale.it\/it\/insegnante-di-flauto-traverso-e-ocarina\/","article_publisher":"https:\/\/www.facebook.com\/pages\/category\/Nonprofit-Organization\/ASSOCIAZIONE-CULTURALE-IL-TEMPORALE-140967012635154\/","article_modified_time":"2026-01-29T17:00:31+00:00","og_image":[{"width":976,"height":783,"url":"https:\/\/www.iltemporale.it\/it\/wp-content\/uploads\/2020\/09\/Emiliano-Bernagozzi-insegnante-di-flauto-traverso.jpg","type":"image\/jpeg"}],"twitter_card":"summary_large_image","twitter_misc":{"Tempo di lettura stimato":"5 minuti"},"schema":{"@context":"https:\/\/schema.org","@graph":[{"@type":"WebPage","@id":"https:\/\/www.iltemporale.it\/it\/insegnante-di-flauto-traverso-e-ocarina\/","url":"https:\/\/www.iltemporale.it\/it\/insegnante-di-flauto-traverso-e-ocarina\/","name":"Insegnante di flauto traverso e ocarina -","isPartOf":{"@id":"https:\/\/www.iltemporale.it\/it\/#website"},"primaryImageOfPage":{"@id":"https:\/\/www.iltemporale.it\/it\/insegnante-di-flauto-traverso-e-ocarina\/#primaryimage"},"image":{"@id":"https:\/\/www.iltemporale.it\/it\/insegnante-di-flauto-traverso-e-ocarina\/#primaryimage"},"thumbnailUrl":"http:\/\/www.iltemporale.it\/it\/wp-content\/uploads\/2020\/09\/Emiliano-Bernagozzi-insegnante-di-flauto-traverso.jpg","datePublished":"2020-09-29T15:45:10+00:00","dateModified":"2026-01-29T17:00:31+00:00","description":"Emiliano Bernagozzi insegnante di flauto traverso e ocarina presso la scuola di musica Il Temporale di Bentivoglio e direttore dell\u2019Orchestra Giovanile...","breadcrumb":{"@id":"https:\/\/www.iltemporale.it\/it\/insegnante-di-flauto-traverso-e-ocarina\/#breadcrumb"},"inLanguage":"it-IT","potentialAction":[{"@type":"ReadAction","target":["https:\/\/www.iltemporale.it\/it\/insegnante-di-flauto-traverso-e-ocarina\/"]}]},{"@type":"ImageObject","inLanguage":"it-IT","@id":"https:\/\/www.iltemporale.it\/it\/insegnante-di-flauto-traverso-e-ocarina\/#primaryimage","url":"https:\/\/www.iltemporale.it\/it\/wp-content\/uploads\/2020\/09\/Emiliano-Bernagozzi-insegnante-di-flauto-traverso.jpg","contentUrl":"https:\/\/www.iltemporale.it\/it\/wp-content\/uploads\/2020\/09\/Emiliano-Bernagozzi-insegnante-di-flauto-traverso.jpg","width":976,"height":783},{"@type":"BreadcrumbList","@id":"https:\/\/www.iltemporale.it\/it\/insegnante-di-flauto-traverso-e-ocarina\/#breadcrumb","itemListElement":[{"@type":"ListItem","position":1,"name":"Home","item":"https:\/\/www.iltemporale.it\/it\/"},{"@type":"ListItem","position":2,"name":"Insegnante di flauto traverso e ocarina"}]},{"@type":"WebSite","@id":"https:\/\/www.iltemporale.it\/it\/#website","url":"https:\/\/www.iltemporale.it\/it\/","name":"Il Temporale Associazione Culturale","description":"","publisher":{"@id":"https:\/\/www.iltemporale.it\/it\/#organization"},"potentialAction":[{"@type":"SearchAction","target":{"@type":"EntryPoint","urlTemplate":"https:\/\/www.iltemporale.it\/it\/?s={search_term_string}"},"query-input":{"@type":"PropertyValueSpecification","valueRequired":true,"valueName":"search_term_string"}}],"inLanguage":"it-IT"},{"@type":"Organization","@id":"https:\/\/www.iltemporale.it\/it\/#organization","name":"ASSOCIAZIONE CULTURALE IL TEMPORALE APS","url":"https:\/\/www.iltemporale.it\/it\/","logo":{"@type":"ImageObject","inLanguage":"it-IT","@id":"https:\/\/www.iltemporale.it\/it\/#\/schema\/logo\/image\/","url":"https:\/\/www.iltemporale.it\/it\/wp-content\/uploads\/2025\/11\/cropped-cropped-Logo-IL-TEMPORALE-1.jpg","contentUrl":"https:\/\/www.iltemporale.it\/it\/wp-content\/uploads\/2025\/11\/cropped-cropped-Logo-IL-TEMPORALE-1.jpg","width":2174,"height":1093,"caption":"ASSOCIAZIONE CULTURALE IL TEMPORALE APS"},"image":{"@id":"https:\/\/www.iltemporale.it\/it\/#\/schema\/logo\/image\/"},"sameAs":["https:\/\/www.facebook.com\/pages\/category\/Nonprofit-Organization\/ASSOCIAZIONE-CULTURALE-IL-TEMPORALE-140967012635154\/","https:\/\/www.instagram.com\/iltemporaleaps\/","https:\/\/www.youtube.com\/@scuoladimusicailtemporale7327"]}]}},"_links":{"self":[{"href":"https:\/\/www.iltemporale.it\/it\/wp-json\/wp\/v2\/pages\/3618","targetHints":{"allow":["GET"]}}],"collection":[{"href":"https:\/\/www.iltemporale.it\/it\/wp-json\/wp\/v2\/pages"}],"about":[{"href":"https:\/\/www.iltemporale.it\/it\/wp-json\/wp\/v2\/types\/page"}],"author":[{"embeddable":true,"href":"https:\/\/www.iltemporale.it\/it\/wp-json\/wp\/v2\/users\/1"}],"replies":[{"embeddable":true,"href":"https:\/\/www.iltemporale.it\/it\/wp-json\/wp\/v2\/comments?post=3618"}],"version-history":[{"count":12,"href":"https:\/\/www.iltemporale.it\/it\/wp-json\/wp\/v2\/pages\/3618\/revisions"}],"predecessor-version":[{"id":7901,"href":"https:\/\/www.iltemporale.it\/it\/wp-json\/wp\/v2\/pages\/3618\/revisions\/7901"}],"wp:attachment":[{"href":"https:\/\/www.iltemporale.it\/it\/wp-json\/wp\/v2\/media?parent=3618"}],"curies":[{"name":"wp","href":"https:\/\/api.w.org\/{rel}","templated":true}]}}