{"id":3575,"date":"2020-09-29T15:17:40","date_gmt":"2020-09-29T14:17:40","guid":{"rendered":"http:\/\/www.iltemporale.it\/it\/?page_id=3575"},"modified":"2026-01-29T18:11:06","modified_gmt":"2026-01-29T17:11:06","slug":"insegnante-di-pianoforte","status":"publish","type":"page","link":"https:\/\/www.iltemporale.it\/it\/insegnante-di-pianoforte\/","title":{"rendered":"Insegnante di pianoforte"},"content":{"rendered":"\n<div style=\"height:100px\" aria-hidden=\"true\" class=\"wp-block-spacer\"><\/div>\n\n\n\n<h2>Monika Fenye\u0161ov\u00e1 insegnante di pianoforte<\/h2>\n\n\n\n<div style=\"height:20px\" aria-hidden=\"true\" class=\"wp-block-spacer\"><\/div>\n\n\n\n<div style=\"height:50px\" aria-hidden=\"true\" class=\"wp-block-spacer\"><\/div>\n\n\n\n<figure class=\"wp-block-image aligncenter size-large is-resized\"><img loading=\"lazy\" decoding=\"async\" width=\"1024\" height=\"712\" src=\"https:\/\/www.iltemporale.it\/it\/wp-content\/uploads\/2020\/09\/Insegnante-di-pianoforte_Monika-Fenye\u0161ov\u00e1-1024x712.jpg\" alt=\"Insegnante di pianoforte Monika Fenye\u0161ov\u00e1\" class=\"wp-image-3577\" style=\"aspect-ratio:1.438211863848838;width:682px;height:auto\" srcset=\"https:\/\/www.iltemporale.it\/it\/wp-content\/uploads\/2020\/09\/Insegnante-di-pianoforte_Monika-Fenye\u0161ov\u00e1-1024x712.jpg 1024w, https:\/\/www.iltemporale.it\/it\/wp-content\/uploads\/2020\/09\/Insegnante-di-pianoforte_Monika-Fenye\u0161ov\u00e1-300x209.jpg 300w, https:\/\/www.iltemporale.it\/it\/wp-content\/uploads\/2020\/09\/Insegnante-di-pianoforte_Monika-Fenye\u0161ov\u00e1-768x534.jpg 768w, https:\/\/www.iltemporale.it\/it\/wp-content\/uploads\/2020\/09\/Insegnante-di-pianoforte_Monika-Fenye\u0161ov\u00e1-432x300.jpg 432w, https:\/\/www.iltemporale.it\/it\/wp-content\/uploads\/2020\/09\/Insegnante-di-pianoforte_Monika-Fenye\u0161ov\u00e1.jpg 1181w\" sizes=\"auto, (max-width: 1024px) 100vw, 1024px\" \/><\/figure>\n\n\n\n<div style=\"height:50px\" aria-hidden=\"true\" class=\"wp-block-spacer\"><\/div>\n\n\n\n<p>Monika Fenye\u0161ov\u00e1 \u00e8 nata a \u010cesk\u00e1 L\u00edpa in Repubblica Ceca. Ha iniziato gli studi di pianoforte all&#8217;et\u00e0 di sette anni presso l&#8217;Istituto Musicale della citt\u00e0 natale, proseguendoli in seguito presso il Conservatorio di Teplice. Nel 1998 ha completato gli studi all&#8217;Universit\u00e0 \u201cJ. E. Purkyn\u011b\u201d a \u00dast\u00ed nad Labem, conseguendo la laurea in pianoforte, musica e pedagogia. Ha partecipato a vari concorsi nazionali (Concorso Nazionale del Conservatorio, Concorso Nazionale \u201cB.<\/p>\n<p>Smetana\u201d, Concorso Nazionale di Musica da Camera, Premio Roberto Zucchi a Castelnuovo di Garfagnana\u00a0 ecc.) ottenendo ottimi risultati. Ha insegnato pianoforte presso diversi\u00a0 istituti musicali\u00a0 in Repubblica Ceca e in Italia.<\/p>\n<p>Attualmente insegna pianoforte presso la <strong>Scuola di musica \u201cIl Temporale\u201d di Bentivoglio<\/strong>.\u00a0<\/p>\n\n\n\n<div style=\"height:100px\" aria-hidden=\"true\" class=\"wp-block-spacer\"><\/div>\n\n\n\n<h5 class=\"wp-block-heading has-text-align-center\">TUTTI I&nbsp;<a href=\"http:\/\/www.iltemporale.it\/it\/i-corsi\/\">CORSI DELLA SCUOLA DI MUSICA<\/a>&nbsp;IL TEMPORALE<\/h5>\n\n\n\n<div style=\"height:100px\" aria-hidden=\"true\" class=\"wp-block-spacer\"><\/div>\n","protected":false},"excerpt":{"rendered":"<p>Monika Fenye\u0161ov\u00e1 insegnante di pianoforte Monika Fenye\u0161ov\u00e1 \u00e8 nata a \u010cesk\u00e1 L\u00edpa in Repubblica Ceca. Ha iniziato gli studi di pianoforte all&#8217;et\u00e0 di sette anni presso l&#8217;Istituto Musicale della citt\u00e0 [&hellip;]<\/p>\n","protected":false},"author":1,"featured_media":0,"parent":0,"menu_order":0,"comment_status":"closed","ping_status":"closed","template":"","meta":{"site-sidebar-layout":"default","site-content-layout":"","ast-site-content-layout":"default","site-content-style":"default","site-sidebar-style":"default","ast-global-header-display":"","ast-banner-title-visibility":"","ast-main-header-display":"","ast-hfb-above-header-display":"","ast-hfb-below-header-display":"","ast-hfb-mobile-header-display":"","site-post-title":"disabled","ast-breadcrumbs-content":"","ast-featured-img":"","footer-sml-layout":"","ast-disable-related-posts":"","theme-transparent-header-meta":"","adv-header-id-meta":"","stick-header-meta":"","header-above-stick-meta":"","header-main-stick-meta":"","header-below-stick-meta":"","astra-migrate-meta-layouts":"default","ast-page-background-enabled":"default","ast-page-background-meta":{"desktop":{"background-color":"var(--ast-global-color-5)","background-image":"","background-repeat":"repeat","background-position":"center center","background-size":"auto","background-attachment":"scroll","background-type":"","background-media":"","overlay-type":"","overlay-color":"","overlay-opacity":"","overlay-gradient":""},"tablet":{"background-color":"","background-image":"","background-repeat":"repeat","background-position":"center center","background-size":"auto","background-attachment":"scroll","background-type":"","background-media":"","overlay-type":"","overlay-color":"","overlay-opacity":"","overlay-gradient":""},"mobile":{"background-color":"","background-image":"","background-repeat":"repeat","background-position":"center center","background-size":"auto","background-attachment":"scroll","background-type":"","background-media":"","overlay-type":"","overlay-color":"","overlay-opacity":"","overlay-gradient":""}},"ast-content-background-meta":{"desktop":{"background-color":"var(--ast-global-color-4)","background-image":"","background-repeat":"repeat","background-position":"center center","background-size":"auto","background-attachment":"scroll","background-type":"","background-media":"","overlay-type":"","overlay-color":"","overlay-opacity":"","overlay-gradient":""},"tablet":{"background-color":"var(--ast-global-color-4)","background-image":"","background-repeat":"repeat","background-position":"center center","background-size":"auto","background-attachment":"scroll","background-type":"","background-media":"","overlay-type":"","overlay-color":"","overlay-opacity":"","overlay-gradient":""},"mobile":{"background-color":"var(--ast-global-color-4)","background-image":"","background-repeat":"repeat","background-position":"center center","background-size":"auto","background-attachment":"scroll","background-type":"","background-media":"","overlay-type":"","overlay-color":"","overlay-opacity":"","overlay-gradient":""}},"footnotes":""},"class_list":["post-3575","page","type-page","status-publish","hentry"],"yoast_head":"<!-- This site is optimized with the Yoast SEO plugin v27.3 - https:\/\/yoast.com\/product\/yoast-seo-wordpress\/ -->\r\n<title>Insegnante di pianoforte -<\/title>\r\n<meta name=\"description\" content=\"Monika Fenye\u0161ov\u00e1 insegnante di pianoforte presso la scuola di musica Il Temporale di Bentivoglio, nel corao la teoria e la pratica...\" \/>\r\n<meta name=\"robots\" content=\"index, follow, max-snippet:-1, max-image-preview:large, max-video-preview:-1\" \/>\r\n<link rel=\"canonical\" href=\"https:\/\/www.iltemporale.it\/it\/insegnante-di-pianoforte\/\" \/>\r\n<meta property=\"og:locale\" content=\"it_IT\" \/>\r\n<meta property=\"og:type\" content=\"article\" \/>\r\n<meta property=\"og:title\" content=\"Insegnante di pianoforte -\" \/>\r\n<meta property=\"og:description\" content=\"Monika Fenye\u0161ov\u00e1 insegnante di pianoforte presso la scuola di musica Il Temporale di Bentivoglio, nel corao la teoria e la pratica...\" \/>\r\n<meta property=\"og:url\" content=\"https:\/\/www.iltemporale.it\/it\/insegnante-di-pianoforte\/\" \/>\r\n<meta property=\"article:publisher\" content=\"https:\/\/www.facebook.com\/pages\/category\/Nonprofit-Organization\/ASSOCIAZIONE-CULTURALE-IL-TEMPORALE-140967012635154\/\" \/>\r\n<meta property=\"article:modified_time\" content=\"2026-01-29T17:11:06+00:00\" \/>\r\n<meta name=\"twitter:card\" content=\"summary_large_image\" \/>\r\n<meta name=\"twitter:label1\" content=\"Tempo di lettura stimato\" \/>\n\t<meta name=\"twitter:data1\" content=\"1 minuto\" \/>\r\n<script type=\"application\/ld+json\" class=\"yoast-schema-graph\">{\"@context\":\"https:\\\/\\\/schema.org\",\"@graph\":[{\"@type\":\"WebPage\",\"@id\":\"https:\\\/\\\/www.iltemporale.it\\\/it\\\/insegnante-di-pianoforte\\\/\",\"url\":\"https:\\\/\\\/www.iltemporale.it\\\/it\\\/insegnante-di-pianoforte\\\/\",\"name\":\"Insegnante di pianoforte -\",\"isPartOf\":{\"@id\":\"https:\\\/\\\/www.iltemporale.it\\\/it\\\/#website\"},\"datePublished\":\"2020-09-29T14:17:40+00:00\",\"dateModified\":\"2026-01-29T17:11:06+00:00\",\"description\":\"Monika Fenye\u0161ov\u00e1 insegnante di pianoforte presso la scuola di musica Il Temporale di Bentivoglio, nel corao la teoria e la pratica...\",\"breadcrumb\":{\"@id\":\"https:\\\/\\\/www.iltemporale.it\\\/it\\\/insegnante-di-pianoforte\\\/#breadcrumb\"},\"inLanguage\":\"it-IT\",\"potentialAction\":[{\"@type\":\"ReadAction\",\"target\":[\"https:\\\/\\\/www.iltemporale.it\\\/it\\\/insegnante-di-pianoforte\\\/\"]}]},{\"@type\":\"BreadcrumbList\",\"@id\":\"https:\\\/\\\/www.iltemporale.it\\\/it\\\/insegnante-di-pianoforte\\\/#breadcrumb\",\"itemListElement\":[{\"@type\":\"ListItem\",\"position\":1,\"name\":\"Home\",\"item\":\"https:\\\/\\\/www.iltemporale.it\\\/it\\\/\"},{\"@type\":\"ListItem\",\"position\":2,\"name\":\"Insegnante di pianoforte\"}]},{\"@type\":\"WebSite\",\"@id\":\"https:\\\/\\\/www.iltemporale.it\\\/it\\\/#website\",\"url\":\"https:\\\/\\\/www.iltemporale.it\\\/it\\\/\",\"name\":\"Il Temporale Associazione Culturale\",\"description\":\"\",\"publisher\":{\"@id\":\"https:\\\/\\\/www.iltemporale.it\\\/it\\\/#organization\"},\"potentialAction\":[{\"@type\":\"SearchAction\",\"target\":{\"@type\":\"EntryPoint\",\"urlTemplate\":\"https:\\\/\\\/www.iltemporale.it\\\/it\\\/?s={search_term_string}\"},\"query-input\":{\"@type\":\"PropertyValueSpecification\",\"valueRequired\":true,\"valueName\":\"search_term_string\"}}],\"inLanguage\":\"it-IT\"},{\"@type\":\"Organization\",\"@id\":\"https:\\\/\\\/www.iltemporale.it\\\/it\\\/#organization\",\"name\":\"ASSOCIAZIONE CULTURALE IL TEMPORALE APS\",\"url\":\"https:\\\/\\\/www.iltemporale.it\\\/it\\\/\",\"logo\":{\"@type\":\"ImageObject\",\"inLanguage\":\"it-IT\",\"@id\":\"https:\\\/\\\/www.iltemporale.it\\\/it\\\/#\\\/schema\\\/logo\\\/image\\\/\",\"url\":\"https:\\\/\\\/www.iltemporale.it\\\/it\\\/wp-content\\\/uploads\\\/2025\\\/11\\\/cropped-cropped-Logo-IL-TEMPORALE-1.jpg\",\"contentUrl\":\"https:\\\/\\\/www.iltemporale.it\\\/it\\\/wp-content\\\/uploads\\\/2025\\\/11\\\/cropped-cropped-Logo-IL-TEMPORALE-1.jpg\",\"width\":2174,\"height\":1093,\"caption\":\"ASSOCIAZIONE CULTURALE IL TEMPORALE APS\"},\"image\":{\"@id\":\"https:\\\/\\\/www.iltemporale.it\\\/it\\\/#\\\/schema\\\/logo\\\/image\\\/\"},\"sameAs\":[\"https:\\\/\\\/www.facebook.com\\\/pages\\\/category\\\/Nonprofit-Organization\\\/ASSOCIAZIONE-CULTURALE-IL-TEMPORALE-140967012635154\\\/\",\"https:\\\/\\\/www.instagram.com\\\/iltemporaleaps\\\/\",\"https:\\\/\\\/www.youtube.com\\\/@scuoladimusicailtemporale7327\"]}]}<\/script>\r\n<!-- \/ Yoast SEO plugin. -->","yoast_head_json":{"title":"Insegnante di pianoforte -","description":"Monika Fenye\u0161ov\u00e1 insegnante di pianoforte presso la scuola di musica Il Temporale di Bentivoglio, nel corao la teoria e la pratica...","robots":{"index":"index","follow":"follow","max-snippet":"max-snippet:-1","max-image-preview":"max-image-preview:large","max-video-preview":"max-video-preview:-1"},"canonical":"https:\/\/www.iltemporale.it\/it\/insegnante-di-pianoforte\/","og_locale":"it_IT","og_type":"article","og_title":"Insegnante di pianoforte -","og_description":"Monika Fenye\u0161ov\u00e1 insegnante di pianoforte presso la scuola di musica Il Temporale di Bentivoglio, nel corao la teoria e la pratica...","og_url":"https:\/\/www.iltemporale.it\/it\/insegnante-di-pianoforte\/","article_publisher":"https:\/\/www.facebook.com\/pages\/category\/Nonprofit-Organization\/ASSOCIAZIONE-CULTURALE-IL-TEMPORALE-140967012635154\/","article_modified_time":"2026-01-29T17:11:06+00:00","twitter_card":"summary_large_image","twitter_misc":{"Tempo di lettura stimato":"1 minuto"},"schema":{"@context":"https:\/\/schema.org","@graph":[{"@type":"WebPage","@id":"https:\/\/www.iltemporale.it\/it\/insegnante-di-pianoforte\/","url":"https:\/\/www.iltemporale.it\/it\/insegnante-di-pianoforte\/","name":"Insegnante di pianoforte -","isPartOf":{"@id":"https:\/\/www.iltemporale.it\/it\/#website"},"datePublished":"2020-09-29T14:17:40+00:00","dateModified":"2026-01-29T17:11:06+00:00","description":"Monika Fenye\u0161ov\u00e1 insegnante di pianoforte presso la scuola di musica Il Temporale di Bentivoglio, nel corao la teoria e la pratica...","breadcrumb":{"@id":"https:\/\/www.iltemporale.it\/it\/insegnante-di-pianoforte\/#breadcrumb"},"inLanguage":"it-IT","potentialAction":[{"@type":"ReadAction","target":["https:\/\/www.iltemporale.it\/it\/insegnante-di-pianoforte\/"]}]},{"@type":"BreadcrumbList","@id":"https:\/\/www.iltemporale.it\/it\/insegnante-di-pianoforte\/#breadcrumb","itemListElement":[{"@type":"ListItem","position":1,"name":"Home","item":"https:\/\/www.iltemporale.it\/it\/"},{"@type":"ListItem","position":2,"name":"Insegnante di pianoforte"}]},{"@type":"WebSite","@id":"https:\/\/www.iltemporale.it\/it\/#website","url":"https:\/\/www.iltemporale.it\/it\/","name":"Il Temporale Associazione Culturale","description":"","publisher":{"@id":"https:\/\/www.iltemporale.it\/it\/#organization"},"potentialAction":[{"@type":"SearchAction","target":{"@type":"EntryPoint","urlTemplate":"https:\/\/www.iltemporale.it\/it\/?s={search_term_string}"},"query-input":{"@type":"PropertyValueSpecification","valueRequired":true,"valueName":"search_term_string"}}],"inLanguage":"it-IT"},{"@type":"Organization","@id":"https:\/\/www.iltemporale.it\/it\/#organization","name":"ASSOCIAZIONE CULTURALE IL TEMPORALE APS","url":"https:\/\/www.iltemporale.it\/it\/","logo":{"@type":"ImageObject","inLanguage":"it-IT","@id":"https:\/\/www.iltemporale.it\/it\/#\/schema\/logo\/image\/","url":"https:\/\/www.iltemporale.it\/it\/wp-content\/uploads\/2025\/11\/cropped-cropped-Logo-IL-TEMPORALE-1.jpg","contentUrl":"https:\/\/www.iltemporale.it\/it\/wp-content\/uploads\/2025\/11\/cropped-cropped-Logo-IL-TEMPORALE-1.jpg","width":2174,"height":1093,"caption":"ASSOCIAZIONE CULTURALE IL TEMPORALE APS"},"image":{"@id":"https:\/\/www.iltemporale.it\/it\/#\/schema\/logo\/image\/"},"sameAs":["https:\/\/www.facebook.com\/pages\/category\/Nonprofit-Organization\/ASSOCIAZIONE-CULTURALE-IL-TEMPORALE-140967012635154\/","https:\/\/www.instagram.com\/iltemporaleaps\/","https:\/\/www.youtube.com\/@scuoladimusicailtemporale7327"]}]}},"_links":{"self":[{"href":"https:\/\/www.iltemporale.it\/it\/wp-json\/wp\/v2\/pages\/3575","targetHints":{"allow":["GET"]}}],"collection":[{"href":"https:\/\/www.iltemporale.it\/it\/wp-json\/wp\/v2\/pages"}],"about":[{"href":"https:\/\/www.iltemporale.it\/it\/wp-json\/wp\/v2\/types\/page"}],"author":[{"embeddable":true,"href":"https:\/\/www.iltemporale.it\/it\/wp-json\/wp\/v2\/users\/1"}],"replies":[{"embeddable":true,"href":"https:\/\/www.iltemporale.it\/it\/wp-json\/wp\/v2\/comments?post=3575"}],"version-history":[{"count":7,"href":"https:\/\/www.iltemporale.it\/it\/wp-json\/wp\/v2\/pages\/3575\/revisions"}],"predecessor-version":[{"id":7911,"href":"https:\/\/www.iltemporale.it\/it\/wp-json\/wp\/v2\/pages\/3575\/revisions\/7911"}],"wp:attachment":[{"href":"https:\/\/www.iltemporale.it\/it\/wp-json\/wp\/v2\/media?parent=3575"}],"curies":[{"name":"wp","href":"https:\/\/api.w.org\/{rel}","templated":true}]}}