{"id":2218,"date":"2020-02-03T19:18:21","date_gmt":"2020-02-03T18:18:21","guid":{"rendered":"http:\/\/www.iltemporale.it\/it\/?page_id=2218"},"modified":"2020-02-03T19:25:31","modified_gmt":"2020-02-03T18:25:31","slug":"privacy-policy","status":"publish","type":"page","link":"https:\/\/www.iltemporale.it\/it\/privacy-policy\/","title":{"rendered":"Privacy Policy"},"content":{"rendered":"\n<p><strong>INFORMATIVA PRIVACY AI SENSI DELL&#8217;ART. 13 DEL D.LGS 196\/2003 (CODICE PRIVACY) in riferimento a questo sito www.iltemporale.it<\/strong><\/p>\n<p>Ai sensi dell&#8217;articolo 13 del Codice Privacy (D.Lgs. 196\/03), La informiamo che l&#8217;impresa titolare del sito, indicata in calce alla Home Page del sito medesimo, \u00e8 il titolare del trattamento (www.iltemporale.it) nei limiti di quanto di seguito specificato.\u00a0<br \/>Secondo la legge indicata, tale trattamento sar\u00e0 improntato ai principi di correttezza, liceit\u00e0 e trasparenza e di tutela della Sua riservatezza e dei Suoi diritti.\u00a0<\/p>\n<p>MINORI DI ANNI 15<\/p>\n<p>DEVI AVERE ALMENO 15 (QUINDICI) ANNI DI ETA\u2019 PER REGISTRARTI AL NOSTRO SITO.<br \/>PER FAVORE, NON REGISTRARTI SE HAI MENO DI 15 ANNI.<\/p>\n<p>AVVERTENZA PER I GENITORI e\/o chi esercita la patria potest\u00e0 su minori di et\u00e0<\/p>\n<p>I genitori sono sempre pregati di prestare attenzione alle attivit\u00e0 online dei propri figli e di valutare l\u2019opportunit\u00e0 di installare nel proprio PC strumenti e software \u201cparental control\u201d che sono in commercio, gratuitamente e\/o a pagamento, in modo di creare un ambiente il pi\u00f9 possibile sicuro per i bambini e adolescenti. Alcuni di tali strumenti, ad es., possono anche impedire di rivelare sulla rete il loro nome, indirizzo o ogni altra informazione personale, se non previa autorizzazione dei genitori.<\/p>\n<p>COME VENGONO RACCOLTI I DATI PERSONALI<\/p>\n<p>Da te<\/p>\n<p>Noi potremo raccogliere e trattare dati personali che tu ci fornisci attraverso la compilazione di documenti predeterminati posti nel nostro sito o direttamente inviati da te in ogni altro modo. Ci\u00f2 comprende, ma non \u00e8 limitato a, ogni informazione fornita al momento della registrazione per utilizzare (o diventare membro del) il nostro sito, abbonandoti ad ogni servizio (ad es. newsletter), scaricamento (download o streaming) di brani musicali, pubblicando tuo materiale o richiedendo qualsivoglia altro servizio.<\/p>\n<ol>\n<li>Questo sito raccoglie dati necessari alla navigazione e alla fruizione dei servizi ad essa collegati, trattandoli in forma anonima ed aggregata;\u00a0\u00a0<br \/><br \/>2. il trattamento di tali dati verr\u00e0 effettuato attraverso strumenti automatizzati e non, in conformit\u00e0 con le finalit\u00e0 indicate e nel rispetto dei requisiti di riservatezza e delle pi\u00f9 idonee misure di sicurezza, come indicate dal Codice Privacy;\u00a0<br \/><br \/>3. il conferimento dei dati \u00e8 necessario per perseguire le finalit\u00e0 summenzionate e gli stessi non saranno n\u00e9 comunicati, n\u00e9 diffusi;\u00a0<br \/><br \/>4. i dati saranno conservati per il periodo strettamente necessario al perseguimento delle finalit\u00e0 suindicate e comunque per non oltre un anno; il trattamento e la conservazione sono effettuati presso i Data Center di Italiaonline SpA ubicati sul territorio nazionale o comunque nell\u2019ambito del territorio dei paesi facenti parte Area Economica Europea (\u201cEEA\u201d), con server (archivi) e service provider o fornitori domiciliati in Italia.<\/li>\n<li>nella Sua qualit\u00e0 di interessato del trattamento, Le \u00e8 garantito l&#8217;esercizio dei diritti di cui all&#8217;art. 7 del D.Lgs. 196\/03, tra i quali il diritto di ottenere dal Titolare del trattamento la conferma dell&#8217;esistenza dei Suoi dati personali e la loro comunicazione in forma intelligibile, di conoscere le modalit\u00e0 e le logiche del trattamento, di richiedere l&#8217;aggiornamento e l&#8217;integrazione dei dati stessi, la loro cancellazione o trasformazione in forma anonima, in caso di violazione di legge, nonch\u00e9, di opporsi al loro trattamento. Tali diritti potranno essere esercitati rivolgendosi in qualsiasi momento per iscritto al Titolare del trattamento, presso la sua sede indicata nel sito internet medesimo.\u00a0<\/li>\n<\/ol>\n<p><strong>INFORMATIVA ESTESA SUI COOKIE<\/strong><\/p>\n<p><strong>Cosa sono i cookies<\/strong><\/p>\n<p>I cookies sono piccoli file di testo che vengono automaticamente posizionati sul PC del navigatore all&#8217;interno del browser. Essi contengono informazioni di base sulla navigazione in Internet e grazie al browser vengono riconosciuti ogni volta che l&#8217;utente visita il sito.\u00a0<br \/>Di seguito troverai tutte le indicazioni dei cookie installati da questo sito e le indicazioni necessarie su come gestire le tue preferenze.<\/p>\n<p><strong>Cookie utilizzati da questo sito<\/strong><\/p>\n<p>Questo sito utilizza cookie, anche di terze parti, per migliorarne l\u2019esperienza di navigazione e consentire a chi naviga di usufruire dei nostri servizi online e di visualizzare pubblicit\u00e0 in linea con le proprie preferenze. I cookies utilizzati in questo sito rientrano nelle categorie descritte di seguito.<\/p>\n<p><strong>Gestione dei cookie<\/strong><\/p>\n<p><strong>1 &#8211; Cookie tecnici<\/strong><\/p>\n<p>I cookie tecnici descritti qui di seguito non richiedono consenso perci\u00f2 vengono installati automaticamente a seguito dell\u2019accesso al sito\u00a0<br \/><br \/>&#8211; Cookies che permettono al sito di funzionare correttamente anche consentendo all\u2019utente di avere un\u2019esperienza di navigazione funzionale. Ad esempio, mantengono l&#8217;utente collegato durante la navigazione evitando che il sito richieda di collegarsi pi\u00f9 volte per accedere alle pagine successive.\u00a0<br \/><br \/>&#8211; Cookie che permettono di ricordare le preferenze selezionate dall\u2019utente durante la navigazione, ad esempio, consentono di impostare la lingua.\u00a0<br \/><br \/>&#8211; Cookie che aiutano a capire, attraverso dati raccolti in forma anonima e aggregata, come gli utenti interagiscono con il sito internet fornendo informazioni relative alle sezioni visitate, il tempo trascorso sul sito, eventuali malfunzionamenti.<\/p>\n<p><strong>2 &#8211; Cookie di terze parti<\/strong><\/p>\n<p>Attraverso questo sito vengono installati anche cookie gestiti da terze parti.\u00a0<br \/>Se desiderate avere informazioni relative a questi cookie di terze parti e su come gestire il consenso vi preghiamo di accedere ai link delle tabelle qui di seguito. Inoltre accedendo alla pagina\u00a0http:\/\/www.youronlinechoices.com\/it\/le-tue-scelte\u00a0\u00e8 possibile informarsi sulla pubblicit\u00e0 comportamentale oltre che disattivare o attivare i cookie delle societ\u00e0 elencate che lavorano con i gestori dei siti web per raccogliere e utilizzare informazioni utili alla fruizione della pubblicit\u00e0.<\/p>\n<p><strong>2.1 &#8211; Cookie Statistici e di Misurazione dell&#8217;audience di terze parti<\/strong><\/p>\n<p>Questi cookie forniscono informazioni anonime\/aggregate sul modo in cui i visitatori navigano sul sito. Di seguito i link alle rispettive pagine di cookies policy per gestire il consenso.<\/p>\n<ul>\n<li><strong>Adobe<\/strong><\/li>\n<li>Adobe Analytics: sistema di statistiche<\/li>\n<li>Cookies analitici<\/li>\n<li>https:\/\/www.adobe.com\/privacy\/policy.html<\/li>\n<li><strong>Nielsen<\/strong><\/li>\n<li>SiteCensus: sistema di statistiche<\/li>\n<li>Cookies analitici<\/li>\n<li>https:\/\/www.nielsen.com\/us\/en\/privacy-statement.html<\/li>\n<li><strong>Google<\/strong><\/li>\n<li>Google Analytics: sistema di statistiche<\/li>\n<li>Cookies analitici<\/li>\n<li>https:\/\/policies.google.com\/?hl=it<\/li>\n<li><strong>Shinystat<\/strong><\/li>\n<li>Shinystat: sistema di statistiche<\/li>\n<li>Cookies analitici<\/li>\n<\/ul>\n<p>https:\/\/www.shinystat.com\/it\/informativa_cookie_sito.html<br \/><br \/><\/p>\n<p><strong>2.2 &#8211; Cookie di social media sharing<\/strong><\/p>\n<p>Questi cookie di terze parti &#8211; qualora presenti i collegamenti sul sito &#8211; vengono utilizzati per integrare alcune diffuse funzionalit\u00e0 dei principali social media e fornirle all&#8217;interno del sito. In particolare permettono la registrazione e l&#8217;autenticazione sul sito tramite facebook e google connect, la condivisione e i commenti di pagine del sito sui social, abilitano le funzionalit\u00e0 del &#8220;mi piace&#8221; su Facebook e del &#8220;+1&#8221; su G+. Di seguito i link alle rispettive pagine di cookies policy per gestire il consenso.<\/p>\n<ul>\n<li><strong>Facebook<\/strong><\/li>\n<li>social media<\/li>\n<li>https:\/\/www.facebook.com\/about\/privacy\/<\/li>\n<li><strong>G+<\/strong><\/li>\n<li>social media<\/li>\n<li>https:\/\/policies.google.com\/?hl=it<\/li>\n<li><strong>Youtube<\/strong><\/li>\n<li>social media<\/li>\n<li>https:\/\/support.google.com\/youtube\/answer\/7671399?hl=it<\/li>\n<li><strong>Twitter<\/strong><\/li>\n<li>social media<\/li>\n<li>https:\/\/twitter.com\/it\/privacy<\/li>\n<li><strong>Linkedin<\/strong><\/li>\n<li>social media<\/li>\n<li>https:\/\/www.linkedin.com\/legal\/privacy-policy<\/li>\n<li><strong>Pinterest<\/strong><\/li>\n<li>social media<\/li>\n<li>https:\/\/policy.pinterest.com\/en\/privacy-policy<\/li>\n<li><strong>Instagram<\/strong><\/li>\n<li>social media<\/li>\n<li>https:\/\/help.instagram.com\/155833707900388<\/li>\n<\/ul>\n<p>\u00a0<\/p>\n<p><strong>2.3 &#8211; Cookie di remarketing<\/strong><\/p>\n<p>Questi cookie di terza parte consento di inviare pubblicit\u00e0 agli utenti che hanno visitato il sito sia mentre navigano sui siti web della Rete Display di Google e\/o utilizzano le app della Rete Display di Google sia mentre navigano su Google. Le Informazioni su come disattivare l&#8217;utilizzo dei cookie da parte di Google si trovano alla pagina Preferenze annunci di Google<\/p>\n<ul>\n<li><strong>Google<\/strong><\/li>\n<li>Remarketing<\/li>\n<li>https:\/\/policies.google.com\/?hl=it<\/li>\n<\/ul>\n<p>\u00a0<\/p>\n<p><strong>3 &#8211; Ricordati che puoi gestire le tue preferenze sui cookie anche attraverso il browser<\/strong><\/p>\n<p><em>Se si utilizza Internet Explorer<\/em><br \/>In Internet Explorer, fare clic su &#8220;Strumenti&#8221; e selezionare &#8220;Opzioni Internet&#8221;. Nella scheda Privacy, spostare il cursore verso l&#8217;alto per bloccare tutti i cookie o verso il basso per consentire tutti i cookie, e quindi fare clic su OK.<\/p>\n<p><br \/><em>Se si utilizza il browser Firefox<\/em><br \/>Scegliere il men\u00f9 &#8220;Strumenti&#8221; del browser e selezionare il menu &#8220;Opzioni&#8221;. Fare clic sulla scheda &#8220;Privacy&#8221;. Nell\u2019elenco a discesa \u201cRegole di conservazione\u201d selezionare il livello desiderato. Spuntare la casella \u201cAccettare i cookie\u201d per attivare i cookie, o togliere la spunta per disattivarli. Scegliere per quanto tempo i cookie possono essere conservati.<\/p>\n<p><br \/><em>Se si utilizza il browser Safari<\/em><br \/>Cliccare nel Men\u00f9 Safari, selezionare il menu &#8220;Modifica&#8221; e selezionare &#8220;Preferences&#8221;. Cliccare su &#8220;Privacy&#8221;. Posizionare l&#8217;impostazione &#8220;cookies Block&#8221; e fare clic su OK.<\/p>\n<p>\u00a0<\/p>\n<p><em>Se si utilizza il browser Google Chrome<\/em><br \/>Cliccare sul menu Chrome nella barra degli strumenti del browser. Selezionare &#8220;Impostazioni&#8221;. Cliccare su &#8220;Mostra impostazioni avanzate&#8221;. Nella sezione &#8220;Privacy&#8221;, cliccare su &#8220;Impostazioni contenuti&#8221;. Nella sezione &#8220;Cookies&#8221;, selezionare &#8220;Impedisci a tutti i siti di salvare i dati&#8221; e quindi fare clic su OK.<\/p>\n<p><br \/>Se usi un qualsiasi altro browser o non conosci il tipo e versione di browser che stai utilizzando, clicca \u201cAiuto\u201d nella finestra del browser in alto, da cui puoi accedere a tutte le informazioni necessarie.<\/p>\n<p>\u00a0<\/p>\n<p>\u00a0<\/p>\n<p><strong>Utilizzo di Web Beacons<\/strong><\/p>\n<p><br \/>In alcune nostre pagine web, tra altri contenuti, possono essere presenti immagini conosciute come \u201cWeb Beacon\u201d, che ci permettono di contare il numero degli utenti che hanno visitato queste pagine. Le \u201cWeb Beacon\u201d raccolgono solo una quantit\u00e0 limitata di informazioni, tra le quali l\u2019identificativo del Cookie, l\u2019ora e la data di visualizzazione di una pagina e una descrizione del sito in cui la pagina web \u00e8 contenuta. Possono essere trasmesse immagini che sono state inserite da inserzionisti terzi; esse non forniscono alcuna informazione personale e vengono utilizzate solo per monitorare l\u2019efficacia di una particolare campagna.<\/p>\n<p>ALTRI SITI<\/p>\n<p>Il nostro sito potr\u00e0 contenere link ad altri siti web che non sono sotto il nostro diretto controllo e non sono regolati dalla presente policy. Se tu accederai a tali siti utilizzando i predetti link, gli amministratori di tali siti potrebbero raccogliere tuoi dati personali e processarli in forme differenti da quelle qui previste.<\/p>\n<p>VARIAZIONI ALLA NOSTRA PRIVACY POLICY<\/p>\n<p>Noi potremo modificare, parzialmente o totalmente, aggiornare la nostra policy in ogni momento. Noi indicheremo ogni variazione aggiornando la data in capo al documento. Noi ti chiediamo di rivedere periodicamente la presente policy.<\/p>\n<p>\u00a0<\/p>\n<p><strong>Associazione Culturale IL TEMPORALE<\/strong><\/p>\n<p>Via Berlinguer 7 \u2013 40010 Bentivoglio (BO)<\/p>\n<p>info@iltemporale.it<\/p>\n","protected":false},"excerpt":{"rendered":"<p>INFORMATIVA PRIVACY AI SENSI DELL&#8217;ART. 13 DEL D.LGS 196\/2003 (CODICE PRIVACY) in riferimento a questo sito www.iltemporale.it Ai sensi dell&#8217;articolo 13 del Codice Privacy (D.Lgs. 196\/03), La informiamo che l&#8217;impresa [&hellip;]<\/p>\n","protected":false},"author":1,"featured_media":0,"parent":0,"menu_order":0,"comment_status":"closed","ping_status":"closed","template":"","meta":{"site-sidebar-layout":"default","site-content-layout":"","ast-site-content-layout":"default","site-content-style":"default","site-sidebar-style":"default","ast-global-header-display":"","ast-banner-title-visibility":"","ast-main-header-display":"","ast-hfb-above-header-display":"","ast-hfb-below-header-display":"","ast-hfb-mobile-header-display":"","site-post-title":"","ast-breadcrumbs-content":"","ast-featured-img":"","footer-sml-layout":"","ast-disable-related-posts":"","theme-transparent-header-meta":"","adv-header-id-meta":"","stick-header-meta":"","header-above-stick-meta":"","header-main-stick-meta":"","header-below-stick-meta":"","astra-migrate-meta-layouts":"default","ast-page-background-enabled":"default","ast-page-background-meta":{"desktop":{"background-color":"var(--ast-global-color-5)","background-image":"","background-repeat":"repeat","background-position":"center center","background-size":"auto","background-attachment":"scroll","background-type":"","background-media":"","overlay-type":"","overlay-color":"","overlay-opacity":"","overlay-gradient":""},"tablet":{"background-color":"","background-image":"","background-repeat":"repeat","background-position":"center center","background-size":"auto","background-attachment":"scroll","background-type":"","background-media":"","overlay-type":"","overlay-color":"","overlay-opacity":"","overlay-gradient":""},"mobile":{"background-color":"","background-image":"","background-repeat":"repeat","background-position":"center center","background-size":"auto","background-attachment":"scroll","background-type":"","background-media":"","overlay-type":"","overlay-color":"","overlay-opacity":"","overlay-gradient":""}},"ast-content-background-meta":{"desktop":{"background-color":"var(--ast-global-color-4)","background-image":"","background-repeat":"repeat","background-position":"center center","background-size":"auto","background-attachment":"scroll","background-type":"","background-media":"","overlay-type":"","overlay-color":"","overlay-opacity":"","overlay-gradient":""},"tablet":{"background-color":"var(--ast-global-color-4)","background-image":"","background-repeat":"repeat","background-position":"center center","background-size":"auto","background-attachment":"scroll","background-type":"","background-media":"","overlay-type":"","overlay-color":"","overlay-opacity":"","overlay-gradient":""},"mobile":{"background-color":"var(--ast-global-color-4)","background-image":"","background-repeat":"repeat","background-position":"center center","background-size":"auto","background-attachment":"scroll","background-type":"","background-media":"","overlay-type":"","overlay-color":"","overlay-opacity":"","overlay-gradient":""}},"footnotes":""},"class_list":["post-2218","page","type-page","status-publish","hentry"],"yoast_head":"<!-- This site is optimized with the Yoast SEO plugin v27.4 - https:\/\/yoast.com\/product\/yoast-seo-wordpress\/ -->\r\n<title>Privacy Policy -<\/title>\r\n<meta name=\"robots\" content=\"index, follow, max-snippet:-1, max-image-preview:large, max-video-preview:-1\" \/>\r\n<link rel=\"canonical\" href=\"https:\/\/www.iltemporale.it\/it\/privacy-policy\/\" \/>\r\n<meta property=\"og:locale\" content=\"it_IT\" \/>\r\n<meta property=\"og:type\" content=\"article\" \/>\r\n<meta property=\"og:title\" content=\"Privacy Policy -\" \/>\r\n<meta property=\"og:description\" content=\"INFORMATIVA PRIVACY AI SENSI DELL&#8217;ART. 13 DEL D.LGS 196\/2003 (CODICE PRIVACY) in riferimento a questo sito www.iltemporale.it Ai sensi dell&#8217;articolo 13 del Codice Privacy (D.Lgs. 196\/03), La informiamo che l&#8217;impresa [&hellip;]\" \/>\r\n<meta property=\"og:url\" content=\"https:\/\/www.iltemporale.it\/it\/privacy-policy\/\" \/>\r\n<meta property=\"article:publisher\" content=\"https:\/\/www.facebook.com\/pages\/category\/Nonprofit-Organization\/ASSOCIAZIONE-CULTURALE-IL-TEMPORALE-140967012635154\/\" \/>\r\n<meta property=\"article:modified_time\" content=\"2020-02-03T18:25:31+00:00\" \/>\r\n<meta name=\"twitter:card\" content=\"summary_large_image\" \/>\r\n<meta name=\"twitter:label1\" content=\"Tempo di lettura stimato\" \/>\n\t<meta name=\"twitter:data1\" content=\"8 minuti\" \/>\r\n<script type=\"application\/ld+json\" class=\"yoast-schema-graph\">{\"@context\":\"https:\\\/\\\/schema.org\",\"@graph\":[{\"@type\":\"WebPage\",\"@id\":\"https:\\\/\\\/www.iltemporale.it\\\/it\\\/privacy-policy\\\/\",\"url\":\"https:\\\/\\\/www.iltemporale.it\\\/it\\\/privacy-policy\\\/\",\"name\":\"Privacy Policy -\",\"isPartOf\":{\"@id\":\"https:\\\/\\\/www.iltemporale.it\\\/it\\\/#website\"},\"datePublished\":\"2020-02-03T18:18:21+00:00\",\"dateModified\":\"2020-02-03T18:25:31+00:00\",\"breadcrumb\":{\"@id\":\"https:\\\/\\\/www.iltemporale.it\\\/it\\\/privacy-policy\\\/#breadcrumb\"},\"inLanguage\":\"it-IT\",\"potentialAction\":[{\"@type\":\"ReadAction\",\"target\":[\"https:\\\/\\\/www.iltemporale.it\\\/it\\\/privacy-policy\\\/\"]}]},{\"@type\":\"BreadcrumbList\",\"@id\":\"https:\\\/\\\/www.iltemporale.it\\\/it\\\/privacy-policy\\\/#breadcrumb\",\"itemListElement\":[{\"@type\":\"ListItem\",\"position\":1,\"name\":\"Home\",\"item\":\"https:\\\/\\\/www.iltemporale.it\\\/it\\\/\"},{\"@type\":\"ListItem\",\"position\":2,\"name\":\"Privacy Policy\"}]},{\"@type\":\"WebSite\",\"@id\":\"https:\\\/\\\/www.iltemporale.it\\\/it\\\/#website\",\"url\":\"https:\\\/\\\/www.iltemporale.it\\\/it\\\/\",\"name\":\"Il Temporale Associazione Culturale\",\"description\":\"\",\"publisher\":{\"@id\":\"https:\\\/\\\/www.iltemporale.it\\\/it\\\/#organization\"},\"potentialAction\":[{\"@type\":\"SearchAction\",\"target\":{\"@type\":\"EntryPoint\",\"urlTemplate\":\"https:\\\/\\\/www.iltemporale.it\\\/it\\\/?s={search_term_string}\"},\"query-input\":{\"@type\":\"PropertyValueSpecification\",\"valueRequired\":true,\"valueName\":\"search_term_string\"}}],\"inLanguage\":\"it-IT\"},{\"@type\":\"Organization\",\"@id\":\"https:\\\/\\\/www.iltemporale.it\\\/it\\\/#organization\",\"name\":\"ASSOCIAZIONE CULTURALE IL TEMPORALE APS\",\"url\":\"https:\\\/\\\/www.iltemporale.it\\\/it\\\/\",\"logo\":{\"@type\":\"ImageObject\",\"inLanguage\":\"it-IT\",\"@id\":\"https:\\\/\\\/www.iltemporale.it\\\/it\\\/#\\\/schema\\\/logo\\\/image\\\/\",\"url\":\"https:\\\/\\\/www.iltemporale.it\\\/it\\\/wp-content\\\/uploads\\\/2025\\\/11\\\/cropped-cropped-Logo-IL-TEMPORALE-1.jpg\",\"contentUrl\":\"https:\\\/\\\/www.iltemporale.it\\\/it\\\/wp-content\\\/uploads\\\/2025\\\/11\\\/cropped-cropped-Logo-IL-TEMPORALE-1.jpg\",\"width\":2174,\"height\":1093,\"caption\":\"ASSOCIAZIONE CULTURALE IL TEMPORALE APS\"},\"image\":{\"@id\":\"https:\\\/\\\/www.iltemporale.it\\\/it\\\/#\\\/schema\\\/logo\\\/image\\\/\"},\"sameAs\":[\"https:\\\/\\\/www.facebook.com\\\/pages\\\/category\\\/Nonprofit-Organization\\\/ASSOCIAZIONE-CULTURALE-IL-TEMPORALE-140967012635154\\\/\",\"https:\\\/\\\/www.instagram.com\\\/iltemporaleaps\\\/\",\"https:\\\/\\\/www.youtube.com\\\/@scuoladimusicailtemporale7327\"]}]}<\/script>\r\n<!-- \/ Yoast SEO plugin. -->","yoast_head_json":{"title":"Privacy Policy -","robots":{"index":"index","follow":"follow","max-snippet":"max-snippet:-1","max-image-preview":"max-image-preview:large","max-video-preview":"max-video-preview:-1"},"canonical":"https:\/\/www.iltemporale.it\/it\/privacy-policy\/","og_locale":"it_IT","og_type":"article","og_title":"Privacy Policy -","og_description":"INFORMATIVA PRIVACY AI SENSI DELL&#8217;ART. 13 DEL D.LGS 196\/2003 (CODICE PRIVACY) in riferimento a questo sito www.iltemporale.it Ai sensi dell&#8217;articolo 13 del Codice Privacy (D.Lgs. 196\/03), La informiamo che l&#8217;impresa [&hellip;]","og_url":"https:\/\/www.iltemporale.it\/it\/privacy-policy\/","article_publisher":"https:\/\/www.facebook.com\/pages\/category\/Nonprofit-Organization\/ASSOCIAZIONE-CULTURALE-IL-TEMPORALE-140967012635154\/","article_modified_time":"2020-02-03T18:25:31+00:00","twitter_card":"summary_large_image","twitter_misc":{"Tempo di lettura stimato":"8 minuti"},"schema":{"@context":"https:\/\/schema.org","@graph":[{"@type":"WebPage","@id":"https:\/\/www.iltemporale.it\/it\/privacy-policy\/","url":"https:\/\/www.iltemporale.it\/it\/privacy-policy\/","name":"Privacy Policy -","isPartOf":{"@id":"https:\/\/www.iltemporale.it\/it\/#website"},"datePublished":"2020-02-03T18:18:21+00:00","dateModified":"2020-02-03T18:25:31+00:00","breadcrumb":{"@id":"https:\/\/www.iltemporale.it\/it\/privacy-policy\/#breadcrumb"},"inLanguage":"it-IT","potentialAction":[{"@type":"ReadAction","target":["https:\/\/www.iltemporale.it\/it\/privacy-policy\/"]}]},{"@type":"BreadcrumbList","@id":"https:\/\/www.iltemporale.it\/it\/privacy-policy\/#breadcrumb","itemListElement":[{"@type":"ListItem","position":1,"name":"Home","item":"https:\/\/www.iltemporale.it\/it\/"},{"@type":"ListItem","position":2,"name":"Privacy Policy"}]},{"@type":"WebSite","@id":"https:\/\/www.iltemporale.it\/it\/#website","url":"https:\/\/www.iltemporale.it\/it\/","name":"Il Temporale Associazione Culturale","description":"","publisher":{"@id":"https:\/\/www.iltemporale.it\/it\/#organization"},"potentialAction":[{"@type":"SearchAction","target":{"@type":"EntryPoint","urlTemplate":"https:\/\/www.iltemporale.it\/it\/?s={search_term_string}"},"query-input":{"@type":"PropertyValueSpecification","valueRequired":true,"valueName":"search_term_string"}}],"inLanguage":"it-IT"},{"@type":"Organization","@id":"https:\/\/www.iltemporale.it\/it\/#organization","name":"ASSOCIAZIONE CULTURALE IL TEMPORALE APS","url":"https:\/\/www.iltemporale.it\/it\/","logo":{"@type":"ImageObject","inLanguage":"it-IT","@id":"https:\/\/www.iltemporale.it\/it\/#\/schema\/logo\/image\/","url":"https:\/\/www.iltemporale.it\/it\/wp-content\/uploads\/2025\/11\/cropped-cropped-Logo-IL-TEMPORALE-1.jpg","contentUrl":"https:\/\/www.iltemporale.it\/it\/wp-content\/uploads\/2025\/11\/cropped-cropped-Logo-IL-TEMPORALE-1.jpg","width":2174,"height":1093,"caption":"ASSOCIAZIONE CULTURALE IL TEMPORALE APS"},"image":{"@id":"https:\/\/www.iltemporale.it\/it\/#\/schema\/logo\/image\/"},"sameAs":["https:\/\/www.facebook.com\/pages\/category\/Nonprofit-Organization\/ASSOCIAZIONE-CULTURALE-IL-TEMPORALE-140967012635154\/","https:\/\/www.instagram.com\/iltemporaleaps\/","https:\/\/www.youtube.com\/@scuoladimusicailtemporale7327"]}]}},"_links":{"self":[{"href":"https:\/\/www.iltemporale.it\/it\/wp-json\/wp\/v2\/pages\/2218","targetHints":{"allow":["GET"]}}],"collection":[{"href":"https:\/\/www.iltemporale.it\/it\/wp-json\/wp\/v2\/pages"}],"about":[{"href":"https:\/\/www.iltemporale.it\/it\/wp-json\/wp\/v2\/types\/page"}],"author":[{"embeddable":true,"href":"https:\/\/www.iltemporale.it\/it\/wp-json\/wp\/v2\/users\/1"}],"replies":[{"embeddable":true,"href":"https:\/\/www.iltemporale.it\/it\/wp-json\/wp\/v2\/comments?post=2218"}],"version-history":[{"count":8,"href":"https:\/\/www.iltemporale.it\/it\/wp-json\/wp\/v2\/pages\/2218\/revisions"}],"predecessor-version":[{"id":2994,"href":"https:\/\/www.iltemporale.it\/it\/wp-json\/wp\/v2\/pages\/2218\/revisions\/2994"}],"wp:attachment":[{"href":"https:\/\/www.iltemporale.it\/it\/wp-json\/wp\/v2\/media?parent=2218"}],"curies":[{"name":"wp","href":"https:\/\/api.w.org\/{rel}","templated":true}]}}