{"id":1453,"date":"2015-06-01T18:22:38","date_gmt":"2015-06-01T17:22:38","guid":{"rendered":"http:\/\/www.iltemporale.it\/it\/?page_id=1453"},"modified":"2020-08-25T15:58:12","modified_gmt":"2020-08-25T14:58:12","slug":"orchestra-sinfonica-giovanile","status":"publish","type":"page","link":"https:\/\/www.iltemporale.it\/it\/orchestra-sinfonica-giovanile\/","title":{"rendered":"Orchestra Giovanile Ben.Ti.Voglio"},"content":{"rendered":"<p style=\"text-align: center;\"><span style=\"font-size: 18pt;\"><strong><span style=\"color: #ff6600;\">Orchestra Sinfonica Giovanile BenTiVoglio<\/span><\/strong><\/span><\/p>\n<p style=\"text-align: left;\"><span style=\"color: #0000ff; font-size: 14pt;\"><strong><a href=\"http:\/\/www.iltemporale.it\/it\/orchestra-sinfonica-giovanile\/orchestra-3\/\" rel=\"attachment wp-att-2025\"><img loading=\"lazy\" decoding=\"async\" class=\"size-medium wp-image-2025 alignleft\" src=\"http:\/\/www.iltemporale.it\/it\/wp-content\/uploads\/2018\/01\/orchestra-300x200.jpg\" alt=\"\" width=\"300\" height=\"200\" srcset=\"https:\/\/www.iltemporale.it\/it\/wp-content\/uploads\/2018\/01\/orchestra-300x200.jpg 300w, https:\/\/www.iltemporale.it\/it\/wp-content\/uploads\/2018\/01\/orchestra-768x512.jpg 768w, https:\/\/www.iltemporale.it\/it\/wp-content\/uploads\/2018\/01\/orchestra-1024x683.jpg 1024w, https:\/\/www.iltemporale.it\/it\/wp-content\/uploads\/2018\/01\/orchestra-450x300.jpg 450w, https:\/\/www.iltemporale.it\/it\/wp-content\/uploads\/2018\/01\/orchestra.jpg 2048w\" sizes=\"auto, (max-width: 300px) 100vw, 300px\" \/><\/a><\/strong><\/span>L\u2019orchestra Sinfonica Giovanile nasce dall\u2019esperienza pluriennale della scuola di Musica \u201cIl Temporale\u201d e del Festival internazionale di Musica da Camera, Castello di Bentivoglio.<\/p>\n<p>Al Laboratorio di Formazione Orchestrale prendono parte gli iscritti alla scuola di musica \u201cIl Temporale\u201d di Bentivoglio ed \u00e8 aperto a ragazzi e ragazze , impegnati in studi musicali (sia privatamente che presso Istituzioni, Associazioni e Scuole di musica) che ne facciano richiesta all\u2019associazione\u00a0 \u201cIl Temporale\u201d e previa iscrizione, la quota \u00e8 di 30 euro l\u2019anno.<\/p>\n<p>Oggi l&#8217;Orchestra Sinfonica Giovanile \u00e8 formata da un organico di 40 elementi a partire dai 13 anni di et\u00e0 ed \u00e8\u00a0 gi\u00e0 vincitrice nel 2016 del Concorso Internazionale &#8220;<i>Rossini<\/i>&#8221; Citt\u00e0 di Pesaro.<\/p>\n<p>L&#8217;Orchestra \u00e8 gi\u00e0 stata protagonista di una tourn\u00e8e in Repubblica Ceca nel 2016 e di una tourn\u00e8e in Irpinia nel 2017 che si \u00e8 conclusa con l&#8217;esecuzione del &#8220;Gloria&#8221; di Vivaldi presso la Reggia di Caserta.<\/p>\n<p>Il laboratorio \u00e8 tenuto dagli insegnanti della scuola di musica insieme a professionisti con specifica esperienza didattica e musicisti di chiara fama.<\/p>\n<p>L\u2019orchestra prova ogni settimana dalle 18.00 alle 20.00 il gioved\u00ec.<\/p>\n<p>Sono programmati concerti, eventi, partecipazione a Festival Giovanili, scambi e collaborazioni gi\u00e0 avviate con analoghe realt\u00e0 italiane e nel territorio europeo.<\/p>\n<p><strong>Docenti:<\/strong><br \/>\ndirettore: Emiliano Bernagozzi<\/p>\n<p>per iscrizioni e informazioni: info@iltemporale.it &#8211; Marzia Baldassarri: 339 7649937<\/p>\n","protected":false},"excerpt":{"rendered":"<p>Orchestra Sinfonica Giovanile BenTiVoglio L\u2019orchestra Sinfonica Giovanile nasce dall\u2019esperienza pluriennale della scuola di Musica \u201cIl Temporale\u201d e del Festival internazionale di Musica da Camera, Castello di Bentivoglio. Al Laboratorio di [&hellip;]<\/p>\n","protected":false},"author":1,"featured_media":0,"parent":0,"menu_order":0,"comment_status":"closed","ping_status":"closed","template":"","meta":{"site-sidebar-layout":"default","site-content-layout":"","ast-site-content-layout":"default","site-content-style":"default","site-sidebar-style":"default","ast-global-header-display":"","ast-banner-title-visibility":"","ast-main-header-display":"","ast-hfb-above-header-display":"","ast-hfb-below-header-display":"","ast-hfb-mobile-header-display":"","site-post-title":"","ast-breadcrumbs-content":"","ast-featured-img":"","footer-sml-layout":"","ast-disable-related-posts":"","theme-transparent-header-meta":"","adv-header-id-meta":"","stick-header-meta":"","header-above-stick-meta":"","header-main-stick-meta":"","header-below-stick-meta":"","astra-migrate-meta-layouts":"default","ast-page-background-enabled":"default","ast-page-background-meta":{"desktop":{"background-color":"var(--ast-global-color-5)","background-image":"","background-repeat":"repeat","background-position":"center center","background-size":"auto","background-attachment":"scroll","background-type":"","background-media":"","overlay-type":"","overlay-color":"","overlay-opacity":"","overlay-gradient":""},"tablet":{"background-color":"","background-image":"","background-repeat":"repeat","background-position":"center center","background-size":"auto","background-attachment":"scroll","background-type":"","background-media":"","overlay-type":"","overlay-color":"","overlay-opacity":"","overlay-gradient":""},"mobile":{"background-color":"","background-image":"","background-repeat":"repeat","background-position":"center center","background-size":"auto","background-attachment":"scroll","background-type":"","background-media":"","overlay-type":"","overlay-color":"","overlay-opacity":"","overlay-gradient":""}},"ast-content-background-meta":{"desktop":{"background-color":"var(--ast-global-color-4)","background-image":"","background-repeat":"repeat","background-position":"center center","background-size":"auto","background-attachment":"scroll","background-type":"","background-media":"","overlay-type":"","overlay-color":"","overlay-opacity":"","overlay-gradient":""},"tablet":{"background-color":"var(--ast-global-color-4)","background-image":"","background-repeat":"repeat","background-position":"center center","background-size":"auto","background-attachment":"scroll","background-type":"","background-media":"","overlay-type":"","overlay-color":"","overlay-opacity":"","overlay-gradient":""},"mobile":{"background-color":"var(--ast-global-color-4)","background-image":"","background-repeat":"repeat","background-position":"center center","background-size":"auto","background-attachment":"scroll","background-type":"","background-media":"","overlay-type":"","overlay-color":"","overlay-opacity":"","overlay-gradient":""}},"footnotes":""},"class_list":["post-1453","page","type-page","status-publish","hentry"],"yoast_head":"<!-- This site is optimized with the Yoast SEO plugin v27.3 - https:\/\/yoast.com\/product\/yoast-seo-wordpress\/ -->\r\n<title>Orchestra Giovanile Ben.Ti.Voglio -<\/title>\r\n<meta name=\"robots\" content=\"index, follow, max-snippet:-1, max-image-preview:large, max-video-preview:-1\" \/>\r\n<link rel=\"canonical\" href=\"https:\/\/www.iltemporale.it\/it\/orchestra-sinfonica-giovanile\/\" \/>\r\n<meta property=\"og:locale\" content=\"it_IT\" \/>\r\n<meta property=\"og:type\" content=\"article\" \/>\r\n<meta property=\"og:title\" content=\"Orchestra Giovanile Ben.Ti.Voglio -\" \/>\r\n<meta property=\"og:description\" content=\"Orchestra Sinfonica Giovanile BenTiVoglio L\u2019orchestra Sinfonica Giovanile nasce dall\u2019esperienza pluriennale della scuola di Musica \u201cIl Temporale\u201d e del Festival internazionale di Musica da Camera, Castello di Bentivoglio. Al Laboratorio di [&hellip;]\" \/>\r\n<meta property=\"og:url\" content=\"https:\/\/www.iltemporale.it\/it\/orchestra-sinfonica-giovanile\/\" \/>\r\n<meta property=\"article:publisher\" content=\"https:\/\/www.facebook.com\/pages\/category\/Nonprofit-Organization\/ASSOCIAZIONE-CULTURALE-IL-TEMPORALE-140967012635154\/\" \/>\r\n<meta property=\"article:modified_time\" content=\"2020-08-25T14:58:12+00:00\" \/>\r\n<meta property=\"og:image\" content=\"http:\/\/www.iltemporale.it\/it\/wp-content\/uploads\/2018\/01\/orchestra-300x200.jpg\" \/>\r\n<meta name=\"twitter:card\" content=\"summary_large_image\" \/>\r\n<meta name=\"twitter:label1\" content=\"Tempo di lettura stimato\" \/>\n\t<meta name=\"twitter:data1\" content=\"1 minuto\" \/>\r\n<script type=\"application\/ld+json\" class=\"yoast-schema-graph\">{\"@context\":\"https:\\\/\\\/schema.org\",\"@graph\":[{\"@type\":\"WebPage\",\"@id\":\"https:\\\/\\\/www.iltemporale.it\\\/it\\\/orchestra-sinfonica-giovanile\\\/\",\"url\":\"https:\\\/\\\/www.iltemporale.it\\\/it\\\/orchestra-sinfonica-giovanile\\\/\",\"name\":\"Orchestra Giovanile Ben.Ti.Voglio -\",\"isPartOf\":{\"@id\":\"https:\\\/\\\/www.iltemporale.it\\\/it\\\/#website\"},\"primaryImageOfPage\":{\"@id\":\"https:\\\/\\\/www.iltemporale.it\\\/it\\\/orchestra-sinfonica-giovanile\\\/#primaryimage\"},\"image\":{\"@id\":\"https:\\\/\\\/www.iltemporale.it\\\/it\\\/orchestra-sinfonica-giovanile\\\/#primaryimage\"},\"thumbnailUrl\":\"http:\\\/\\\/www.iltemporale.it\\\/it\\\/wp-content\\\/uploads\\\/2018\\\/01\\\/orchestra-300x200.jpg\",\"datePublished\":\"2015-06-01T17:22:38+00:00\",\"dateModified\":\"2020-08-25T14:58:12+00:00\",\"breadcrumb\":{\"@id\":\"https:\\\/\\\/www.iltemporale.it\\\/it\\\/orchestra-sinfonica-giovanile\\\/#breadcrumb\"},\"inLanguage\":\"it-IT\",\"potentialAction\":[{\"@type\":\"ReadAction\",\"target\":[\"https:\\\/\\\/www.iltemporale.it\\\/it\\\/orchestra-sinfonica-giovanile\\\/\"]}]},{\"@type\":\"ImageObject\",\"inLanguage\":\"it-IT\",\"@id\":\"https:\\\/\\\/www.iltemporale.it\\\/it\\\/orchestra-sinfonica-giovanile\\\/#primaryimage\",\"url\":\"https:\\\/\\\/www.iltemporale.it\\\/it\\\/wp-content\\\/uploads\\\/2018\\\/01\\\/orchestra.jpg\",\"contentUrl\":\"https:\\\/\\\/www.iltemporale.it\\\/it\\\/wp-content\\\/uploads\\\/2018\\\/01\\\/orchestra.jpg\",\"width\":2048,\"height\":1365},{\"@type\":\"BreadcrumbList\",\"@id\":\"https:\\\/\\\/www.iltemporale.it\\\/it\\\/orchestra-sinfonica-giovanile\\\/#breadcrumb\",\"itemListElement\":[{\"@type\":\"ListItem\",\"position\":1,\"name\":\"Home\",\"item\":\"https:\\\/\\\/www.iltemporale.it\\\/it\\\/\"},{\"@type\":\"ListItem\",\"position\":2,\"name\":\"Orchestra Giovanile Ben.Ti.Voglio\"}]},{\"@type\":\"WebSite\",\"@id\":\"https:\\\/\\\/www.iltemporale.it\\\/it\\\/#website\",\"url\":\"https:\\\/\\\/www.iltemporale.it\\\/it\\\/\",\"name\":\"Il Temporale Associazione Culturale\",\"description\":\"\",\"publisher\":{\"@id\":\"https:\\\/\\\/www.iltemporale.it\\\/it\\\/#organization\"},\"potentialAction\":[{\"@type\":\"SearchAction\",\"target\":{\"@type\":\"EntryPoint\",\"urlTemplate\":\"https:\\\/\\\/www.iltemporale.it\\\/it\\\/?s={search_term_string}\"},\"query-input\":{\"@type\":\"PropertyValueSpecification\",\"valueRequired\":true,\"valueName\":\"search_term_string\"}}],\"inLanguage\":\"it-IT\"},{\"@type\":\"Organization\",\"@id\":\"https:\\\/\\\/www.iltemporale.it\\\/it\\\/#organization\",\"name\":\"ASSOCIAZIONE CULTURALE IL TEMPORALE APS\",\"url\":\"https:\\\/\\\/www.iltemporale.it\\\/it\\\/\",\"logo\":{\"@type\":\"ImageObject\",\"inLanguage\":\"it-IT\",\"@id\":\"https:\\\/\\\/www.iltemporale.it\\\/it\\\/#\\\/schema\\\/logo\\\/image\\\/\",\"url\":\"https:\\\/\\\/www.iltemporale.it\\\/it\\\/wp-content\\\/uploads\\\/2025\\\/11\\\/cropped-cropped-Logo-IL-TEMPORALE-1.jpg\",\"contentUrl\":\"https:\\\/\\\/www.iltemporale.it\\\/it\\\/wp-content\\\/uploads\\\/2025\\\/11\\\/cropped-cropped-Logo-IL-TEMPORALE-1.jpg\",\"width\":2174,\"height\":1093,\"caption\":\"ASSOCIAZIONE CULTURALE IL TEMPORALE APS\"},\"image\":{\"@id\":\"https:\\\/\\\/www.iltemporale.it\\\/it\\\/#\\\/schema\\\/logo\\\/image\\\/\"},\"sameAs\":[\"https:\\\/\\\/www.facebook.com\\\/pages\\\/category\\\/Nonprofit-Organization\\\/ASSOCIAZIONE-CULTURALE-IL-TEMPORALE-140967012635154\\\/\",\"https:\\\/\\\/www.instagram.com\\\/iltemporaleaps\\\/\",\"https:\\\/\\\/www.youtube.com\\\/@scuoladimusicailtemporale7327\"]}]}<\/script>\r\n<!-- \/ Yoast SEO plugin. -->","yoast_head_json":{"title":"Orchestra Giovanile Ben.Ti.Voglio -","robots":{"index":"index","follow":"follow","max-snippet":"max-snippet:-1","max-image-preview":"max-image-preview:large","max-video-preview":"max-video-preview:-1"},"canonical":"https:\/\/www.iltemporale.it\/it\/orchestra-sinfonica-giovanile\/","og_locale":"it_IT","og_type":"article","og_title":"Orchestra Giovanile Ben.Ti.Voglio -","og_description":"Orchestra Sinfonica Giovanile BenTiVoglio L\u2019orchestra Sinfonica Giovanile nasce dall\u2019esperienza pluriennale della scuola di Musica \u201cIl Temporale\u201d e del Festival internazionale di Musica da Camera, Castello di Bentivoglio. Al Laboratorio di [&hellip;]","og_url":"https:\/\/www.iltemporale.it\/it\/orchestra-sinfonica-giovanile\/","article_publisher":"https:\/\/www.facebook.com\/pages\/category\/Nonprofit-Organization\/ASSOCIAZIONE-CULTURALE-IL-TEMPORALE-140967012635154\/","article_modified_time":"2020-08-25T14:58:12+00:00","og_image":[{"url":"http:\/\/www.iltemporale.it\/it\/wp-content\/uploads\/2018\/01\/orchestra-300x200.jpg","type":"","width":"","height":""}],"twitter_card":"summary_large_image","twitter_misc":{"Tempo di lettura stimato":"1 minuto"},"schema":{"@context":"https:\/\/schema.org","@graph":[{"@type":"WebPage","@id":"https:\/\/www.iltemporale.it\/it\/orchestra-sinfonica-giovanile\/","url":"https:\/\/www.iltemporale.it\/it\/orchestra-sinfonica-giovanile\/","name":"Orchestra Giovanile Ben.Ti.Voglio -","isPartOf":{"@id":"https:\/\/www.iltemporale.it\/it\/#website"},"primaryImageOfPage":{"@id":"https:\/\/www.iltemporale.it\/it\/orchestra-sinfonica-giovanile\/#primaryimage"},"image":{"@id":"https:\/\/www.iltemporale.it\/it\/orchestra-sinfonica-giovanile\/#primaryimage"},"thumbnailUrl":"http:\/\/www.iltemporale.it\/it\/wp-content\/uploads\/2018\/01\/orchestra-300x200.jpg","datePublished":"2015-06-01T17:22:38+00:00","dateModified":"2020-08-25T14:58:12+00:00","breadcrumb":{"@id":"https:\/\/www.iltemporale.it\/it\/orchestra-sinfonica-giovanile\/#breadcrumb"},"inLanguage":"it-IT","potentialAction":[{"@type":"ReadAction","target":["https:\/\/www.iltemporale.it\/it\/orchestra-sinfonica-giovanile\/"]}]},{"@type":"ImageObject","inLanguage":"it-IT","@id":"https:\/\/www.iltemporale.it\/it\/orchestra-sinfonica-giovanile\/#primaryimage","url":"https:\/\/www.iltemporale.it\/it\/wp-content\/uploads\/2018\/01\/orchestra.jpg","contentUrl":"https:\/\/www.iltemporale.it\/it\/wp-content\/uploads\/2018\/01\/orchestra.jpg","width":2048,"height":1365},{"@type":"BreadcrumbList","@id":"https:\/\/www.iltemporale.it\/it\/orchestra-sinfonica-giovanile\/#breadcrumb","itemListElement":[{"@type":"ListItem","position":1,"name":"Home","item":"https:\/\/www.iltemporale.it\/it\/"},{"@type":"ListItem","position":2,"name":"Orchestra Giovanile Ben.Ti.Voglio"}]},{"@type":"WebSite","@id":"https:\/\/www.iltemporale.it\/it\/#website","url":"https:\/\/www.iltemporale.it\/it\/","name":"Il Temporale Associazione Culturale","description":"","publisher":{"@id":"https:\/\/www.iltemporale.it\/it\/#organization"},"potentialAction":[{"@type":"SearchAction","target":{"@type":"EntryPoint","urlTemplate":"https:\/\/www.iltemporale.it\/it\/?s={search_term_string}"},"query-input":{"@type":"PropertyValueSpecification","valueRequired":true,"valueName":"search_term_string"}}],"inLanguage":"it-IT"},{"@type":"Organization","@id":"https:\/\/www.iltemporale.it\/it\/#organization","name":"ASSOCIAZIONE CULTURALE IL TEMPORALE APS","url":"https:\/\/www.iltemporale.it\/it\/","logo":{"@type":"ImageObject","inLanguage":"it-IT","@id":"https:\/\/www.iltemporale.it\/it\/#\/schema\/logo\/image\/","url":"https:\/\/www.iltemporale.it\/it\/wp-content\/uploads\/2025\/11\/cropped-cropped-Logo-IL-TEMPORALE-1.jpg","contentUrl":"https:\/\/www.iltemporale.it\/it\/wp-content\/uploads\/2025\/11\/cropped-cropped-Logo-IL-TEMPORALE-1.jpg","width":2174,"height":1093,"caption":"ASSOCIAZIONE CULTURALE IL TEMPORALE APS"},"image":{"@id":"https:\/\/www.iltemporale.it\/it\/#\/schema\/logo\/image\/"},"sameAs":["https:\/\/www.facebook.com\/pages\/category\/Nonprofit-Organization\/ASSOCIAZIONE-CULTURALE-IL-TEMPORALE-140967012635154\/","https:\/\/www.instagram.com\/iltemporaleaps\/","https:\/\/www.youtube.com\/@scuoladimusicailtemporale7327"]}]}},"_links":{"self":[{"href":"https:\/\/www.iltemporale.it\/it\/wp-json\/wp\/v2\/pages\/1453","targetHints":{"allow":["GET"]}}],"collection":[{"href":"https:\/\/www.iltemporale.it\/it\/wp-json\/wp\/v2\/pages"}],"about":[{"href":"https:\/\/www.iltemporale.it\/it\/wp-json\/wp\/v2\/types\/page"}],"author":[{"embeddable":true,"href":"https:\/\/www.iltemporale.it\/it\/wp-json\/wp\/v2\/users\/1"}],"replies":[{"embeddable":true,"href":"https:\/\/www.iltemporale.it\/it\/wp-json\/wp\/v2\/comments?post=1453"}],"version-history":[{"count":11,"href":"https:\/\/www.iltemporale.it\/it\/wp-json\/wp\/v2\/pages\/1453\/revisions"}],"predecessor-version":[{"id":3414,"href":"https:\/\/www.iltemporale.it\/it\/wp-json\/wp\/v2\/pages\/1453\/revisions\/3414"}],"wp:attachment":[{"href":"https:\/\/www.iltemporale.it\/it\/wp-json\/wp\/v2\/media?parent=1453"}],"curies":[{"name":"wp","href":"https:\/\/api.w.org\/{rel}","templated":true}]}}