{"id":1446,"date":"2015-06-01T18:17:45","date_gmt":"2015-06-01T17:17:45","guid":{"rendered":"http:\/\/www.iltemporale.it\/it\/?page_id=1446"},"modified":"2025-12-05T20:22:59","modified_gmt":"2025-12-05T19:22:59","slug":"compagnia-di-teatro-giovanile","status":"publish","type":"page","link":"https:\/\/www.iltemporale.it\/it\/compagnia-di-teatro-giovanile\/","title":{"rendered":"COMPAGNIA DI TEATRO DEL TEMPORALE"},"content":{"rendered":"\n<figure class=\"wp-block-image aligncenter size-large is-resized\"><img loading=\"lazy\" decoding=\"async\" width=\"1024\" height=\"379\" src=\"http:\/\/www.iltemporale.it\/it\/wp-content\/uploads\/2020\/10\/Compagnia-di-teatro-il-temporale-1024x379.jpg\" alt=\"Compagnia di teatro il temporale\" class=\"wp-image-3717\" style=\"aspect-ratio:2.701917130488559;width:1200px;height:auto\" srcset=\"https:\/\/www.iltemporale.it\/it\/wp-content\/uploads\/2020\/10\/Compagnia-di-teatro-il-temporale-1024x379.jpg 1024w, https:\/\/www.iltemporale.it\/it\/wp-content\/uploads\/2020\/10\/Compagnia-di-teatro-il-temporale-300x111.jpg 300w, https:\/\/www.iltemporale.it\/it\/wp-content\/uploads\/2020\/10\/Compagnia-di-teatro-il-temporale-768x284.jpg 768w, https:\/\/www.iltemporale.it\/it\/wp-content\/uploads\/2020\/10\/Compagnia-di-teatro-il-temporale-500x185.jpg 500w, https:\/\/www.iltemporale.it\/it\/wp-content\/uploads\/2020\/10\/Compagnia-di-teatro-il-temporale.jpg 1358w\" sizes=\"auto, (max-width: 1024px) 100vw, 1024px\" \/><\/figure>\n\n\n\n<div style=\"height:63px\" aria-hidden=\"true\" class=\"wp-block-spacer\"><\/div>\n\n\n\n<h5 class=\"wp-block-heading\">Nata nel 2012, la compagnia di teatro dell&#8217;associazione &#8220;Il temporale&#8221; \u00e8 formata da una decina di persone animate da grande passione per il teatro, seguiti ogni anno da un professionista che cura la loro crescita nei vari aspetti della recitazione e l&#8217;allestimento dello spettacolo. <\/h5>\n\n\n<p><span style=\"font-family: arial, helvetica, sans-serif;\"><strong>La Compagnia Teatrale Il Temporale \u00e8 aperta a chiunque voglia<\/strong>, con seriet\u00e0, affrontare un percorso di sviluppo delle proprie attitudini di recitazione, senza escludere gli altri aspetti del mondo teatrale (scenografia, tecnica, allestimento&#8230;).<\/span><\/p>\n<h4><span style=\"color: #ff6600;\">COMPAGNIA TEATRALE IL TEMPORALE\u00a0 PER ADULTI<\/span><\/h4>\n<h5 dir=\"auto\"><strong>Dal 6 ottobre 2025 &#8211; dalle 21 alle 23.<\/strong><\/h5>\n<h5 dir=\"auto\"><em><strong>Ogni luned\u00ec sera, riprenderemo a lavorare per creare una nuova pagina di TEATRO, una nuova esperienza teatrale.<\/strong><\/em><\/h5>\n<p>Laboratorio pratico di TEATRO finalizzato ad una messa in scena finale inserita nella stagione teatrale del Temporale, stagione di PROSA. Improvvisazione, recitazione, storie, personaggi, un copione finale inedito, produzione nuova.<\/p>\n<p><span style=\"font-family: arial, helvetica, sans-serif;\">Per informazioni: <strong>fabrizialotta@libero.it<\/strong><\/span><\/p>\n<p><span style=\"font-family: arial, helvetica, sans-serif;\">Il corso e la regia sono tenuti da <strong>Fabrizia Lotta<\/strong><\/span><\/p>\n\n\n<div style=\"height:63px\" aria-hidden=\"true\" class=\"wp-block-spacer\"><\/div>\n\n\n\n<figure class=\"wp-block-image aligncenter size-medium is-resized\"><a href=\"https:\/\/www.facebook.com\/temporaleteatro\"><img loading=\"lazy\" decoding=\"async\" width=\"300\" height=\"105\" src=\"http:\/\/www.iltemporale.it\/it\/wp-content\/uploads\/2020\/10\/Il-Temporale-Stagione-teatrale-300x105.png\" alt=\"Il Temporale - Stagione teatrale facebook\" class=\"wp-image-3718\" style=\"width:148px;height:52px\" srcset=\"https:\/\/www.iltemporale.it\/it\/wp-content\/uploads\/2020\/10\/Il-Temporale-Stagione-teatrale-300x105.png 300w, https:\/\/www.iltemporale.it\/it\/wp-content\/uploads\/2020\/10\/Il-Temporale-Stagione-teatrale-1024x358.png 1024w, https:\/\/www.iltemporale.it\/it\/wp-content\/uploads\/2020\/10\/Il-Temporale-Stagione-teatrale-768x268.png 768w, https:\/\/www.iltemporale.it\/it\/wp-content\/uploads\/2020\/10\/Il-Temporale-Stagione-teatrale-500x175.png 500w, https:\/\/www.iltemporale.it\/it\/wp-content\/uploads\/2020\/10\/Il-Temporale-Stagione-teatrale.png 1042w\" sizes=\"auto, (max-width: 300px) 100vw, 300px\" \/><\/a><\/figure>\n\n\n\n<div style=\"height:100px\" aria-hidden=\"true\" class=\"wp-block-spacer\"><\/div>\n\n\n\n<hr class=\"wp-block-separator has-css-opacity\"\/>\n\n\n\n<div style=\"height:20px\" aria-hidden=\"true\" class=\"wp-block-spacer\"><\/div>\n\n\n<p style=\"text-align: center;\"><span style=\"font-size: 12pt; font-family: arial, helvetica, sans-serif;\"><strong>Lo spettacolo del 2015<\/strong><\/span><\/p>\n<p style=\"text-align: center;\"><span style=\"font-size: 24pt; font-family: arial, helvetica, sans-serif;\">Fools<\/span><\/p>\n<p style=\"text-align: center;\"><span style=\"font-family: arial, helvetica, sans-serif;\"><span style=\"font-size: 12pt;\"><em>Liberamente tratto dalla commedia\u00a0<\/em><\/span><span style=\"font-size: 12pt;\"><em>di Neil Simon<\/em><\/span><\/span><\/p>\n<p><span style=\"font-family: arial, helvetica, sans-serif;\"><a href=\"http:\/\/www.iltemporale.it\/it\/wp-content\/uploads\/2015\/06\/Locandina7_A31.jpg\"><img loading=\"lazy\" decoding=\"async\" class=\" wp-image-1491 alignleft\" src=\"http:\/\/www.iltemporale.it\/it\/wp-content\/uploads\/2015\/06\/Locandina7_A31-212x300.jpg\" alt=\"Locandina7_A3\" width=\"181\" height=\"256\" srcset=\"https:\/\/www.iltemporale.it\/it\/wp-content\/uploads\/2015\/06\/Locandina7_A31-212x300.jpg 212w, https:\/\/www.iltemporale.it\/it\/wp-content\/uploads\/2015\/06\/Locandina7_A31-724x1024.jpg 724w, https:\/\/www.iltemporale.it\/it\/wp-content\/uploads\/2015\/06\/Locandina7_A31.jpg 1169w\" sizes=\"auto, (max-width: 181px) 100vw, 181px\" \/><\/a><strong>Regia: Manuela Rorro<\/strong><\/span><\/p>\n<p><span class=\"fsl\" style=\"font-family: arial, helvetica, sans-serif;\">&#8220;1890. Da duecento anni il villaggio ucraino di Kulyenchikev \u00e8 soggetto a una maledizione: finch\u00e9 uno Yousekevich non sposer\u00e0 una Zubritsky, tutti gli abitanti del villaggio nasceranno e moriranno nell\u2019ignoranza. Tale maledizione prevede che ogni abitante del villaggio debba soffrire di una forma senza via di scampo e molto acuta di stupidit\u00e0 totale. Qui per\u00f2 non di idiozia si parla, ma di \u201cstupidit\u00e0 intelligente\u201d.<br \/><\/span><\/p>\n<p><span style=\"font-family: arial, helvetica, sans-serif;\">Un\u2019esilarante commedia che mette in luce fino a dove pu\u00f2 arrivare la stupidit\u00e0 di tutti gli uomini.<\/span><\/p>\n<p style=\"text-align: center;\"><span style=\"font-size: 12pt; font-family: arial, helvetica, sans-serif;\"><strong>Lo spettacolo del 2014<\/strong><\/span><\/p>\n<p style=\"text-align: center;\"><span style=\"font-size: 18pt; font-family: arial, helvetica, sans-serif;\"><span style=\"font-size: 24pt;\">Fuori dal labirinto<\/span><br \/><\/span><\/p>\n<p style=\"text-align: center;\"><span style=\"font-size: 14pt; font-family: arial, helvetica, sans-serif;\"><em><span style=\"font-size: 12pt;\">di Fabio Vicari<\/span><br \/><\/em><\/span><\/p>\n<p><span style=\"font-family: arial, helvetica, sans-serif;\"><a href=\"http:\/\/www.iltemporale.it\/it\/wp-content\/uploads\/2015\/06\/LocandinaFuoriLabirinto2.jpg\"><img loading=\"lazy\" decoding=\"async\" class=\" wp-image-1534 alignleft\" src=\"http:\/\/www.iltemporale.it\/it\/wp-content\/uploads\/2015\/06\/LocandinaFuoriLabirinto2-189x300.jpg\" alt=\"LocandinaFuoriLabirinto2\" width=\"156\" height=\"247\" srcset=\"https:\/\/www.iltemporale.it\/it\/wp-content\/uploads\/2015\/06\/LocandinaFuoriLabirinto2-189x300.jpg 189w, https:\/\/www.iltemporale.it\/it\/wp-content\/uploads\/2015\/06\/LocandinaFuoriLabirinto2-646x1024.jpg 646w, https:\/\/www.iltemporale.it\/it\/wp-content\/uploads\/2015\/06\/LocandinaFuoriLabirinto2.jpg 1137w\" sizes=\"auto, (max-width: 156px) 100vw, 156px\" \/><\/a><strong>Regia: Valeria Gallio<\/strong><\/span><\/p>\n<p><span style=\"font-family: arial, helvetica, sans-serif;\">La storia di Senza Nome, che nel tentativo di ritrovare la memoria perduta, ripercorre la sua vita attraverso i ricordi dell\u2019amata e dell\u2019amico, si fonde con quella degli altri protagonisti, personaggi del passato e del presente, e incanta lo spettatore tra passato e presente, tra amore e guerra, tra il ricordo e la realt\u00e0.<\/span><\/p>\n<p style=\"text-align: center;\"><span style=\"font-size: 12pt; font-family: arial, helvetica, sans-serif;\"><strong>Lo spettacolo del 2013<\/strong><\/span><\/p>\n<p style=\"text-align: center;\"><span style=\"font-size: 18pt; font-family: arial, helvetica, sans-serif;\"><span style=\"font-size: 24pt;\">Dracula<\/span><br \/><\/span><\/p>\n<p style=\"text-align: center;\"><span style=\"font-family: arial, helvetica, sans-serif;\"><span style=\"font-size: 12pt;\"><em>Tratto dal romanzo Dracula\u00a0<\/em><\/span><span style=\"font-size: 14pt;\"><em><span style=\"font-size: 12pt;\">di Bram Stoker<\/span><\/em><\/span><\/span><\/p>\n<p><span style=\"font-family: arial, helvetica, sans-serif;\"><a href=\"http:\/\/www.iltemporale.it\/it\/wp-content\/uploads\/2015\/06\/Dracula-locandina.jpg\"><img loading=\"lazy\" decoding=\"async\" class=\" wp-image-1537 alignleft\" src=\"http:\/\/www.iltemporale.it\/it\/wp-content\/uploads\/2015\/06\/Dracula-locandina-209x300.jpg\" alt=\"Dracula locandina\" width=\"199\" height=\"285\" srcset=\"https:\/\/www.iltemporale.it\/it\/wp-content\/uploads\/2015\/06\/Dracula-locandina-209x300.jpg 209w, https:\/\/www.iltemporale.it\/it\/wp-content\/uploads\/2015\/06\/Dracula-locandina.jpg 640w\" sizes=\"auto, (max-width: 199px) 100vw, 199px\" \/><\/a><strong>regia: Sara Nanni<\/strong><\/span><\/p>\n<p><span style=\"font-family: arial, helvetica, sans-serif;\">Partendo dalla lettura del romanzo, i giovani della Compagnia &#8220;I Talenti Sprecati&#8221;, all&#8217;epoca &#8220;I 7 Peccati&#8221;, sotto la guida della regista, compongono la sceneggiatura di &#8216;Dracula&#8217;.<\/span><\/p>\n<p><span style=\"font-family: arial, helvetica, sans-serif;\">&#8216;Jonathan Harker, per motivi di lavoro, si ritrova ospite del Conte Dracula nel suo castello in Transilvania. Jonathan si accorge che c&#8217;\u00e8 qualcosa di strano in lui, capace di mettergli i brividi. In parallelo, Mina, la sua fidanzata, \u00e8 preoccupata per la sua amica Lucy per via dei suoi strani comportamenti e la sua salute stranamente cagionevole. Presto le loro storie si intrecceranno e una macabra avventura avr\u00e0 inizio.&#8217;<\/span><\/p>","protected":false},"excerpt":{"rendered":"<p>Nata nel 2012, la compagnia di teatro dell&#8217;associazione &#8220;Il temporale&#8221; \u00e8 formata da una decina di persone animate da grande passione per il teatro, seguiti ogni anno da un professionista [&hellip;]<\/p>\n","protected":false},"author":1,"featured_media":0,"parent":0,"menu_order":0,"comment_status":"closed","ping_status":"closed","template":"","meta":{"site-sidebar-layout":"default","site-content-layout":"","ast-site-content-layout":"default","site-content-style":"default","site-sidebar-style":"default","ast-global-header-display":"","ast-banner-title-visibility":"","ast-main-header-display":"","ast-hfb-above-header-display":"","ast-hfb-below-header-display":"","ast-hfb-mobile-header-display":"","site-post-title":"","ast-breadcrumbs-content":"","ast-featured-img":"","footer-sml-layout":"","ast-disable-related-posts":"","theme-transparent-header-meta":"","adv-header-id-meta":"","stick-header-meta":"","header-above-stick-meta":"","header-main-stick-meta":"","header-below-stick-meta":"","astra-migrate-meta-layouts":"default","ast-page-background-enabled":"default","ast-page-background-meta":{"desktop":{"background-color":"var(--ast-global-color-5)","background-image":"","background-repeat":"repeat","background-position":"center center","background-size":"auto","background-attachment":"scroll","background-type":"","background-media":"","overlay-type":"","overlay-color":"","overlay-opacity":"","overlay-gradient":""},"tablet":{"background-color":"","background-image":"","background-repeat":"repeat","background-position":"center center","background-size":"auto","background-attachment":"scroll","background-type":"","background-media":"","overlay-type":"","overlay-color":"","overlay-opacity":"","overlay-gradient":""},"mobile":{"background-color":"","background-image":"","background-repeat":"repeat","background-position":"center center","background-size":"auto","background-attachment":"scroll","background-type":"","background-media":"","overlay-type":"","overlay-color":"","overlay-opacity":"","overlay-gradient":""}},"ast-content-background-meta":{"desktop":{"background-color":"var(--ast-global-color-4)","background-image":"","background-repeat":"repeat","background-position":"center center","background-size":"auto","background-attachment":"scroll","background-type":"","background-media":"","overlay-type":"","overlay-color":"","overlay-opacity":"","overlay-gradient":""},"tablet":{"background-color":"var(--ast-global-color-4)","background-image":"","background-repeat":"repeat","background-position":"center center","background-size":"auto","background-attachment":"scroll","background-type":"","background-media":"","overlay-type":"","overlay-color":"","overlay-opacity":"","overlay-gradient":""},"mobile":{"background-color":"var(--ast-global-color-4)","background-image":"","background-repeat":"repeat","background-position":"center center","background-size":"auto","background-attachment":"scroll","background-type":"","background-media":"","overlay-type":"","overlay-color":"","overlay-opacity":"","overlay-gradient":""}},"footnotes":""},"class_list":["post-1446","page","type-page","status-publish","hentry"],"yoast_head":"<!-- This site is optimized with the Yoast SEO plugin v27.3 - https:\/\/yoast.com\/product\/yoast-seo-wordpress\/ -->\r\n<title>COMPAGNIA DI TEATRO DEL TEMPORALE -<\/title>\r\n<meta name=\"description\" content=\"La Compagnia di Teatro Il Temporale \u00e8 aperta a chiunque voglia, affrontare un percorso di sviluppo delle proprie attitudini di recitazione...\" \/>\r\n<meta name=\"robots\" content=\"index, follow, max-snippet:-1, max-image-preview:large, max-video-preview:-1\" \/>\r\n<link rel=\"canonical\" href=\"https:\/\/www.iltemporale.it\/it\/compagnia-di-teatro-giovanile\/\" \/>\r\n<meta property=\"og:locale\" content=\"it_IT\" \/>\r\n<meta property=\"og:type\" content=\"article\" \/>\r\n<meta property=\"og:title\" content=\"COMPAGNIA DI TEATRO DEL TEMPORALE -\" \/>\r\n<meta property=\"og:description\" content=\"La Compagnia di Teatro Il Temporale \u00e8 aperta a chiunque voglia, affrontare un percorso di sviluppo delle proprie attitudini di recitazione...\" \/>\r\n<meta property=\"og:url\" content=\"https:\/\/www.iltemporale.it\/it\/compagnia-di-teatro-giovanile\/\" \/>\r\n<meta property=\"article:publisher\" content=\"https:\/\/www.facebook.com\/pages\/category\/Nonprofit-Organization\/ASSOCIAZIONE-CULTURALE-IL-TEMPORALE-140967012635154\/\" \/>\r\n<meta property=\"article:modified_time\" content=\"2025-12-05T19:22:59+00:00\" \/>\r\n<meta property=\"og:image\" content=\"https:\/\/www.iltemporale.it\/it\/wp-content\/uploads\/2020\/10\/Compagnia-di-teatro-il-temporale.jpg\" \/>\r\n\t<meta property=\"og:image:width\" content=\"1358\" \/>\r\n\t<meta property=\"og:image:height\" content=\"502\" \/>\r\n\t<meta property=\"og:image:type\" content=\"image\/jpeg\" \/>\r\n<meta name=\"twitter:card\" content=\"summary_large_image\" \/>\r\n<meta name=\"twitter:label1\" content=\"Tempo di lettura stimato\" \/>\n\t<meta name=\"twitter:data1\" content=\"4 minuti\" \/>\r\n<script type=\"application\/ld+json\" class=\"yoast-schema-graph\">{\"@context\":\"https:\\\/\\\/schema.org\",\"@graph\":[{\"@type\":\"WebPage\",\"@id\":\"https:\\\/\\\/www.iltemporale.it\\\/it\\\/compagnia-di-teatro-giovanile\\\/\",\"url\":\"https:\\\/\\\/www.iltemporale.it\\\/it\\\/compagnia-di-teatro-giovanile\\\/\",\"name\":\"COMPAGNIA DI TEATRO DEL TEMPORALE -\",\"isPartOf\":{\"@id\":\"https:\\\/\\\/www.iltemporale.it\\\/it\\\/#website\"},\"primaryImageOfPage\":{\"@id\":\"https:\\\/\\\/www.iltemporale.it\\\/it\\\/compagnia-di-teatro-giovanile\\\/#primaryimage\"},\"image\":{\"@id\":\"https:\\\/\\\/www.iltemporale.it\\\/it\\\/compagnia-di-teatro-giovanile\\\/#primaryimage\"},\"thumbnailUrl\":\"http:\\\/\\\/www.iltemporale.it\\\/it\\\/wp-content\\\/uploads\\\/2020\\\/10\\\/Compagnia-di-teatro-il-temporale-1024x379.jpg\",\"datePublished\":\"2015-06-01T17:17:45+00:00\",\"dateModified\":\"2025-12-05T19:22:59+00:00\",\"description\":\"La Compagnia di Teatro Il Temporale \u00e8 aperta a chiunque voglia, affrontare un percorso di sviluppo delle proprie attitudini di recitazione...\",\"breadcrumb\":{\"@id\":\"https:\\\/\\\/www.iltemporale.it\\\/it\\\/compagnia-di-teatro-giovanile\\\/#breadcrumb\"},\"inLanguage\":\"it-IT\",\"potentialAction\":[{\"@type\":\"ReadAction\",\"target\":[\"https:\\\/\\\/www.iltemporale.it\\\/it\\\/compagnia-di-teatro-giovanile\\\/\"]}]},{\"@type\":\"ImageObject\",\"inLanguage\":\"it-IT\",\"@id\":\"https:\\\/\\\/www.iltemporale.it\\\/it\\\/compagnia-di-teatro-giovanile\\\/#primaryimage\",\"url\":\"https:\\\/\\\/www.iltemporale.it\\\/it\\\/wp-content\\\/uploads\\\/2020\\\/10\\\/Compagnia-di-teatro-il-temporale.jpg\",\"contentUrl\":\"https:\\\/\\\/www.iltemporale.it\\\/it\\\/wp-content\\\/uploads\\\/2020\\\/10\\\/Compagnia-di-teatro-il-temporale.jpg\",\"width\":1358,\"height\":502,\"caption\":\"Compagnia di teatro il temporale\"},{\"@type\":\"BreadcrumbList\",\"@id\":\"https:\\\/\\\/www.iltemporale.it\\\/it\\\/compagnia-di-teatro-giovanile\\\/#breadcrumb\",\"itemListElement\":[{\"@type\":\"ListItem\",\"position\":1,\"name\":\"Home\",\"item\":\"https:\\\/\\\/www.iltemporale.it\\\/it\\\/\"},{\"@type\":\"ListItem\",\"position\":2,\"name\":\"COMPAGNIA DI TEATRO DEL TEMPORALE\"}]},{\"@type\":\"WebSite\",\"@id\":\"https:\\\/\\\/www.iltemporale.it\\\/it\\\/#website\",\"url\":\"https:\\\/\\\/www.iltemporale.it\\\/it\\\/\",\"name\":\"Il Temporale Associazione Culturale\",\"description\":\"\",\"publisher\":{\"@id\":\"https:\\\/\\\/www.iltemporale.it\\\/it\\\/#organization\"},\"potentialAction\":[{\"@type\":\"SearchAction\",\"target\":{\"@type\":\"EntryPoint\",\"urlTemplate\":\"https:\\\/\\\/www.iltemporale.it\\\/it\\\/?s={search_term_string}\"},\"query-input\":{\"@type\":\"PropertyValueSpecification\",\"valueRequired\":true,\"valueName\":\"search_term_string\"}}],\"inLanguage\":\"it-IT\"},{\"@type\":\"Organization\",\"@id\":\"https:\\\/\\\/www.iltemporale.it\\\/it\\\/#organization\",\"name\":\"ASSOCIAZIONE CULTURALE IL TEMPORALE APS\",\"url\":\"https:\\\/\\\/www.iltemporale.it\\\/it\\\/\",\"logo\":{\"@type\":\"ImageObject\",\"inLanguage\":\"it-IT\",\"@id\":\"https:\\\/\\\/www.iltemporale.it\\\/it\\\/#\\\/schema\\\/logo\\\/image\\\/\",\"url\":\"https:\\\/\\\/www.iltemporale.it\\\/it\\\/wp-content\\\/uploads\\\/2025\\\/11\\\/cropped-cropped-Logo-IL-TEMPORALE-1.jpg\",\"contentUrl\":\"https:\\\/\\\/www.iltemporale.it\\\/it\\\/wp-content\\\/uploads\\\/2025\\\/11\\\/cropped-cropped-Logo-IL-TEMPORALE-1.jpg\",\"width\":2174,\"height\":1093,\"caption\":\"ASSOCIAZIONE CULTURALE IL TEMPORALE APS\"},\"image\":{\"@id\":\"https:\\\/\\\/www.iltemporale.it\\\/it\\\/#\\\/schema\\\/logo\\\/image\\\/\"},\"sameAs\":[\"https:\\\/\\\/www.facebook.com\\\/pages\\\/category\\\/Nonprofit-Organization\\\/ASSOCIAZIONE-CULTURALE-IL-TEMPORALE-140967012635154\\\/\",\"https:\\\/\\\/www.instagram.com\\\/iltemporaleaps\\\/\",\"https:\\\/\\\/www.youtube.com\\\/@scuoladimusicailtemporale7327\"]}]}<\/script>\r\n<!-- \/ Yoast SEO plugin. -->","yoast_head_json":{"title":"COMPAGNIA DI TEATRO DEL TEMPORALE -","description":"La Compagnia di Teatro Il Temporale \u00e8 aperta a chiunque voglia, affrontare un percorso di sviluppo delle proprie attitudini di recitazione...","robots":{"index":"index","follow":"follow","max-snippet":"max-snippet:-1","max-image-preview":"max-image-preview:large","max-video-preview":"max-video-preview:-1"},"canonical":"https:\/\/www.iltemporale.it\/it\/compagnia-di-teatro-giovanile\/","og_locale":"it_IT","og_type":"article","og_title":"COMPAGNIA DI TEATRO DEL TEMPORALE -","og_description":"La Compagnia di Teatro Il Temporale \u00e8 aperta a chiunque voglia, affrontare un percorso di sviluppo delle proprie attitudini di recitazione...","og_url":"https:\/\/www.iltemporale.it\/it\/compagnia-di-teatro-giovanile\/","article_publisher":"https:\/\/www.facebook.com\/pages\/category\/Nonprofit-Organization\/ASSOCIAZIONE-CULTURALE-IL-TEMPORALE-140967012635154\/","article_modified_time":"2025-12-05T19:22:59+00:00","og_image":[{"width":1358,"height":502,"url":"https:\/\/www.iltemporale.it\/it\/wp-content\/uploads\/2020\/10\/Compagnia-di-teatro-il-temporale.jpg","type":"image\/jpeg"}],"twitter_card":"summary_large_image","twitter_misc":{"Tempo di lettura stimato":"4 minuti"},"schema":{"@context":"https:\/\/schema.org","@graph":[{"@type":"WebPage","@id":"https:\/\/www.iltemporale.it\/it\/compagnia-di-teatro-giovanile\/","url":"https:\/\/www.iltemporale.it\/it\/compagnia-di-teatro-giovanile\/","name":"COMPAGNIA DI TEATRO DEL TEMPORALE -","isPartOf":{"@id":"https:\/\/www.iltemporale.it\/it\/#website"},"primaryImageOfPage":{"@id":"https:\/\/www.iltemporale.it\/it\/compagnia-di-teatro-giovanile\/#primaryimage"},"image":{"@id":"https:\/\/www.iltemporale.it\/it\/compagnia-di-teatro-giovanile\/#primaryimage"},"thumbnailUrl":"http:\/\/www.iltemporale.it\/it\/wp-content\/uploads\/2020\/10\/Compagnia-di-teatro-il-temporale-1024x379.jpg","datePublished":"2015-06-01T17:17:45+00:00","dateModified":"2025-12-05T19:22:59+00:00","description":"La Compagnia di Teatro Il Temporale \u00e8 aperta a chiunque voglia, affrontare un percorso di sviluppo delle proprie attitudini di recitazione...","breadcrumb":{"@id":"https:\/\/www.iltemporale.it\/it\/compagnia-di-teatro-giovanile\/#breadcrumb"},"inLanguage":"it-IT","potentialAction":[{"@type":"ReadAction","target":["https:\/\/www.iltemporale.it\/it\/compagnia-di-teatro-giovanile\/"]}]},{"@type":"ImageObject","inLanguage":"it-IT","@id":"https:\/\/www.iltemporale.it\/it\/compagnia-di-teatro-giovanile\/#primaryimage","url":"https:\/\/www.iltemporale.it\/it\/wp-content\/uploads\/2020\/10\/Compagnia-di-teatro-il-temporale.jpg","contentUrl":"https:\/\/www.iltemporale.it\/it\/wp-content\/uploads\/2020\/10\/Compagnia-di-teatro-il-temporale.jpg","width":1358,"height":502,"caption":"Compagnia di teatro il temporale"},{"@type":"BreadcrumbList","@id":"https:\/\/www.iltemporale.it\/it\/compagnia-di-teatro-giovanile\/#breadcrumb","itemListElement":[{"@type":"ListItem","position":1,"name":"Home","item":"https:\/\/www.iltemporale.it\/it\/"},{"@type":"ListItem","position":2,"name":"COMPAGNIA DI TEATRO DEL TEMPORALE"}]},{"@type":"WebSite","@id":"https:\/\/www.iltemporale.it\/it\/#website","url":"https:\/\/www.iltemporale.it\/it\/","name":"Il Temporale Associazione Culturale","description":"","publisher":{"@id":"https:\/\/www.iltemporale.it\/it\/#organization"},"potentialAction":[{"@type":"SearchAction","target":{"@type":"EntryPoint","urlTemplate":"https:\/\/www.iltemporale.it\/it\/?s={search_term_string}"},"query-input":{"@type":"PropertyValueSpecification","valueRequired":true,"valueName":"search_term_string"}}],"inLanguage":"it-IT"},{"@type":"Organization","@id":"https:\/\/www.iltemporale.it\/it\/#organization","name":"ASSOCIAZIONE CULTURALE IL TEMPORALE APS","url":"https:\/\/www.iltemporale.it\/it\/","logo":{"@type":"ImageObject","inLanguage":"it-IT","@id":"https:\/\/www.iltemporale.it\/it\/#\/schema\/logo\/image\/","url":"https:\/\/www.iltemporale.it\/it\/wp-content\/uploads\/2025\/11\/cropped-cropped-Logo-IL-TEMPORALE-1.jpg","contentUrl":"https:\/\/www.iltemporale.it\/it\/wp-content\/uploads\/2025\/11\/cropped-cropped-Logo-IL-TEMPORALE-1.jpg","width":2174,"height":1093,"caption":"ASSOCIAZIONE CULTURALE IL TEMPORALE APS"},"image":{"@id":"https:\/\/www.iltemporale.it\/it\/#\/schema\/logo\/image\/"},"sameAs":["https:\/\/www.facebook.com\/pages\/category\/Nonprofit-Organization\/ASSOCIAZIONE-CULTURALE-IL-TEMPORALE-140967012635154\/","https:\/\/www.instagram.com\/iltemporaleaps\/","https:\/\/www.youtube.com\/@scuoladimusicailtemporale7327"]}]}},"_links":{"self":[{"href":"https:\/\/www.iltemporale.it\/it\/wp-json\/wp\/v2\/pages\/1446","targetHints":{"allow":["GET"]}}],"collection":[{"href":"https:\/\/www.iltemporale.it\/it\/wp-json\/wp\/v2\/pages"}],"about":[{"href":"https:\/\/www.iltemporale.it\/it\/wp-json\/wp\/v2\/types\/page"}],"author":[{"embeddable":true,"href":"https:\/\/www.iltemporale.it\/it\/wp-json\/wp\/v2\/users\/1"}],"replies":[{"embeddable":true,"href":"https:\/\/www.iltemporale.it\/it\/wp-json\/wp\/v2\/comments?post=1446"}],"version-history":[{"count":23,"href":"https:\/\/www.iltemporale.it\/it\/wp-json\/wp\/v2\/pages\/1446\/revisions"}],"predecessor-version":[{"id":7578,"href":"https:\/\/www.iltemporale.it\/it\/wp-json\/wp\/v2\/pages\/1446\/revisions\/7578"}],"wp:attachment":[{"href":"https:\/\/www.iltemporale.it\/it\/wp-json\/wp\/v2\/media?parent=1446"}],"curies":[{"name":"wp","href":"https:\/\/api.w.org\/{rel}","templated":true}]}}